{"id":3605,"date":"2021-11-14T12:11:32","date_gmt":"2021-11-14T12:11:32","guid":{"rendered":"https:\/\/yenis.hicoders.ch\/?page_id=3605"},"modified":"2025-06-24T14:10:03","modified_gmt":"2025-06-24T14:10:03","slug":"it-for-girls","status":"publish","type":"page","link":"https:\/\/hicoders.ch\/de\/it-for-girls\/","title":{"rendered":"IT for Girls"},"content":{"rendered":"<section id=\"bt_bb_section69e5fd9d0b177\"  class=\"bt_bb_section bt_bb_layout_boxed_1200 bt_bb_vertical_align_top bt_bb_background_image bt_bb_top_spacing_medium bt_bb_bottom_spacing_medium\" style=\"background-image:url(&#039;https:\/\/hicoders.ch\/wp-content\/uploads\/2022\/06\/yellow_top_wave_01.png&#039;);\" data-bt-override-class=\"null\"><div class=\"bt_bb_port\"><div class=\"bt_bb_cell\"><div class=\"bt_bb_cell_inner\"><div class=\"bt_bb_row_wrapper\"><div  class=\"bt_bb_row bt_bb_shape_inherit\"  data-bt-override-class=\"{}\"><div  class=\"bt_bb_column col-xxl-12 col-xl-12 col-xs-12 col-sm-12 col-md-12 col-lg-12 bt_bb_vertical_align_middle bt_bb_align_left bt_bb_padding_normal bt_bb_animation_fade_in bt_bb_animation_move_right animate\"  data-width=\"12\" data-bt-override-class=\"{}\"><div class=\"bt_bb_column_content\"><div class=\"bt_bb_column_content_inner\"><div class=\"bt_bb_separator bt_bb_border_style_none bt_bb_bottom_spacing_medium\" data-bt-override-class=\"null\"><\/div><div class=\"bt_bb_separator bt_bb_border_style_none bt_bb_bottom_spacing_medium\" data-bt-override-class=\"null\"><\/div><header class=\"bt_bb_headline bt_bb_color_scheme_5 bt_bb_dash_none bt_bb_subheadline bt_bb_size_extralarge bt_bb_align_inherit\" style=\"; --primary-color:#191919; --secondary-color:#e9182b;\" data-bt-override-class=\"{&quot;bt_bb_align_&quot;:{&quot;current_class&quot;:&quot;bt_bb_align_inherit&quot;,&quot;xxl&quot;:&quot;inherit&quot;,&quot;xl&quot;:&quot;inherit&quot;}}\"><h2 class=\"bt_bb_headline_tag\"><span class=\"bt_bb_headline_content\"><span>IT for Girls<\/span><\/span><\/h2><div class=\"bt_bb_headline_subheadline\">IT-Workshops f\u00fcr M\u00e4dchen und junge Frauen<\/div><\/header><div class=\"bt_bb_separator bt_bb_border_style_none bt_bb_bottom_spacing_small\" data-bt-override-class=\"null\"><\/div><\/div><\/div><\/div><\/div><\/div><\/div><\/div><\/div><\/section><section id=\"bt_bb_section69e5fd9d0b8c5\"  class=\"bt_bb_section bt_bb_layout_boxed_1200 bt_bb_vertical_align_top bt_bb_top_spacing_medium bt_bb_bottom_spacing_medium\"  data-bt-override-class=\"null\"><div class=\"bt_bb_port\"><div class=\"bt_bb_cell\"><div class=\"bt_bb_cell_inner\"><div class=\"bt_bb_row_wrapper\"><div  class=\"bt_bb_row bt_bb_shape_inherit\"  data-bt-override-class=\"{}\"><div  class=\"bt_bb_column col-xxl-6 col-xl-6 bt_bb_vertical_align_middle bt_bb_align_left bt_bb_padding_normal bt_bb_animation_fade_in bt_bb_animation_move_right animate\"  data-width=\"6\" data-bt-override-class=\"{}\"><div class=\"bt_bb_column_content\"><div class=\"bt_bb_column_content_inner\"><div  class=\"bt_bb_text\" ><p style=\"text-align: left\">Gem\u00e4ss Angaben der schweizerischen Arbeitskr\u00e4fteerhebung (SAKE) liegt der Frauenanteil im ICT-Bereich bei etwa 15 Prozent. Das heisst, dass einer der wichtigsten Branchen der Zukunft aktuell von M\u00e4nnern dominiert wird. Dies birgt sowohl wirtschaftliche als auch gesellschaftliche Gefahren. Dem will HiCoders entgegenwirken und setzt daf\u00fcr auf Fr\u00fchf\u00f6rderung. Schon im jungen Alter sollten M\u00e4dchen f\u00fcr die sogenannten MINT-F\u00e4cher (Mathematik, Informatik, Naturwissenschaft, Technik) begeistert werden.<\/p>\n<\/div><\/div><\/div><\/div><div  class=\"bt_bb_column col-xxl-6 col-xl-6 bt_bb_vertical_align_middle bt_bb_align_left bt_bb_padding_normal bt_bb_animation_fade_in animate bt_bb_shape_inherit\" style=\"position: relative;\" data-width=\"6\" data-bt-override-class=\"{}\"><div class=\"bt_bb_column_content\"><div class=\"bt_bb_column_content_inner\"><\/div><\/div><\/div><\/div><\/div><\/div><\/div><\/div><\/section><section id=\"bt_bb_section69e5fd9d0c150\"  class=\"bt_bb_section bt_bb_layout_boxed_1200 bt_bb_vertical_align_top bt_bb_top_spacing_medium bt_bb_bottom_spacing_medium\"  data-bt-override-class=\"null\"><div class=\"bt_bb_port\"><div class=\"bt_bb_cell\"><div class=\"bt_bb_cell_inner\"><div class=\"bt_bb_row_wrapper\"><div  class=\"bt_bb_row bt_bb_shape_inherit\"  data-bt-override-class=\"{}\"><div  class=\"bt_bb_column col-xxl-6 col-xl-6 bt_bb_vertical_align_middle bt_bb_align_left bt_bb_padding_normal bt_bb_animation_fade_in bt_bb_animation_move_right animate\"  data-width=\"6\" data-bt-override-class=\"{}\"><div class=\"bt_bb_column_content\"><div class=\"bt_bb_column_content_inner\"><header class=\"bt_bb_headline bt_bb_color_scheme_5 bt_bb_dash_none bt_bb_size_large bt_bb_align_inherit\" style=\"; --primary-color:#191919; --secondary-color:#e9182b;\" data-bt-override-class=\"{&quot;bt_bb_align_&quot;:{&quot;current_class&quot;:&quot;bt_bb_align_inherit&quot;,&quot;xxl&quot;:&quot;inherit&quot;,&quot;xl&quot;:&quot;inherit&quot;}}\"><h3 class=\"bt_bb_headline_tag\"><span class=\"bt_bb_headline_content\"><span>Erfahrungen mit neuen Technologien sammeln<\/span><\/span><\/h3><\/header><div class=\"bt_bb_separator bt_bb_border_style_none bt_bb_bottom_spacing_small\" data-bt-override-class=\"null\"><\/div><div class=\"bt_bb_separator bt_bb_border_style_none bt_bb_bottom_spacing_small\" data-bt-override-class=\"null\"><\/div><div  class=\"bt_bb_text\" ><p>Wir m\u00f6chten das Interesse von M\u00e4dchen und jungen Frauen mit Migrationshintergrund f\u00fcr Informations- und Kommunikationstechnologien wecken und dadurch einen Beitrag zur gendergerechten Digitalisierung in der Schweiz leisten. M\u00e4dchen und jungen Frauen soll das abstrahierte und analytische Denken bewusst vermittelt werden. Zudem lernen sie einen verantwortungsbewussten Umgang mit neuen Technologien und Medien. Teilnehmerinnen werden so bef\u00e4higt, mit den neuen\u00a0 Technologien umzugehen und sich neuen technischen Entwicklungen anzupassen.<\/p>\n<p>Teilnehmerinnen, die mindestens 70% der Pr\u00e4senzveranstaltungen besucht und die Abschluss-Pr\u00fcfung bestanden haben, erhalten ein Abschlusszertifikat.<\/p>\n<\/div><\/div><\/div><\/div><div  class=\"bt_bb_column col-xxl-6 col-xl-6 bt_bb_vertical_align_middle bt_bb_align_left bt_bb_padding_normal bt_bb_animation_fade_in animate bt_bb_shape_inherit\" style=\"position: relative;\" data-width=\"6\" data-bt-override-class=\"{}\"><div class=\"bt_bb_column_content\"><div class=\"bt_bb_column_content_inner\"><div class=\"bt_bb_image btHeroGirl bt_bb_shape_square bt_bb_align_inherit bt_bb_hover_style_simple bt_bb_content_display_always bt_bb_content_align_middle\" data-bt-override-class=\"null\"><span><img src = \"https:\/\/hicoders.ch\/wp-content\/plugins\/bold-page-builder\/img\/blank.gif\" data-image_src=\"https:\/\/hicoders.ch\/wp-content\/uploads\/2022\/03\/11-It-for-girls.png\" title=\"11- It for girls\" alt=\"https:\/\/hicoders.ch\/wp-content\/uploads\/2022\/03\/11-It-for-girls.png\" class=\"btLazyLoadImage\"><\/span><\/div><\/div><\/div><\/div><\/div><\/div><\/div><\/div><\/div><\/section><section id=\"bt_bb_section69e5fd9d0cc76\"  class=\"bt_bb_section bt_bb_layout_boxed_1200 bt_bb_vertical_align_top bt_bb_top_spacing_medium bt_bb_bottom_spacing_medium\"  data-bt-override-class=\"null\"><div class=\"bt_bb_port\"><div class=\"bt_bb_cell\"><div class=\"bt_bb_cell_inner\"><div class=\"bt_bb_row_wrapper\"><div  class=\"bt_bb_row bt_bb_shape_inherit\"  data-bt-override-class=\"{}\"><div  class=\"bt_bb_column col-xxl-6 col-xl-6 bt_bb_vertical_align_middle bt_bb_align_left bt_bb_padding_normal bt_bb_animation_fade_in animate bt_bb_shape_inherit\" style=\"position: relative;\" data-width=\"6\" data-bt-override-class=\"{}\"><div class=\"bt_bb_column_content\"><div class=\"bt_bb_column_content_inner\"><div class=\"bt_bb_image btHeroGirl bt_bb_shape_square bt_bb_align_inherit bt_bb_hover_style_simple bt_bb_content_display_always bt_bb_content_align_middle\" data-bt-override-class=\"null\"><span><img src = \"https:\/\/hicoders.ch\/wp-content\/plugins\/bold-page-builder\/img\/blank.gif\" data-image_src=\"https:\/\/hicoders.ch\/wp-content\/uploads\/2022\/03\/22-Zielgruppe.png\" title=\"22- Zielgruppe\" alt=\"https:\/\/hicoders.ch\/wp-content\/uploads\/2022\/03\/22-Zielgruppe.png\" class=\"btLazyLoadImage\"><\/span><\/div><\/div><\/div><\/div><div  class=\"bt_bb_column col-xxl-6 col-xl-6 bt_bb_vertical_align_middle bt_bb_align_left bt_bb_padding_normal bt_bb_animation_fade_in bt_bb_animation_move_right animate\"  data-width=\"6\" data-bt-override-class=\"{}\"><div class=\"bt_bb_column_content\"><div class=\"bt_bb_column_content_inner\"><div class=\"bt_bb_separator bt_bb_border_style_none bt_bb_bottom_spacing_medium\" data-bt-override-class=\"null\"><\/div><header class=\"bt_bb_headline bt_bb_color_scheme_5 bt_bb_dash_none bt_bb_size_large bt_bb_align_inherit\" style=\"; --primary-color:#191919; --secondary-color:#e9182b;\" data-bt-override-class=\"{&quot;bt_bb_align_&quot;:{&quot;current_class&quot;:&quot;bt_bb_align_inherit&quot;,&quot;xxl&quot;:&quot;inherit&quot;,&quot;xl&quot;:&quot;inherit&quot;}}\"><h3 class=\"bt_bb_headline_tag\"><span class=\"bt_bb_headline_content\"><span>Zielgruppe<\/span><\/span><\/h3><\/header><div class=\"bt_bb_separator bt_bb_border_style_none bt_bb_bottom_spacing_small\" data-bt-override-class=\"null\"><\/div><div  class=\"bt_bb_text\" ><p>M\u00e4dchen und junge Frauen ab dem 11. Lebensjahr aus der ganzen Schweiz. Auf Nachfrage werden auch Knaben und junge M\u00e4nner zugelassen.<\/p>\n<\/div><header class=\"bt_bb_headline bt_bb_color_scheme_5 bt_bb_dash_none bt_bb_size_large bt_bb_align_inherit\" style=\"; --primary-color:#191919; --secondary-color:#e9182b;\" data-bt-override-class=\"{&quot;bt_bb_align_&quot;:{&quot;current_class&quot;:&quot;bt_bb_align_inherit&quot;,&quot;xxl&quot;:&quot;inherit&quot;,&quot;xl&quot;:&quot;inherit&quot;}}\"><h3 class=\"bt_bb_headline_tag\"><span class=\"bt_bb_headline_content\"><span>Lerninhalt<\/span><\/span><\/h3><\/header><div class=\"bt_bb_separator bt_bb_border_style_none bt_bb_bottom_spacing_small\" data-bt-override-class=\"null\"><\/div><div  class=\"bt_bb_text\" ><ul>\n<li>ICT und Digitalisierung<\/li>\n<li>Internet-\u00a0 und Medienkompetenz<\/li>\n<li>Analytisches Denken &amp; Programmieren<\/li>\n<li>Effiziente L\u00f6sungen finden<\/li>\n<li>Neue technische Fortschritte (3D-Drucker, Drohnen, Small Computers, Virtual Reality)<\/li>\n<\/ul>\n<\/div><\/div><\/div><\/div><\/div><\/div><\/div><\/div><\/div><\/section><section id=\"bt_bb_section69e5fd9d0d746\"  class=\"bt_bb_section bt_bb_layout_boxed_1200 bt_bb_vertical_align_top bt_bb_bottom_spacing_medium\"  data-bt-override-class=\"null\"><div class=\"bt_bb_port\"><div class=\"bt_bb_cell\"><div class=\"bt_bb_cell_inner\"><div class=\"bt_bb_row_wrapper\"><div  class=\"bt_bb_row bt_bb_shape_inherit\"  data-bt-override-class=\"{}\"><div  class=\"bt_bb_column col-xxl-4 col-xl-4 col-xs-12 col-sm-12 col-md-12 col-lg-4 bt_bb_vertical_align_top bt_bb_align_left bt_bb_padding_double bt_bb_animation_fade_in animate bt_bb_shape_inherit\"  data-width=\"4\" data-bt-override-class=\"{&quot;bt_bb_align_&quot;:{&quot;current_class&quot;:&quot;bt_bb_align_left&quot;,&quot;xxl&quot;:&quot;left&quot;,&quot;xl&quot;:&quot;left&quot;}}\"><div class=\"bt_bb_column_content\"><div class=\"bt_bb_column_content_inner\"><header class=\"bt_bb_headline bt_bb_color_scheme_5 bt_bb_dash_none bt_bb_size_large bt_bb_align_inherit\" style=\"; --primary-color:#191919; --secondary-color:#e9182b;\" data-bt-override-class=\"{&quot;bt_bb_align_&quot;:{&quot;current_class&quot;:&quot;bt_bb_align_inherit&quot;,&quot;xxl&quot;:&quot;inherit&quot;,&quot;xl&quot;:&quot;inherit&quot;}}\"><h3 class=\"bt_bb_headline_tag\"><span class=\"bt_bb_headline_content\"><span>Wann<\/span><\/span><\/h3><\/header><div class=\"bt_bb_separator bt_bb_border_style_none bt_bb_bottom_spacing_small\" data-bt-override-class=\"null\"><\/div><div  class=\"bt_bb_text\" ><p>Die Kurse finden in verschiedenen Kantonen und zu unterschiedlichen Terminen statt. Ausf\u00fchrliche Informationen erhalten Sie unter info@hicoders.ch.<\/p>\n<p>\u00a0<\/p>\n<\/div><div class=\"bt_bb_separator bt_bb_border_style_none bt_bb_bottom_spacing_medium\" data-bt-override-class=\"null\"><\/div><\/div><\/div><\/div><div  class=\"bt_bb_column col-xxl-4 col-xl-4 col-xs-12 col-sm-12 col-md-12 col-lg-4 bt_bb_vertical_align_top bt_bb_align_left bt_bb_padding_double bt_bb_animation_fade_in animate bt_bb_shape_inherit\"  data-width=\"4\" data-bt-override-class=\"{&quot;bt_bb_align_&quot;:{&quot;current_class&quot;:&quot;bt_bb_align_left&quot;,&quot;xxl&quot;:&quot;left&quot;,&quot;xl&quot;:&quot;left&quot;}}\"><div class=\"bt_bb_column_content\"><div class=\"bt_bb_column_content_inner\"><header class=\"bt_bb_headline bt_bb_color_scheme_5 bt_bb_dash_none bt_bb_size_large bt_bb_align_inherit\" style=\"; --primary-color:#191919; --secondary-color:#e9182b;\" data-bt-override-class=\"{&quot;bt_bb_align_&quot;:{&quot;current_class&quot;:&quot;bt_bb_align_inherit&quot;,&quot;xxl&quot;:&quot;inherit&quot;,&quot;xl&quot;:&quot;inherit&quot;}}\"><h3 class=\"bt_bb_headline_tag\"><span class=\"bt_bb_headline_content\"><span>Wo<\/span><\/span><\/h3><\/header><div class=\"bt_bb_separator bt_bb_border_style_none bt_bb_bottom_spacing_small\" data-bt-override-class=\"null\"><\/div><div  class=\"bt_bb_text\" ><p>Wir haben Kurse in Bern, Luzern, Olten und Winterthur.<\/p>\n<\/div><div class=\"bt_bb_separator bt_bb_border_style_none bt_bb_bottom_spacing_medium\" data-bt-override-class=\"null\"><\/div><\/div><\/div><\/div><div  class=\"bt_bb_column col-xxl-4 col-xl-4 col-xs-12 col-sm-12 col-md-12 col-lg-4 bt_bb_vertical_align_top bt_bb_align_left bt_bb_padding_double bt_bb_animation_fade_in animate bt_bb_shape_inherit\"  data-width=\"4\" data-bt-override-class=\"{&quot;bt_bb_align_&quot;:{&quot;current_class&quot;:&quot;bt_bb_align_left&quot;,&quot;xxl&quot;:&quot;left&quot;,&quot;xl&quot;:&quot;left&quot;}}\"><div class=\"bt_bb_column_content\"><div class=\"bt_bb_column_content_inner\"><header class=\"bt_bb_headline bt_bb_color_scheme_5 bt_bb_dash_none bt_bb_size_large bt_bb_align_inherit\" style=\"; --primary-color:#191919; --secondary-color:#e9182b;\" data-bt-override-class=\"{&quot;bt_bb_align_&quot;:{&quot;current_class&quot;:&quot;bt_bb_align_inherit&quot;,&quot;xxl&quot;:&quot;inherit&quot;,&quot;xl&quot;:&quot;inherit&quot;}}\"><h3 class=\"bt_bb_headline_tag\"><span class=\"bt_bb_headline_content\"><span>Kosten<\/span><\/span><\/h3><\/header><div class=\"bt_bb_separator bt_bb_border_style_none bt_bb_bottom_spacing_small\" data-bt-override-class=\"null\"><\/div><div  class=\"bt_bb_text\" ><p>CHF 250.- pro Teilnehmerin<\/p>\n<p><b>Wir freuen uns auf Ihre Anmeldung per\u00a0<\/b><a href=\"mailto:info@hicoders.ch\"><b>E-Mail<\/b><\/a><b>.<\/b><\/p>\n<p><b>Mit Unterst\u00fctzung Lokaler Partner:<\/b><\/p>\n<\/div><div class=\"bt_bb_floating_image bt_bb_floating_image_horizontal_position_default bt_bb_floating_image_vertical_position_default bt_bb_floating_image_animation_delay_default bt_bb_floating_image_animation_duration_default bt_bb_floating_image_animation_style_ease_out\" data-speed=\"1.0\"><div class=\"bt_bb_floating_image_image\" data-speed=\"1.0\"><div class=\"bt_bb_image\" data-bt-override-class=\"null\"><span><img decoding=\"async\" src=\"https:\/\/hicoders.ch\/wp-content\/uploads\/2023\/03\/stadtwinterthur-e1679048159290.jpg\" title=\"stadtwinterthur\" alt=\"https:\/\/hicoders.ch\/wp-content\/uploads\/2023\/03\/stadtwinterthur-e1679048159290.jpg\"><\/span><\/div><\/div><\/div><div class=\"bt_bb_separator bt_bb_border_style_none bt_bb_bottom_spacing_medium\" data-bt-override-class=\"null\"><\/div><\/div><\/div><\/div><\/div><\/div><\/div><\/div><\/div><\/section>","protected":false},"excerpt":{"rendered":"","protected":false},"author":1,"featured_media":0,"parent":0,"menu_order":0,"comment_status":"closed","ping_status":"closed","template":"","meta":{"footnotes":""},"class_list":["post-3605","page","type-page","status-publish","hentry"],"yoast_head":"<!-- This site is optimized with the Yoast SEO plugin v20.4 - https:\/\/yoast.com\/wordpress\/plugins\/seo\/ -->\n<title>IT for Girls - &lt;hi\/coders&gt;<\/title>\n<meta name=\"description\" content=\"Gem\u00e4ss Angaben der schweizerischen Arbeitskr\u00e4fteerhebung (SAKE) liegt der Frauenanteil im ICT-Bereich bei etwa 15 Prozent. Das heisst, dass einer der wichtigsten Branchen der Zukunft aktuell von M\u00e4nnern dominiert wird. Dies birgt sowohl wirtschaftliche als auch gesellschaftliche Gefahren. Dem will HiCoders entgegenwirken und setzt daf\u00fcr auf Fr\u00fchf\u00f6rderung. Schon im jungen Alter sollten M\u00e4dchen f\u00fcr die sogenannten MINT-F\u00e4cher (Mathematik, Informatik, Naturwissenschaft, Technik) begeistert werden.\" \/>\n<meta name=\"robots\" content=\"index, follow, max-snippet:-1, max-image-preview:large, max-video-preview:-1\" \/>\n<link rel=\"canonical\" href=\"https:\/\/hicoders.ch\/de\/it-for-girls\/\" \/>\n<meta property=\"og:locale\" content=\"de_DE\" \/>\n<meta property=\"og:type\" content=\"article\" \/>\n<meta property=\"og:title\" content=\"IT for Girls - &lt;hi\/coders&gt;\" \/>\n<meta property=\"og:description\" content=\"Gem\u00e4ss Angaben der schweizerischen Arbeitskr\u00e4fteerhebung (SAKE) liegt der Frauenanteil im ICT-Bereich bei etwa 15 Prozent. Das heisst, dass einer der wichtigsten Branchen der Zukunft aktuell von M\u00e4nnern dominiert wird. Dies birgt sowohl wirtschaftliche als auch gesellschaftliche Gefahren. Dem will HiCoders entgegenwirken und setzt daf\u00fcr auf Fr\u00fchf\u00f6rderung. Schon im jungen Alter sollten M\u00e4dchen f\u00fcr die sogenannten MINT-F\u00e4cher (Mathematik, Informatik, Naturwissenschaft, Technik) begeistert werden.\" \/>\n<meta property=\"og:url\" content=\"https:\/\/hicoders.ch\/de\/it-for-girls\/\" \/>\n<meta property=\"og:site_name\" content=\"&lt;hi\/coders&gt;\" \/>\n<meta property=\"article:publisher\" content=\"https:\/\/facebook.com\/hicodersche\" \/>\n<meta property=\"article:modified_time\" content=\"2025-06-24T14:10:03+00:00\" \/>\n<meta name=\"twitter:card\" content=\"summary_large_image\" \/>\n<meta name=\"twitter:label1\" content=\"Gesch\u00e4tzte Lesezeit\" \/>\n\t<meta name=\"twitter:data1\" content=\"7\u00a0Minuten\" \/>\n<script type=\"application\/ld+json\" class=\"yoast-schema-graph\">{\"@context\":\"https:\/\/schema.org\",\"@graph\":[{\"@type\":\"WebPage\",\"@id\":\"https:\/\/hicoders.ch\/de\/it-for-girls\/\",\"url\":\"https:\/\/hicoders.ch\/de\/it-for-girls\/\",\"name\":\"IT for Girls - &lt;hi\/coders&gt;\",\"isPartOf\":{\"@id\":\"https:\/\/hicoders.ch\/de\/#website\"},\"datePublished\":\"2021-11-14T12:11:32+00:00\",\"dateModified\":\"2025-06-24T14:10:03+00:00\",\"description\":\"Gem\u00e4ss Angaben der schweizerischen Arbeitskr\u00e4fteerhebung (SAKE) liegt der Frauenanteil im ICT-Bereich bei etwa 15 Prozent. Das heisst, dass einer der wichtigsten Branchen der Zukunft aktuell von M\u00e4nnern dominiert wird. Dies birgt sowohl wirtschaftliche als auch gesellschaftliche Gefahren. Dem will HiCoders entgegenwirken und setzt daf\u00fcr auf Fr\u00fchf\u00f6rderung. Schon im jungen Alter sollten M\u00e4dchen f\u00fcr die sogenannten MINT-F\u00e4cher (Mathematik, Informatik, Naturwissenschaft, Technik) begeistert werden.\",\"breadcrumb\":{\"@id\":\"https:\/\/hicoders.ch\/de\/it-for-girls\/#breadcrumb\"},\"inLanguage\":\"de\",\"potentialAction\":[{\"@type\":\"ReadAction\",\"target\":[\"https:\/\/hicoders.ch\/de\/it-for-girls\/\"]}]},{\"@type\":\"BreadcrumbList\",\"@id\":\"https:\/\/hicoders.ch\/de\/it-for-girls\/#breadcrumb\",\"itemListElement\":[{\"@type\":\"ListItem\",\"position\":1,\"name\":\"Home\",\"item\":\"https:\/\/hicoders.ch\/de\/\"},{\"@type\":\"ListItem\",\"position\":2,\"name\":\"IT for Girls\"}]},{\"@type\":\"WebSite\",\"@id\":\"https:\/\/hicoders.ch\/de\/#website\",\"url\":\"https:\/\/hicoders.ch\/de\/\",\"name\":\"HiCoders\",\"description\":\"\u201eLead your IT career\u201c\",\"publisher\":{\"@id\":\"https:\/\/hicoders.ch\/de\/#organization\"},\"potentialAction\":[{\"@type\":\"SearchAction\",\"target\":{\"@type\":\"EntryPoint\",\"urlTemplate\":\"https:\/\/hicoders.ch\/de\/?s={search_term_string}\"},\"query-input\":\"required name=search_term_string\"}],\"inLanguage\":\"de\"},{\"@type\":\"Organization\",\"@id\":\"https:\/\/hicoders.ch\/de\/#organization\",\"name\":\"HiCoders\",\"url\":\"https:\/\/hicoders.ch\/de\/\",\"logo\":{\"@type\":\"ImageObject\",\"inLanguage\":\"de\",\"@id\":\"https:\/\/hicoders.ch\/de\/#\/schema\/logo\/image\/\",\"url\":\"https:\/\/hicoders.ch\/wp-content\/uploads\/2021\/11\/cropped-Instagaram-1-1.png\",\"contentUrl\":\"https:\/\/hicoders.ch\/wp-content\/uploads\/2021\/11\/cropped-Instagaram-1-1.png\",\"width\":512,\"height\":512,\"caption\":\"HiCoders\"},\"image\":{\"@id\":\"https:\/\/hicoders.ch\/de\/#\/schema\/logo\/image\/\"},\"sameAs\":[\"https:\/\/facebook.com\/hicodersche\",\"https:\/\/www.instagram.com\/hicodersch\/\",\"https:\/\/www.linkedin.com\/company\/hicodersch\",\"https:\/\/www.youtube.com\/@hicodersch\"]}]}<\/script>\n<!-- \/ Yoast SEO plugin. -->","yoast_head_json":{"title":"IT for Girls - &lt;hi\/coders&gt;","description":"Gem\u00e4ss Angaben der schweizerischen Arbeitskr\u00e4fteerhebung (SAKE) liegt der Frauenanteil im ICT-Bereich bei etwa 15 Prozent. Das heisst, dass einer der wichtigsten Branchen der Zukunft aktuell von M\u00e4nnern dominiert wird. Dies birgt sowohl wirtschaftliche als auch gesellschaftliche Gefahren. Dem will HiCoders entgegenwirken und setzt daf\u00fcr auf Fr\u00fchf\u00f6rderung. Schon im jungen Alter sollten M\u00e4dchen f\u00fcr die sogenannten MINT-F\u00e4cher (Mathematik, Informatik, Naturwissenschaft, Technik) begeistert werden.","robots":{"index":"index","follow":"follow","max-snippet":"max-snippet:-1","max-image-preview":"max-image-preview:large","max-video-preview":"max-video-preview:-1"},"canonical":"https:\/\/hicoders.ch\/de\/it-for-girls\/","og_locale":"de_DE","og_type":"article","og_title":"IT for Girls - &lt;hi\/coders&gt;","og_description":"Gem\u00e4ss Angaben der schweizerischen Arbeitskr\u00e4fteerhebung (SAKE) liegt der Frauenanteil im ICT-Bereich bei etwa 15 Prozent. Das heisst, dass einer der wichtigsten Branchen der Zukunft aktuell von M\u00e4nnern dominiert wird. Dies birgt sowohl wirtschaftliche als auch gesellschaftliche Gefahren. Dem will HiCoders entgegenwirken und setzt daf\u00fcr auf Fr\u00fchf\u00f6rderung. Schon im jungen Alter sollten M\u00e4dchen f\u00fcr die sogenannten MINT-F\u00e4cher (Mathematik, Informatik, Naturwissenschaft, Technik) begeistert werden.","og_url":"https:\/\/hicoders.ch\/de\/it-for-girls\/","og_site_name":"&lt;hi\/coders&gt;","article_publisher":"https:\/\/facebook.com\/hicodersche","article_modified_time":"2025-06-24T14:10:03+00:00","twitter_card":"summary_large_image","twitter_misc":{"Gesch\u00e4tzte Lesezeit":"7\u00a0Minuten"},"schema":{"@context":"https:\/\/schema.org","@graph":[{"@type":"WebPage","@id":"https:\/\/hicoders.ch\/de\/it-for-girls\/","url":"https:\/\/hicoders.ch\/de\/it-for-girls\/","name":"IT for Girls - &lt;hi\/coders&gt;","isPartOf":{"@id":"https:\/\/hicoders.ch\/de\/#website"},"datePublished":"2021-11-14T12:11:32+00:00","dateModified":"2025-06-24T14:10:03+00:00","description":"Gem\u00e4ss Angaben der schweizerischen Arbeitskr\u00e4fteerhebung (SAKE) liegt der Frauenanteil im ICT-Bereich bei etwa 15 Prozent. Das heisst, dass einer der wichtigsten Branchen der Zukunft aktuell von M\u00e4nnern dominiert wird. Dies birgt sowohl wirtschaftliche als auch gesellschaftliche Gefahren. Dem will HiCoders entgegenwirken und setzt daf\u00fcr auf Fr\u00fchf\u00f6rderung. Schon im jungen Alter sollten M\u00e4dchen f\u00fcr die sogenannten MINT-F\u00e4cher (Mathematik, Informatik, Naturwissenschaft, Technik) begeistert werden.","breadcrumb":{"@id":"https:\/\/hicoders.ch\/de\/it-for-girls\/#breadcrumb"},"inLanguage":"de","potentialAction":[{"@type":"ReadAction","target":["https:\/\/hicoders.ch\/de\/it-for-girls\/"]}]},{"@type":"BreadcrumbList","@id":"https:\/\/hicoders.ch\/de\/it-for-girls\/#breadcrumb","itemListElement":[{"@type":"ListItem","position":1,"name":"Home","item":"https:\/\/hicoders.ch\/de\/"},{"@type":"ListItem","position":2,"name":"IT for Girls"}]},{"@type":"WebSite","@id":"https:\/\/hicoders.ch\/de\/#website","url":"https:\/\/hicoders.ch\/de\/","name":"HiCoders","description":"\u201eLead your IT career\u201c","publisher":{"@id":"https:\/\/hicoders.ch\/de\/#organization"},"potentialAction":[{"@type":"SearchAction","target":{"@type":"EntryPoint","urlTemplate":"https:\/\/hicoders.ch\/de\/?s={search_term_string}"},"query-input":"required name=search_term_string"}],"inLanguage":"de"},{"@type":"Organization","@id":"https:\/\/hicoders.ch\/de\/#organization","name":"HiCoders","url":"https:\/\/hicoders.ch\/de\/","logo":{"@type":"ImageObject","inLanguage":"de","@id":"https:\/\/hicoders.ch\/de\/#\/schema\/logo\/image\/","url":"https:\/\/hicoders.ch\/wp-content\/uploads\/2021\/11\/cropped-Instagaram-1-1.png","contentUrl":"https:\/\/hicoders.ch\/wp-content\/uploads\/2021\/11\/cropped-Instagaram-1-1.png","width":512,"height":512,"caption":"HiCoders"},"image":{"@id":"https:\/\/hicoders.ch\/de\/#\/schema\/logo\/image\/"},"sameAs":["https:\/\/facebook.com\/hicodersche","https:\/\/www.instagram.com\/hicodersch\/","https:\/\/www.linkedin.com\/company\/hicodersch","https:\/\/www.youtube.com\/@hicodersch"]}]}},"_links":{"self":[{"href":"https:\/\/hicoders.ch\/de\/wp-json\/wp\/v2\/pages\/3605","targetHints":{"allow":["GET"]}}],"collection":[{"href":"https:\/\/hicoders.ch\/de\/wp-json\/wp\/v2\/pages"}],"about":[{"href":"https:\/\/hicoders.ch\/de\/wp-json\/wp\/v2\/types\/page"}],"author":[{"embeddable":true,"href":"https:\/\/hicoders.ch\/de\/wp-json\/wp\/v2\/users\/1"}],"replies":[{"embeddable":true,"href":"https:\/\/hicoders.ch\/de\/wp-json\/wp\/v2\/comments?post=3605"}],"version-history":[{"count":3,"href":"https:\/\/hicoders.ch\/de\/wp-json\/wp\/v2\/pages\/3605\/revisions"}],"predecessor-version":[{"id":8474,"href":"https:\/\/hicoders.ch\/de\/wp-json\/wp\/v2\/pages\/3605\/revisions\/8474"}],"wp:attachment":[{"href":"https:\/\/hicoders.ch\/de\/wp-json\/wp\/v2\/media?parent=3605"}],"curies":[{"name":"wp","href":"https:\/\/api.w.org\/{rel}","templated":true}]}}