{"id":3721,"date":"2021-11-16T19:23:58","date_gmt":"2021-11-16T19:23:58","guid":{"rendered":"https:\/\/yenis.hicoders.ch\/?page_id=3721"},"modified":"2023-02-20T18:28:51","modified_gmt":"2023-02-20T18:28:51","slug":"uber-uns","status":"publish","type":"page","link":"https:\/\/hicoders.ch\/de\/uber-uns\/","title":{"rendered":"\u00dcber uns"},"content":{"rendered":"<section id=\"bt_bb_section69e2e3713bef3\"  class=\"bt_bb_section bt_bb_layout_boxed_1200 bt_bb_vertical_align_top bt_bb_background_image bt_bb_top_spacing_medium bt_bb_bottom_spacing_medium bt_bb_section_with_top_coverage_image\" style=\"background-image:url(&#039;https:\/\/hicoders.ch\/wp-content\/uploads\/2022\/06\/yellow_top_wave_01.png&#039;);\" data-bt-override-class=\"null\"><div class=\"bt_bb_port\"><div class=\"bt_bb_cell\"><div class=\"bt_bb_cell_inner\"><div class=\"bt_bb_row_wrapper\"><div  class=\"bt_bb_row bt_bb_shape_inherit\"  data-bt-override-class=\"{}\"><div  class=\"bt_bb_column col-xxl-12 col-xl-12 col-xs-12 col-sm-12 col-md-12 col-lg-12 bt_bb_vertical_align_middle bt_bb_align_left bt_bb_padding_normal bt_bb_animation_fade_in bt_bb_animation_move_right animate\"  data-width=\"12\" data-bt-override-class=\"{}\"><div class=\"bt_bb_column_content\"><div class=\"bt_bb_column_content_inner\"><div class=\"bt_bb_separator bt_bb_border_style_none bt_bb_bottom_spacing_medium\" data-bt-override-class=\"null\"><\/div><header class=\"bt_bb_headline bt_bb_color_scheme_5 bt_bb_dash_none bt_bb_size_extralarge bt_bb_align_inherit\" style=\"; --primary-color:#191919; --secondary-color:#e9182b;\" data-bt-override-class=\"{&quot;bt_bb_align_&quot;:{&quot;current_class&quot;:&quot;bt_bb_align_inherit&quot;,&quot;xxl&quot;:&quot;inherit&quot;,&quot;xl&quot;:&quot;inherit&quot;}}\"><h1 class=\"bt_bb_headline_tag\"><span class=\"bt_bb_headline_content\"><span>Unsere Geschichte<\/span><\/span><\/h1><\/header><div class=\"bt_bb_separator bt_bb_border_style_none bt_bb_bottom_spacing_medium\" data-bt-override-class=\"null\"><\/div><div  class=\"bt_bb_text\" ><div>2018 gr\u00fcndeten Informatiker*innen und IT-Interessierten mit Migrationserfahrung den IT-Club Oberland. 2020 wurde daraus der gemeinn\u00fctzige Verein HiCoders mit Sitz in Z\u00fcrich. Sein Ziel: einen Beitrag zur gerechten Digitalisierung leisten.<\/div>\n<div><\/div>\n<div>HiCoders konzipiert laufend neue Kurse, um den wachsenden Bedarf an IT-Fachkr\u00e4ften in der Schweiz zu decken. Kurse wie Web Programming oder Java finden online statt. In Winterthur, Olten, Bern und Luzern f\u00fchren wir IT for Girls-Kurse durch.<\/div>\n<\/div><\/div><\/div><\/div><\/div><\/div><\/div><\/div><\/div><div class=\"bt_bb_section_top_section_coverage_image\"><img decoding=\"async\" src=\"https:\/\/hicoders.ch\/wp-content\/uploads\/2019\/04\/yellow_top_wave_01.png\" alt=\"bt_bb_section_top_section_coverage_image\" \/><\/div><\/section><section id=\"bt_bb_section69e2e3713c58a\"  class=\"bt_bb_section bt_bb_layout_boxed_1200 bt_bb_vertical_align_top bt_bb_bottom_spacing_medium\"  data-bt-override-class=\"null\"><div class=\"bt_bb_port\"><div class=\"bt_bb_cell\"><div class=\"bt_bb_cell_inner\"><div class=\"bt_bb_row_wrapper\"><div  class=\"bt_bb_row bt_bb_shape_inherit\"  data-bt-override-class=\"{}\"><div  class=\"bt_bb_column col-xxl-6 col-xl-6 bt_bb_vertical_align_top bt_bb_align_left bt_bb_padding_double bt_bb_animation_fade_in bt_bb_animation_move_right animate bt_bb_shape_inherit\"  data-width=\"6\" data-bt-override-class=\"{}\"><div class=\"bt_bb_column_content\"><div class=\"bt_bb_column_content_inner\"><div class=\"bt_bb_separator bt_bb_border_style_none bt_bb_bottom_spacing_medium bt_bb_hidden_md bt_bb_hidden_lg\" data-bt-override-class=\"null\"><\/div><div class=\"bt_bb_image bt_bb_shape_square bt_bb_align_inherit bt_bb_hover_style_simple bt_bb_content_display_always bt_bb_content_align_middle\" data-bt-override-class=\"null\"><span><img src = \"https:\/\/hicoders.ch\/wp-content\/plugins\/bold-page-builder\/img\/blank.gif\" data-image_src=\"https:\/\/hicoders.ch\/wp-content\/uploads\/2022\/03\/22-Ehrenamtliches-Engagement.png\" title=\"22- Ehrenamtliches Engagement\" alt=\"https:\/\/hicoders.ch\/wp-content\/uploads\/2022\/03\/22-Ehrenamtliches-Engagement.png\" class=\"btLazyLoadImage\"><\/span><\/div><div class=\"bt_bb_separator bt_bb_border_style_none bt_bb_bottom_spacing_medium\" data-bt-override-class=\"null\"><\/div><\/div><\/div><\/div><div  class=\"bt_bb_column col-xxl-6 col-xl-6 bt_bb_vertical_align_middle bt_bb_align_left bt_bb_padding_double bt_bb_animation_fade_in animate bt_bb_shape_inherit\"  data-width=\"6\" data-bt-override-class=\"{}\"><div class=\"bt_bb_column_content\"><div class=\"bt_bb_column_content_inner\"><header class=\"bt_bb_headline bt_bb_color_scheme_5 bt_bb_dash_none bt_bb_size_large bt_bb_align_inherit\" style=\"; --primary-color:#191919; --secondary-color:#e9182b;\" data-bt-override-class=\"{&quot;bt_bb_align_&quot;:{&quot;current_class&quot;:&quot;bt_bb_align_inherit&quot;,&quot;xxl&quot;:&quot;inherit&quot;,&quot;xl&quot;:&quot;inherit&quot;}}\"><h3 class=\"bt_bb_headline_tag\"><span class=\"bt_bb_headline_content\"><span>Ehrenamtliches Engagement<\/span><\/span><\/h3><\/header><div class=\"bt_bb_separator bt_bb_border_style_none bt_bb_bottom_spacing_small\" data-bt-override-class=\"null\"><\/div><div  class=\"bt_bb_text\" ><p>Wir setzen uns mit viel Engagement und Expertise f\u00fcr unsere Kursteilnehmenden ein. Die Arbeit der 20 HiCoders-Instruktoren und Mentoren ist ehrenamtlich. Unabh\u00e4ngig von ihren finanziellen M\u00f6glichkeiten sollen sich alle IT-Interessierten unsere Kurse leisten k\u00f6nnen.<\/p>\n<\/div><div class=\"bt_bb_separator bt_bb_border_style_none bt_bb_bottom_spacing_medium\" data-bt-override-class=\"null\"><\/div><\/div><\/div><\/div><\/div><\/div><\/div><\/div><\/div><\/section><section id=\"bt_bb_section69e2e3713ccae\"  class=\"bt_bb_section bt_bb_layout_boxed_1200 bt_bb_vertical_align_top bt_bb_bottom_spacing_medium\"  data-bt-override-class=\"null\"><div class=\"bt_bb_port\"><div class=\"bt_bb_cell\"><div class=\"bt_bb_cell_inner\"><div class=\"bt_bb_row_wrapper\"><div  class=\"bt_bb_row bt_bb_shape_inherit\"  data-bt-override-class=\"{}\"><div  class=\"bt_bb_column col-xxl-6 col-xl-6 bt_bb_vertical_align_middle bt_bb_align_left bt_bb_padding_double bt_bb_animation_fade_in animate bt_bb_shape_inherit\"  data-width=\"6\" data-bt-override-class=\"{}\"><div class=\"bt_bb_column_content\"><div class=\"bt_bb_column_content_inner\"><header class=\"bt_bb_headline bt_bb_color_scheme_5 bt_bb_dash_none bt_bb_size_large bt_bb_align_inherit\" style=\"; --primary-color:#191919; --secondary-color:#e9182b;\" data-bt-override-class=\"{&quot;bt_bb_align_&quot;:{&quot;current_class&quot;:&quot;bt_bb_align_inherit&quot;,&quot;xxl&quot;:&quot;inherit&quot;,&quot;xl&quot;:&quot;inherit&quot;}}\"><h4 class=\"bt_bb_headline_tag\"><span class=\"bt_bb_headline_content\"><span>Gemeinsam zum Erfolg<\/span><\/span><\/h4><\/header><div class=\"bt_bb_separator bt_bb_border_style_none bt_bb_bottom_spacing_small\" data-bt-override-class=\"null\"><\/div><div  class=\"bt_bb_text\" ><p>Bei HiCoders werden Kursteilnehmende jederzeit unterst\u00fctzt. Unsere Instruktoren, Mentoren und die wachsende Community stehen rund um die Uhr bei Fragen zur Verf\u00fcgung. Durch regelm\u00e4ssiges, zielgerichtetes und diszipliniertes Lernen \u2014 und unsere fachm\u00e4nnische Unterst\u00fctzung \u2014 schliessen Teilnehmende unsere Kurse erfolgreich ab.<\/p>\n<\/div><div class=\"bt_bb_separator bt_bb_border_style_none bt_bb_bottom_spacing_medium\" data-bt-override-class=\"null\"><\/div><\/div><\/div><\/div><div  class=\"bt_bb_column col-xxl-6 col-xl-6 bt_bb_vertical_align_top bt_bb_align_left bt_bb_padding_double bt_bb_animation_fade_in bt_bb_animation_move_right animate bt_bb_shape_inherit\"  data-width=\"6\" data-bt-override-class=\"{}\"><div class=\"bt_bb_column_content\"><div class=\"bt_bb_column_content_inner\"><div class=\"bt_bb_separator bt_bb_border_style_none bt_bb_bottom_spacing_medium bt_bb_hidden_md bt_bb_hidden_lg\" data-bt-override-class=\"null\"><\/div><div class=\"bt_bb_image bt_bb_shape_square bt_bb_align_inherit bt_bb_hover_style_simple bt_bb_content_display_always bt_bb_content_align_middle\" data-bt-override-class=\"null\"><span><img src = \"https:\/\/hicoders.ch\/wp-content\/plugins\/bold-page-builder\/img\/blank.gif\" data-image_src=\"https:\/\/hicoders.ch\/wp-content\/uploads\/2022\/03\/33-Gemeinsam-zum-Erfolg.png\" title=\"33- Gemeinsam zum Erfolg\" alt=\"https:\/\/hicoders.ch\/wp-content\/uploads\/2022\/03\/33-Gemeinsam-zum-Erfolg.png\" class=\"btLazyLoadImage\"><\/span><\/div><div class=\"bt_bb_separator bt_bb_border_style_none bt_bb_bottom_spacing_medium\" data-bt-override-class=\"null\"><\/div><\/div><\/div><\/div><\/div><\/div><\/div><\/div><\/div><\/section><section id=\"bt_bb_section69e2e3713d2ef\"  class=\"bt_bb_section bt_bb_layout_boxed_1200 bt_bb_vertical_align_top bt_bb_bottom_spacing_medium\"  data-bt-override-class=\"null\"><div class=\"bt_bb_port\"><div class=\"bt_bb_cell\"><div class=\"bt_bb_cell_inner\"><div class=\"bt_bb_row_wrapper\"><div  class=\"bt_bb_row bt_bb_shape_inherit\"  data-bt-override-class=\"{}\"><div  class=\"bt_bb_column col-xxl-6 col-xl-6 bt_bb_vertical_align_top bt_bb_align_left bt_bb_padding_double bt_bb_animation_fade_in bt_bb_animation_move_right animate bt_bb_shape_inherit\"  data-width=\"6\" data-bt-override-class=\"{}\"><div class=\"bt_bb_column_content\"><div class=\"bt_bb_column_content_inner\"><div class=\"bt_bb_separator bt_bb_border_style_none bt_bb_bottom_spacing_medium bt_bb_hidden_md bt_bb_hidden_lg\" data-bt-override-class=\"null\"><\/div><div class=\"bt_bb_image bt_bb_shape_square bt_bb_align_inherit bt_bb_hover_style_simple bt_bb_content_display_always bt_bb_content_align_middle\" data-bt-override-class=\"null\"><span><img src = \"https:\/\/hicoders.ch\/wp-content\/plugins\/bold-page-builder\/img\/blank.gif\" data-image_src=\"https:\/\/hicoders.ch\/wp-content\/uploads\/2022\/03\/44-Vision.png\" title=\"44- Vision\" alt=\"https:\/\/hicoders.ch\/wp-content\/uploads\/2022\/03\/44-Vision.png\" class=\"btLazyLoadImage\"><\/span><\/div><div class=\"bt_bb_separator bt_bb_border_style_none bt_bb_bottom_spacing_medium\" data-bt-override-class=\"null\"><\/div><\/div><\/div><\/div><div  class=\"bt_bb_column col-xxl-6 col-xl-6 bt_bb_vertical_align_middle bt_bb_align_left bt_bb_padding_double bt_bb_animation_fade_in animate bt_bb_shape_inherit\"  data-width=\"6\" data-bt-override-class=\"{}\"><div class=\"bt_bb_column_content\"><div class=\"bt_bb_column_content_inner\"><header class=\"bt_bb_headline bt_bb_color_scheme_5 bt_bb_dash_none bt_bb_size_large bt_bb_align_inherit\" style=\"; --primary-color:#191919; --secondary-color:#e9182b;\" data-bt-override-class=\"{&quot;bt_bb_align_&quot;:{&quot;current_class&quot;:&quot;bt_bb_align_inherit&quot;,&quot;xxl&quot;:&quot;inherit&quot;,&quot;xl&quot;:&quot;inherit&quot;}}\"><h4 class=\"bt_bb_headline_tag\"><span class=\"bt_bb_headline_content\"><span>Vision: Integration im Schweizer Arbeitsmarkt<\/span><\/span><\/h4><\/header><div class=\"bt_bb_separator bt_bb_border_style_none bt_bb_bottom_spacing_small\" data-bt-override-class=\"null\"><\/div><div  class=\"bt_bb_text\" ><p>HiCoders setzt sich f\u00fcr die Chancengleichheit im Schweizer Arbeitsmarkt ein. Als IT-Experten mit Migrationserfahrung m\u00f6chten wir dazu beitragen, dass es Migranten und Fl\u00fcchtlinge beim Einstieg in den Schweizer Arbeitsmarkt leichter haben.<\/p>\n<\/div><div class=\"bt_bb_separator bt_bb_border_style_none bt_bb_bottom_spacing_medium\" data-bt-override-class=\"null\"><\/div><\/div><\/div><\/div><\/div><\/div><\/div><\/div><\/div><\/section><section id=\"bt_bb_section69e2e3713d989\"  class=\"bt_bb_section bt_bb_layout_boxed_1200 bt_bb_vertical_align_top bt_bb_bottom_spacing_medium\"  data-bt-override-class=\"null\"><div class=\"bt_bb_port\"><div class=\"bt_bb_cell\"><div class=\"bt_bb_cell_inner\"><div class=\"bt_bb_row_wrapper\"><div  class=\"bt_bb_row bt_bb_shape_inherit\"  data-bt-override-class=\"{}\"><div  class=\"bt_bb_column col-xxl-6 col-xl-6 bt_bb_vertical_align_middle bt_bb_align_left bt_bb_padding_double bt_bb_animation_fade_in animate bt_bb_shape_inherit\"  data-width=\"6\" data-bt-override-class=\"{}\"><div class=\"bt_bb_column_content\"><div class=\"bt_bb_column_content_inner\"><header class=\"bt_bb_headline bt_bb_color_scheme_5 bt_bb_dash_none bt_bb_size_large bt_bb_align_inherit\" style=\"; --primary-color:#191919; --secondary-color:#e9182b;\" data-bt-override-class=\"{&quot;bt_bb_align_&quot;:{&quot;current_class&quot;:&quot;bt_bb_align_inherit&quot;,&quot;xxl&quot;:&quot;inherit&quot;,&quot;xl&quot;:&quot;inherit&quot;}}\"><h3 class=\"bt_bb_headline_tag\"><span class=\"bt_bb_headline_content\"><span>Mission: Berufseinstieg erleichtern<\/span><\/span><\/h3><\/header><div class=\"bt_bb_separator bt_bb_border_style_none bt_bb_bottom_spacing_small\" data-bt-override-class=\"null\"><\/div><div  class=\"bt_bb_text\" ><p>Menschen mit Migrationshintergrund sind bei der Stellensuche gegen\u00fcber Einheimischen oft benachteiligt. Daf\u00fcr gibt es verschiedenen Gr\u00fcnde. HiCoders will helfen, die H\u00fcrden bei der Arbeitssuche zu \u00fcberwinden.<\/p>\n<p>\u00abWenn Menschen aus einem anderen Land in die Schweiz ziehen, kann der Berufseinstieg f\u00fcr sie schwierig sein. Diplome aus dem Ausland z\u00e4hlen hier oft nicht. Unsere Kurse helfen IT-Interessierten beim Berufseinstieg.\u00bb<br \/>\nMehmet Dogan, HiCoders-Pr\u00e4sident<\/p>\n<p>Durch Aus- und Weiterbildungen im Web Programming finden HiCoders-Absolventen als Fachkr\u00e4fte leichter eine Anstellung. So tr\u00e4gt HiCoders zur Integration von Migranten im Schweizer Arbeitsmarkt bei und hilft, den Fachkr\u00e4ftemangel zu beheben.<\/p>\n<\/div><div class=\"bt_bb_separator bt_bb_border_style_none bt_bb_bottom_spacing_medium\" data-bt-override-class=\"null\"><\/div><\/div><\/div><\/div><div  class=\"bt_bb_column col-xxl-6 col-xl-6 bt_bb_vertical_align_top bt_bb_align_left bt_bb_padding_double bt_bb_animation_fade_in bt_bb_animation_move_right animate bt_bb_shape_inherit\"  data-width=\"6\" data-bt-override-class=\"{}\"><div class=\"bt_bb_column_content\"><div class=\"bt_bb_column_content_inner\"><div class=\"bt_bb_separator bt_bb_border_style_none bt_bb_bottom_spacing_medium bt_bb_hidden_md bt_bb_hidden_lg\" data-bt-override-class=\"null\"><\/div><div class=\"bt_bb_image bt_bb_shape_square bt_bb_align_inherit bt_bb_hover_style_simple bt_bb_content_display_always bt_bb_content_align_middle\" data-bt-override-class=\"null\"><span><img src = \"https:\/\/hicoders.ch\/wp-content\/plugins\/bold-page-builder\/img\/blank.gif\" data-image_src=\"https:\/\/hicoders.ch\/wp-content\/uploads\/2022\/03\/55-Mision-1.png\" title=\"55- Mision\" alt=\"https:\/\/hicoders.ch\/wp-content\/uploads\/2022\/03\/55-Mision-1.png\" class=\"btLazyLoadImage\"><\/span><\/div><div class=\"bt_bb_separator bt_bb_border_style_none bt_bb_bottom_spacing_medium\" data-bt-override-class=\"null\"><\/div><\/div><\/div><\/div><\/div><\/div><\/div><\/div><\/div><\/section>","protected":false},"excerpt":{"rendered":"","protected":false},"author":1,"featured_media":0,"parent":0,"menu_order":0,"comment_status":"closed","ping_status":"closed","template":"","meta":{"footnotes":""},"class_list":["post-3721","page","type-page","status-publish","hentry"],"yoast_head":"<!-- This site is optimized with the Yoast SEO plugin v20.4 - https:\/\/yoast.com\/wordpress\/plugins\/seo\/ -->\n<title>\u00dcber uns - &lt;hi\/coders&gt;<\/title>\n<meta name=\"robots\" content=\"index, follow, max-snippet:-1, max-image-preview:large, max-video-preview:-1\" \/>\n<link rel=\"canonical\" href=\"https:\/\/hicoders.ch\/de\/uber-uns\/\" \/>\n<meta property=\"og:locale\" content=\"de_DE\" \/>\n<meta property=\"og:type\" content=\"article\" \/>\n<meta property=\"og:title\" content=\"\u00dcber uns - &lt;hi\/coders&gt;\" \/>\n<meta property=\"og:url\" content=\"https:\/\/hicoders.ch\/de\/uber-uns\/\" \/>\n<meta property=\"og:site_name\" content=\"&lt;hi\/coders&gt;\" \/>\n<meta property=\"article:publisher\" content=\"https:\/\/facebook.com\/hicodersche\" \/>\n<meta property=\"article:modified_time\" content=\"2023-02-20T18:28:51+00:00\" \/>\n<meta name=\"twitter:card\" content=\"summary_large_image\" \/>\n<meta name=\"twitter:label1\" content=\"Gesch\u00e4tzte Lesezeit\" \/>\n\t<meta name=\"twitter:data1\" content=\"6\u00a0Minuten\" \/>\n<script type=\"application\/ld+json\" class=\"yoast-schema-graph\">{\"@context\":\"https:\/\/schema.org\",\"@graph\":[{\"@type\":\"WebPage\",\"@id\":\"https:\/\/hicoders.ch\/de\/uber-uns\/\",\"url\":\"https:\/\/hicoders.ch\/de\/uber-uns\/\",\"name\":\"\u00dcber uns - &lt;hi\/coders&gt;\",\"isPartOf\":{\"@id\":\"https:\/\/hicoders.ch\/de\/#website\"},\"datePublished\":\"2021-11-16T19:23:58+00:00\",\"dateModified\":\"2023-02-20T18:28:51+00:00\",\"breadcrumb\":{\"@id\":\"https:\/\/hicoders.ch\/de\/uber-uns\/#breadcrumb\"},\"inLanguage\":\"de\",\"potentialAction\":[{\"@type\":\"ReadAction\",\"target\":[\"https:\/\/hicoders.ch\/de\/uber-uns\/\"]}]},{\"@type\":\"BreadcrumbList\",\"@id\":\"https:\/\/hicoders.ch\/de\/uber-uns\/#breadcrumb\",\"itemListElement\":[{\"@type\":\"ListItem\",\"position\":1,\"name\":\"Home\",\"item\":\"https:\/\/hicoders.ch\/de\/\"},{\"@type\":\"ListItem\",\"position\":2,\"name\":\"\u00dcber uns\"}]},{\"@type\":\"WebSite\",\"@id\":\"https:\/\/hicoders.ch\/de\/#website\",\"url\":\"https:\/\/hicoders.ch\/de\/\",\"name\":\"HiCoders\",\"description\":\"\u201eLead your IT career\u201c\",\"publisher\":{\"@id\":\"https:\/\/hicoders.ch\/de\/#organization\"},\"potentialAction\":[{\"@type\":\"SearchAction\",\"target\":{\"@type\":\"EntryPoint\",\"urlTemplate\":\"https:\/\/hicoders.ch\/de\/?s={search_term_string}\"},\"query-input\":\"required name=search_term_string\"}],\"inLanguage\":\"de\"},{\"@type\":\"Organization\",\"@id\":\"https:\/\/hicoders.ch\/de\/#organization\",\"name\":\"HiCoders\",\"url\":\"https:\/\/hicoders.ch\/de\/\",\"logo\":{\"@type\":\"ImageObject\",\"inLanguage\":\"de\",\"@id\":\"https:\/\/hicoders.ch\/de\/#\/schema\/logo\/image\/\",\"url\":\"https:\/\/hicoders.ch\/wp-content\/uploads\/2021\/11\/cropped-Instagaram-1-1.png\",\"contentUrl\":\"https:\/\/hicoders.ch\/wp-content\/uploads\/2021\/11\/cropped-Instagaram-1-1.png\",\"width\":512,\"height\":512,\"caption\":\"HiCoders\"},\"image\":{\"@id\":\"https:\/\/hicoders.ch\/de\/#\/schema\/logo\/image\/\"},\"sameAs\":[\"https:\/\/facebook.com\/hicodersche\",\"https:\/\/www.instagram.com\/hicodersch\/\",\"https:\/\/www.linkedin.com\/company\/hicodersch\",\"https:\/\/www.youtube.com\/@hicodersch\"]}]}<\/script>\n<!-- \/ Yoast SEO plugin. -->","yoast_head_json":{"title":"\u00dcber uns - &lt;hi\/coders&gt;","robots":{"index":"index","follow":"follow","max-snippet":"max-snippet:-1","max-image-preview":"max-image-preview:large","max-video-preview":"max-video-preview:-1"},"canonical":"https:\/\/hicoders.ch\/de\/uber-uns\/","og_locale":"de_DE","og_type":"article","og_title":"\u00dcber uns - &lt;hi\/coders&gt;","og_url":"https:\/\/hicoders.ch\/de\/uber-uns\/","og_site_name":"&lt;hi\/coders&gt;","article_publisher":"https:\/\/facebook.com\/hicodersche","article_modified_time":"2023-02-20T18:28:51+00:00","twitter_card":"summary_large_image","twitter_misc":{"Gesch\u00e4tzte Lesezeit":"6\u00a0Minuten"},"schema":{"@context":"https:\/\/schema.org","@graph":[{"@type":"WebPage","@id":"https:\/\/hicoders.ch\/de\/uber-uns\/","url":"https:\/\/hicoders.ch\/de\/uber-uns\/","name":"\u00dcber uns - &lt;hi\/coders&gt;","isPartOf":{"@id":"https:\/\/hicoders.ch\/de\/#website"},"datePublished":"2021-11-16T19:23:58+00:00","dateModified":"2023-02-20T18:28:51+00:00","breadcrumb":{"@id":"https:\/\/hicoders.ch\/de\/uber-uns\/#breadcrumb"},"inLanguage":"de","potentialAction":[{"@type":"ReadAction","target":["https:\/\/hicoders.ch\/de\/uber-uns\/"]}]},{"@type":"BreadcrumbList","@id":"https:\/\/hicoders.ch\/de\/uber-uns\/#breadcrumb","itemListElement":[{"@type":"ListItem","position":1,"name":"Home","item":"https:\/\/hicoders.ch\/de\/"},{"@type":"ListItem","position":2,"name":"\u00dcber uns"}]},{"@type":"WebSite","@id":"https:\/\/hicoders.ch\/de\/#website","url":"https:\/\/hicoders.ch\/de\/","name":"HiCoders","description":"\u201eLead your IT career\u201c","publisher":{"@id":"https:\/\/hicoders.ch\/de\/#organization"},"potentialAction":[{"@type":"SearchAction","target":{"@type":"EntryPoint","urlTemplate":"https:\/\/hicoders.ch\/de\/?s={search_term_string}"},"query-input":"required name=search_term_string"}],"inLanguage":"de"},{"@type":"Organization","@id":"https:\/\/hicoders.ch\/de\/#organization","name":"HiCoders","url":"https:\/\/hicoders.ch\/de\/","logo":{"@type":"ImageObject","inLanguage":"de","@id":"https:\/\/hicoders.ch\/de\/#\/schema\/logo\/image\/","url":"https:\/\/hicoders.ch\/wp-content\/uploads\/2021\/11\/cropped-Instagaram-1-1.png","contentUrl":"https:\/\/hicoders.ch\/wp-content\/uploads\/2021\/11\/cropped-Instagaram-1-1.png","width":512,"height":512,"caption":"HiCoders"},"image":{"@id":"https:\/\/hicoders.ch\/de\/#\/schema\/logo\/image\/"},"sameAs":["https:\/\/facebook.com\/hicodersche","https:\/\/www.instagram.com\/hicodersch\/","https:\/\/www.linkedin.com\/company\/hicodersch","https:\/\/www.youtube.com\/@hicodersch"]}]}},"_links":{"self":[{"href":"https:\/\/hicoders.ch\/de\/wp-json\/wp\/v2\/pages\/3721","targetHints":{"allow":["GET"]}}],"collection":[{"href":"https:\/\/hicoders.ch\/de\/wp-json\/wp\/v2\/pages"}],"about":[{"href":"https:\/\/hicoders.ch\/de\/wp-json\/wp\/v2\/types\/page"}],"author":[{"embeddable":true,"href":"https:\/\/hicoders.ch\/de\/wp-json\/wp\/v2\/users\/1"}],"replies":[{"embeddable":true,"href":"https:\/\/hicoders.ch\/de\/wp-json\/wp\/v2\/comments?post=3721"}],"version-history":[{"count":0,"href":"https:\/\/hicoders.ch\/de\/wp-json\/wp\/v2\/pages\/3721\/revisions"}],"wp:attachment":[{"href":"https:\/\/hicoders.ch\/de\/wp-json\/wp\/v2\/media?parent=3721"}],"curies":[{"name":"wp","href":"https:\/\/api.w.org\/{rel}","templated":true}]}}