{"id":3729,"date":"2021-11-16T19:40:44","date_gmt":"2021-11-16T19:40:44","guid":{"rendered":"https:\/\/yenis.hicoders.ch\/?page_id=3729"},"modified":"2022-11-15T22:12:12","modified_gmt":"2022-11-15T22:12:12","slug":"hicoders-vorstand","status":"publish","type":"page","link":"https:\/\/hicoders.ch\/de\/hicoders-vorstand\/","title":{"rendered":"HiCoders Vorstand"},"content":{"rendered":"<section id=\"bt_bb_section69e2fb7ff06dc\"  class=\"bt_bb_section bt_bb_layout_boxed_1200 bt_bb_vertical_align_top bt_bb_top_spacing_medium bt_bb_bottom_spacing_medium bt_bb_section_with_top_coverage_image\"  data-bt-override-class=\"null\"><div class=\"bt_bb_port\"><div class=\"bt_bb_cell\"><div class=\"bt_bb_cell_inner\"><div class=\"bt_bb_row_wrapper\"><div  class=\"bt_bb_row bt_bb_shape_inherit\"  data-bt-override-class=\"{}\"><div  class=\"bt_bb_column col-xxl-12 col-xl-12 col-xs-12 col-sm-12 col-md-12 col-lg-12 bt_bb_vertical_align_middle bt_bb_align_left bt_bb_padding_normal bt_bb_animation_fade_in bt_bb_animation_move_right animate\"  data-width=\"12\" data-bt-override-class=\"{}\"><div class=\"bt_bb_column_content\"><div class=\"bt_bb_column_content_inner\"><div class=\"bt_bb_separator bt_bb_border_style_none bt_bb_bottom_spacing_medium\" data-bt-override-class=\"null\"><\/div><\/div><\/div><\/div><\/div><\/div><div class=\"bt_bb_row_wrapper\"><div  class=\"bt_bb_row bt_bb_shape_inherit\"  data-bt-override-class=\"{}\"><\/div><\/div><\/div><\/div><\/div><div class=\"bt_bb_section_top_section_coverage_image\"><img decoding=\"async\" src=\"https:\/\/hicoders.ch\/wp-content\/uploads\/2022\/06\/yellow_top_wave_01.png\" alt=\"bt_bb_section_top_section_coverage_image\" \/><\/div><\/section><section id=\"bt_bb_section69e2fb7ff0d6d\"  class=\"bt_bb_section bt_bb_layout_boxed_1200 bt_bb_vertical_align_top bt_bb_top_spacing_medium bt_bb_bottom_spacing_medium\"  data-bt-override-class=\"null\"><div class=\"bt_bb_port\"><div class=\"bt_bb_cell\"><div class=\"bt_bb_cell_inner\"><div class=\"bt_bb_row_wrapper\"><div  class=\"bt_bb_row bt_bb_shape_inherit\"  data-bt-override-class=\"{}\"><div  class=\"bt_bb_column col-xxl-12 col-xl-12 col-xs-12 col-sm-12 col-md-12 col-lg-12 bt_bb_vertical_align_middle bt_bb_align_left bt_bb_padding_normal bt_bb_animation_fade_in bt_bb_animation_move_right animate\"  data-width=\"12\" data-bt-override-class=\"{}\"><div class=\"bt_bb_column_content\"><div class=\"bt_bb_column_content_inner\"><header class=\"bt_bb_headline bt_bb_color_scheme_5 bt_bb_dash_none bt_bb_size_extralarge bt_bb_align_inherit\" style=\"; --primary-color:#191919; --secondary-color:#e9182b;\" data-bt-override-class=\"{&quot;bt_bb_align_&quot;:{&quot;current_class&quot;:&quot;bt_bb_align_inherit&quot;,&quot;xxl&quot;:&quot;inherit&quot;,&quot;xl&quot;:&quot;inherit&quot;}}\"><h1 class=\"bt_bb_headline_tag\"><span class=\"bt_bb_headline_content\"><span>HiCoders Vorstand<br \/>\r\n<\/span><\/span><\/h1><\/header><div  class=\"bt_bb_text\" ><p><span style=\"font-weight: 400;\">Der HiCoders Vorstand \u00fcbernimmt die strategische Planung unseres Vereins. Er dient als Kontrollorgan der operativen Gruppe. Die Vorstandsmitglieder verf\u00fcgen \u00fcber Expertise aus unterschiedlichen Branchen. So unterst\u00fctzen sie den Verein HiCoders mit ihrem Know-How und durch aktives Networking.<\/span><\/p>\n<\/div><div class=\"bt_bb_separator bt_bb_border_style_none bt_bb_bottom_spacing_medium\" data-bt-override-class=\"null\"><\/div><div class=\"bt_bb_separator bt_bb_border_style_none bt_bb_bottom_spacing_medium\" data-bt-override-class=\"null\"><\/div><div  class=\"bt_bb_text\" ><div id=\"awsm-team-3731\" class=\"awsm-grid-wrapper\">\n\t\t\n\t\t\t<div class=\"awsm-grid list-style style-1 grid-3-col \">\n\t\t\t\t\t\t<div id=\"awsm-member-3731-3751\" class=\"awsm-grid-card awsm-team-item awsm-scale-anm awsm-all\">\n\t\t\t\t   <figure>\n\t\t\t\t\t <img loading=\"lazy\" decoding=\"async\" width=\"400\" height=\"401\" src=\"https:\/\/hicoders.ch\/wp-content\/uploads\/2021\/11\/mehmetdogan.jpg\" class=\"attachment-awsm_team size-awsm_team wp-post-image\" alt=\"\" \/>\t\t\t\t\t\t <figcaption>\n\t\t\t\t\t\t\t<div class=\"awsm-personal-info\"><h3>Mehmet Dogan<\/h3><span>Pr\u00e4sident<\/span><\/div>\n\t\t\t\t\t\t\t<div class=\"awsm-contact-info\">\n\t\t\t\t\t\t\t\t<span style=\"font-weight: 400;\">Vor 4 Jahren war Mehmet einer der Ingenieure, die im Z\u00fcrcher Oberland HiCoders als soziales Projekt &#8211; mit Fokus auf Gefl\u00fcchtete, Frauen und Kinder &#8211; ins Leben riefen. Er leitet die Aktivit\u00e4ten bis heute als Pr\u00e4sident von HiCoders. So k\u00fcmmert er sich um das Organisatorische, die Harmonie im Team und die Entwicklung des Vereins Hicoders. Zudem ist er mit Herzblut Instruktor der Web Programming und Java Kurse.<\/span><div class=\"awsm-social-icons\"><span><a href=\"https:\/\/www.linkedin.com\/in\/mehmet-dogan-ch\/\" target=\"_blank\"><i class=\"awsm-icon-instagram\" aria-hidden=\"true\"><\/i><\/a><\/span><span><a href=\"mailto:mehmet.dogan@hicoders.ch\"><i class=\"awsm-icon-mail\" aria-hidden=\"true\"><\/i><\/a><\/span><\/div>\t\t\t\t\t\t\t<\/div>\n\t\t\t\t\t\t <\/figcaption>\n\t\t\t\t   <\/figure>\n\t\t\t\t<\/div>\n\t\t\t\t\t\t\t<div id=\"awsm-member-3731-3753\" class=\"awsm-grid-card awsm-team-item awsm-scale-anm awsm-all\">\n\t\t\t\t   <figure>\n\t\t\t\t\t <img loading=\"lazy\" decoding=\"async\" width=\"400\" height=\"401\" src=\"https:\/\/hicoders.ch\/wp-content\/uploads\/2021\/11\/hasan_irmakss.jpg\" class=\"attachment-awsm_team size-awsm_team wp-post-image\" alt=\"\" \/>\t\t\t\t\t\t <figcaption>\n\t\t\t\t\t\t\t<div class=\"awsm-personal-info\"><h3>Hasan Irmak<\/h3><span>Vorstandsmitglied<\/span><\/div>\n\t\t\t\t\t\t\t<div class=\"awsm-contact-info\">\n\t\t\t\t\t\t\t\t<span style=\"font-weight: 400;\">Hasan ist selbstst\u00e4ndig im Software-Entwicklungsbereich. Er ist CEO von Image Ware AG. Er unterst\u00fctzt junge Leute auf ihrem Weg zur IT-Karriere. Deshalb ist er mit Leidenschaft Mitglied des Hicoders-Verwaltungsrats und m\u00f6chte zu diesem sozialen Projekt seinen Beitrag leisten.<\/span>\t\t\t\t\t\t\t<\/div>\n\t\t\t\t\t\t <\/figcaption>\n\t\t\t\t   <\/figure>\n\t\t\t\t<\/div>\n\t\t\t\t\t\t\t<div id=\"awsm-member-3731-3754\" class=\"awsm-grid-card awsm-team-item awsm-scale-anm awsm-all\">\n\t\t\t\t   <figure>\n\t\t\t\t\t <img loading=\"lazy\" decoding=\"async\" width=\"400\" height=\"401\" src=\"https:\/\/hicoders.ch\/wp-content\/uploads\/2021\/11\/ramazan-ozgu.jpg\" class=\"attachment-awsm_team size-awsm_team wp-post-image\" alt=\"\" \/>\t\t\t\t\t\t <figcaption>\n\t\t\t\t\t\t\t<div class=\"awsm-personal-info\"><h3>Ramazan \u00d6zg\u00fc<\/h3><span>Vorstandsmitglied<\/span><\/div>\n\t\t\t\t\t\t\t<div class=\"awsm-contact-info\">\n\t\t\t\t\t\t\t\t<span style=\"font-weight: 400;\">An der Universit\u00e4t Z\u00fcrich und der Donau Universit\u00e4t Krems hat Ramazan Rechtswissenschaft studiert. Er setzt sich gerne f\u00fcr soziale Projekte ein. HiCoders unterst\u00fctzt er im rechtlichen Bereich, sowie bei Projektbeschreibungen und Recherche-Aufgaben.<\/span>\t\t\t\t\t\t\t<\/div>\n\t\t\t\t\t\t <\/figcaption>\n\t\t\t\t   <\/figure>\n\t\t\t\t<\/div>\n\t\t\t\t\t\t\t<div id=\"awsm-member-3731-3757\" class=\"awsm-grid-card awsm-team-item awsm-scale-anm awsm-all\">\n\t\t\t\t   <figure>\n\t\t\t\t\t <img loading=\"lazy\" decoding=\"async\" width=\"400\" height=\"401\" src=\"https:\/\/hicoders.ch\/wp-content\/uploads\/2021\/11\/bayan.png\" class=\"attachment-awsm_team size-awsm_team wp-post-image\" alt=\"\" \/>\t\t\t\t\t\t <figcaption>\n\t\t\t\t\t\t\t<div class=\"awsm-personal-info\"><h3>Nurg\u00fcl \u00dcnl\u00fc<\/h3><span>Vorstandsmitglied<\/span><\/div>\n\t\t\t\t\t\t\t<div class=\"awsm-contact-info\">\n\t\t\t\t\t\t\t\t<span style=\"font-weight: 400;\">Nurg\u00fcl ist seit \u00fcber 20 Jahren in der Buchhaltung t\u00e4tig. An der Fachschule Basel hat sie sich zur Spezialistin im Finanz- und Rechnungswesen mit eidgen\u00f6ssischem Fachausweis, Buchhaltung und Finanzen weitergebildet. Zurzeit arbeitet sie als Head of Accounting eines internationalen Grosskonzerns. HiCoders steht sie bei finanziellen Themen beratend zu Seite. <\/span><div class=\"awsm-social-icons\"><span><a href=\"mailto:nurgul.unlu@hicoders.ch\"><i class=\"awsm-icon-mail\" aria-hidden=\"true\"><\/i><\/a><\/span><\/div>\t\t\t\t\t\t\t<\/div>\n\t\t\t\t\t\t <\/figcaption>\n\t\t\t\t   <\/figure>\n\t\t\t\t<\/div>\n\t\t\t\t\t\t\t<div id=\"awsm-member-3731-3756\" class=\"awsm-grid-card awsm-team-item awsm-scale-anm awsm-all\">\n\t\t\t\t   <figure>\n\t\t\t\t\t <img loading=\"lazy\" decoding=\"async\" width=\"400\" height=\"401\" src=\"https:\/\/hicoders.ch\/wp-content\/uploads\/2021\/11\/sukru-unlu.jpg\" class=\"attachment-awsm_team size-awsm_team wp-post-image\" alt=\"\" \/>\t\t\t\t\t\t <figcaption>\n\t\t\t\t\t\t\t<div class=\"awsm-personal-info\"><h3>S\u00fckr\u00fc \u00dcnl\u00fc<\/h3><span>Vorstandsmitglied<\/span><\/div>\n\t\t\t\t\t\t\t<div class=\"awsm-contact-info\">\n\t\t\t\t\t\t\t\t<span style=\"font-weight: 400;\">S\u00fckr\u00fc ist CFC-Logistiker mit eidgen\u00f6ssischem Fachausweis Lagerleiter. Zudem ist er selbstst\u00e4ndiger Schuhmacher und zu Hause Papa. Zurzeit lernt er Computersprachen.<\/span>\t\t\t\t\t\t\t<\/div>\n\t\t\t\t\t\t <\/figcaption>\n\t\t\t\t   <\/figure>\n\t\t\t\t<\/div>\n\t\t\t\t\t\t\t<div id=\"awsm-member-3731-3638\" class=\"awsm-grid-card awsm-team-item awsm-scale-anm awsm-all\">\n\t\t\t\t   <figure>\n\t\t\t\t\t <img loading=\"lazy\" decoding=\"async\" width=\"400\" height=\"401\" src=\"https:\/\/hicoders.ch\/wp-content\/uploads\/2021\/11\/cemil-abi.jpg\" class=\"attachment-awsm_team size-awsm_team wp-post-image\" alt=\"\" \/>\t\t\t\t\t\t <figcaption>\n\t\t\t\t\t\t\t<div class=\"awsm-personal-info\"><h3>Cemil Dogan<\/h3><span>Vize-Pr\u00e4sident und Instruktor<\/span><\/div>\n\t\t\t\t\t\t\t<div class=\"awsm-contact-info\">\n\t\t\t\t\t\t\t\t\u00dcber zehn Jahre Erfahrung mit Webtechnologien. Nie aufgeh\u00f6rt, mehr zu lernen und mit anderen zu teilen. Derzeit als Fullstack-Entwickler in Z\u00fcrich bei der Crealogix AG t\u00e4tig. Immer noch mit dem Motto unterwegs &#8222;Eine Kerze verliert ihre Flamme nicht, wenn man eine andere Kerze anz\u00fcndet&#8220;, genau wie das Gl\u00fcck.<div class=\"awsm-social-icons\"><span><a href=\"https:\/\/www.linkedin.com\/in\/cemil-dogan-0205a932\/\" target=\"_blank\"><i class=\"awsm-icon-instagram\" aria-hidden=\"true\"><\/i><\/a><\/span><\/div>\t\t\t\t\t\t\t<\/div>\n\t\t\t\t\t\t <\/figcaption>\n\t\t\t\t   <\/figure>\n\t\t\t\t<\/div>\n\t\t\t\t\t<\/div>\n\t\t<\/div>\n<\/div><\/div><\/div><\/div><\/div><\/div><div class=\"bt_bb_row_wrapper\"><div  class=\"bt_bb_row bt_bb_shape_inherit\"  data-bt-override-class=\"{}\"><div  class=\"bt_bb_column col-xxl-12 col-xl-12 col-xs-12 col-sm-12 col-md-12 col-lg-12 bt_bb_vertical_align_top bt_bb_align_left bt_bb_padding_normal bt_bb_shape_inherit\"  data-width=\"12\" data-bt-override-class=\"{}\"><div class=\"bt_bb_column_content\"><div class=\"bt_bb_column_content_inner\"><\/div><\/div><\/div><\/div><\/div><div class=\"bt_bb_row_wrapper\"><div  class=\"bt_bb_row bt_bb_shape_inherit\"  data-bt-override-class=\"{}\"><div  class=\"bt_bb_column col-xxl-12 col-xl-12 col-xs-12 col-sm-12 col-md-12 col-lg-12 bt_bb_vertical_align_top bt_bb_align_left bt_bb_padding_normal bt_bb_shape_inherit\"  data-width=\"12\" data-bt-override-class=\"{}\"><div class=\"bt_bb_column_content\"><div class=\"bt_bb_column_content_inner\"><\/div><\/div><\/div><\/div><\/div><\/div><\/div><\/div><\/section>","protected":false},"excerpt":{"rendered":"","protected":false},"author":1,"featured_media":0,"parent":0,"menu_order":0,"comment_status":"closed","ping_status":"closed","template":"","meta":{"footnotes":""},"class_list":["post-3729","page","type-page","status-publish","hentry"],"yoast_head":"<!-- This site is optimized with the Yoast SEO plugin v20.4 - https:\/\/yoast.com\/wordpress\/plugins\/seo\/ -->\n<title>HiCoders Vorstand - &lt;hi\/coders&gt;<\/title>\n<meta name=\"description\" content=\"Der HiCoders Vorstand \u00fcbernimmt die strategische Planung unseres Vereins. Er dient als Kontrollorgan der operativen Gruppe. Die Vorstandsmitglieder verf\u00fcgen \u00fcber Expertise aus unterschiedlichen Branchen. So unterst\u00fctzen sie den Verein HiCoders mit ihrem Know-How und durch aktives Networking.\" \/>\n<meta name=\"robots\" content=\"index, follow, max-snippet:-1, max-image-preview:large, max-video-preview:-1\" \/>\n<link rel=\"canonical\" href=\"https:\/\/hicoders.ch\/de\/hicoders-vorstand\/\" \/>\n<meta property=\"og:locale\" content=\"de_DE\" \/>\n<meta property=\"og:type\" content=\"article\" \/>\n<meta property=\"og:title\" content=\"HiCoders Vorstand - &lt;hi\/coders&gt;\" \/>\n<meta property=\"og:description\" content=\"Der HiCoders Vorstand \u00fcbernimmt die strategische Planung unseres Vereins. Er dient als Kontrollorgan der operativen Gruppe. Die Vorstandsmitglieder verf\u00fcgen \u00fcber Expertise aus unterschiedlichen Branchen. So unterst\u00fctzen sie den Verein HiCoders mit ihrem Know-How und durch aktives Networking.\" \/>\n<meta property=\"og:url\" content=\"https:\/\/hicoders.ch\/de\/hicoders-vorstand\/\" \/>\n<meta property=\"og:site_name\" content=\"&lt;hi\/coders&gt;\" \/>\n<meta property=\"article:publisher\" content=\"https:\/\/facebook.com\/hicodersche\" \/>\n<meta property=\"article:modified_time\" content=\"2022-11-15T22:12:12+00:00\" \/>\n<meta name=\"twitter:card\" content=\"summary_large_image\" \/>\n<meta name=\"twitter:label1\" content=\"Gesch\u00e4tzte Lesezeit\" \/>\n\t<meta name=\"twitter:data1\" content=\"2\u00a0Minuten\" \/>\n<script type=\"application\/ld+json\" class=\"yoast-schema-graph\">{\"@context\":\"https:\/\/schema.org\",\"@graph\":[{\"@type\":\"WebPage\",\"@id\":\"https:\/\/hicoders.ch\/de\/hicoders-vorstand\/\",\"url\":\"https:\/\/hicoders.ch\/de\/hicoders-vorstand\/\",\"name\":\"HiCoders Vorstand - &lt;hi\/coders&gt;\",\"isPartOf\":{\"@id\":\"https:\/\/hicoders.ch\/de\/#website\"},\"datePublished\":\"2021-11-16T19:40:44+00:00\",\"dateModified\":\"2022-11-15T22:12:12+00:00\",\"description\":\"Der HiCoders Vorstand \u00fcbernimmt die strategische Planung unseres Vereins. Er dient als Kontrollorgan der operativen Gruppe. Die Vorstandsmitglieder verf\u00fcgen \u00fcber Expertise aus unterschiedlichen Branchen. So unterst\u00fctzen sie den Verein HiCoders mit ihrem Know-How und durch aktives Networking.\",\"breadcrumb\":{\"@id\":\"https:\/\/hicoders.ch\/de\/hicoders-vorstand\/#breadcrumb\"},\"inLanguage\":\"de\",\"potentialAction\":[{\"@type\":\"ReadAction\",\"target\":[\"https:\/\/hicoders.ch\/de\/hicoders-vorstand\/\"]}]},{\"@type\":\"BreadcrumbList\",\"@id\":\"https:\/\/hicoders.ch\/de\/hicoders-vorstand\/#breadcrumb\",\"itemListElement\":[{\"@type\":\"ListItem\",\"position\":1,\"name\":\"Home\",\"item\":\"https:\/\/hicoders.ch\/de\/\"},{\"@type\":\"ListItem\",\"position\":2,\"name\":\"HiCoders Vorstand\"}]},{\"@type\":\"WebSite\",\"@id\":\"https:\/\/hicoders.ch\/de\/#website\",\"url\":\"https:\/\/hicoders.ch\/de\/\",\"name\":\"HiCoders\",\"description\":\"\u201eLead your IT career\u201c\",\"publisher\":{\"@id\":\"https:\/\/hicoders.ch\/de\/#organization\"},\"potentialAction\":[{\"@type\":\"SearchAction\",\"target\":{\"@type\":\"EntryPoint\",\"urlTemplate\":\"https:\/\/hicoders.ch\/de\/?s={search_term_string}\"},\"query-input\":\"required name=search_term_string\"}],\"inLanguage\":\"de\"},{\"@type\":\"Organization\",\"@id\":\"https:\/\/hicoders.ch\/de\/#organization\",\"name\":\"HiCoders\",\"url\":\"https:\/\/hicoders.ch\/de\/\",\"logo\":{\"@type\":\"ImageObject\",\"inLanguage\":\"de\",\"@id\":\"https:\/\/hicoders.ch\/de\/#\/schema\/logo\/image\/\",\"url\":\"https:\/\/hicoders.ch\/wp-content\/uploads\/2021\/11\/cropped-Instagaram-1-1.png\",\"contentUrl\":\"https:\/\/hicoders.ch\/wp-content\/uploads\/2021\/11\/cropped-Instagaram-1-1.png\",\"width\":512,\"height\":512,\"caption\":\"HiCoders\"},\"image\":{\"@id\":\"https:\/\/hicoders.ch\/de\/#\/schema\/logo\/image\/\"},\"sameAs\":[\"https:\/\/facebook.com\/hicodersche\",\"https:\/\/www.instagram.com\/hicodersch\/\",\"https:\/\/www.linkedin.com\/company\/hicodersch\",\"https:\/\/www.youtube.com\/@hicodersch\"]}]}<\/script>\n<!-- \/ Yoast SEO plugin. -->","yoast_head_json":{"title":"HiCoders Vorstand - &lt;hi\/coders&gt;","description":"Der HiCoders Vorstand \u00fcbernimmt die strategische Planung unseres Vereins. Er dient als Kontrollorgan der operativen Gruppe. Die Vorstandsmitglieder verf\u00fcgen \u00fcber Expertise aus unterschiedlichen Branchen. So unterst\u00fctzen sie den Verein HiCoders mit ihrem Know-How und durch aktives Networking.","robots":{"index":"index","follow":"follow","max-snippet":"max-snippet:-1","max-image-preview":"max-image-preview:large","max-video-preview":"max-video-preview:-1"},"canonical":"https:\/\/hicoders.ch\/de\/hicoders-vorstand\/","og_locale":"de_DE","og_type":"article","og_title":"HiCoders Vorstand - &lt;hi\/coders&gt;","og_description":"Der HiCoders Vorstand \u00fcbernimmt die strategische Planung unseres Vereins. Er dient als Kontrollorgan der operativen Gruppe. Die Vorstandsmitglieder verf\u00fcgen \u00fcber Expertise aus unterschiedlichen Branchen. So unterst\u00fctzen sie den Verein HiCoders mit ihrem Know-How und durch aktives Networking.","og_url":"https:\/\/hicoders.ch\/de\/hicoders-vorstand\/","og_site_name":"&lt;hi\/coders&gt;","article_publisher":"https:\/\/facebook.com\/hicodersche","article_modified_time":"2022-11-15T22:12:12+00:00","twitter_card":"summary_large_image","twitter_misc":{"Gesch\u00e4tzte Lesezeit":"2\u00a0Minuten"},"schema":{"@context":"https:\/\/schema.org","@graph":[{"@type":"WebPage","@id":"https:\/\/hicoders.ch\/de\/hicoders-vorstand\/","url":"https:\/\/hicoders.ch\/de\/hicoders-vorstand\/","name":"HiCoders Vorstand - &lt;hi\/coders&gt;","isPartOf":{"@id":"https:\/\/hicoders.ch\/de\/#website"},"datePublished":"2021-11-16T19:40:44+00:00","dateModified":"2022-11-15T22:12:12+00:00","description":"Der HiCoders Vorstand \u00fcbernimmt die strategische Planung unseres Vereins. Er dient als Kontrollorgan der operativen Gruppe. Die Vorstandsmitglieder verf\u00fcgen \u00fcber Expertise aus unterschiedlichen Branchen. So unterst\u00fctzen sie den Verein HiCoders mit ihrem Know-How und durch aktives Networking.","breadcrumb":{"@id":"https:\/\/hicoders.ch\/de\/hicoders-vorstand\/#breadcrumb"},"inLanguage":"de","potentialAction":[{"@type":"ReadAction","target":["https:\/\/hicoders.ch\/de\/hicoders-vorstand\/"]}]},{"@type":"BreadcrumbList","@id":"https:\/\/hicoders.ch\/de\/hicoders-vorstand\/#breadcrumb","itemListElement":[{"@type":"ListItem","position":1,"name":"Home","item":"https:\/\/hicoders.ch\/de\/"},{"@type":"ListItem","position":2,"name":"HiCoders Vorstand"}]},{"@type":"WebSite","@id":"https:\/\/hicoders.ch\/de\/#website","url":"https:\/\/hicoders.ch\/de\/","name":"HiCoders","description":"\u201eLead your IT career\u201c","publisher":{"@id":"https:\/\/hicoders.ch\/de\/#organization"},"potentialAction":[{"@type":"SearchAction","target":{"@type":"EntryPoint","urlTemplate":"https:\/\/hicoders.ch\/de\/?s={search_term_string}"},"query-input":"required name=search_term_string"}],"inLanguage":"de"},{"@type":"Organization","@id":"https:\/\/hicoders.ch\/de\/#organization","name":"HiCoders","url":"https:\/\/hicoders.ch\/de\/","logo":{"@type":"ImageObject","inLanguage":"de","@id":"https:\/\/hicoders.ch\/de\/#\/schema\/logo\/image\/","url":"https:\/\/hicoders.ch\/wp-content\/uploads\/2021\/11\/cropped-Instagaram-1-1.png","contentUrl":"https:\/\/hicoders.ch\/wp-content\/uploads\/2021\/11\/cropped-Instagaram-1-1.png","width":512,"height":512,"caption":"HiCoders"},"image":{"@id":"https:\/\/hicoders.ch\/de\/#\/schema\/logo\/image\/"},"sameAs":["https:\/\/facebook.com\/hicodersche","https:\/\/www.instagram.com\/hicodersch\/","https:\/\/www.linkedin.com\/company\/hicodersch","https:\/\/www.youtube.com\/@hicodersch"]}]}},"_links":{"self":[{"href":"https:\/\/hicoders.ch\/de\/wp-json\/wp\/v2\/pages\/3729","targetHints":{"allow":["GET"]}}],"collection":[{"href":"https:\/\/hicoders.ch\/de\/wp-json\/wp\/v2\/pages"}],"about":[{"href":"https:\/\/hicoders.ch\/de\/wp-json\/wp\/v2\/types\/page"}],"author":[{"embeddable":true,"href":"https:\/\/hicoders.ch\/de\/wp-json\/wp\/v2\/users\/1"}],"replies":[{"embeddable":true,"href":"https:\/\/hicoders.ch\/de\/wp-json\/wp\/v2\/comments?post=3729"}],"version-history":[{"count":0,"href":"https:\/\/hicoders.ch\/de\/wp-json\/wp\/v2\/pages\/3729\/revisions"}],"wp:attachment":[{"href":"https:\/\/hicoders.ch\/de\/wp-json\/wp\/v2\/media?parent=3729"}],"curies":[{"name":"wp","href":"https:\/\/api.w.org\/{rel}","templated":true}]}}