{"id":5114,"date":"2022-03-10T21:13:34","date_gmt":"2022-03-10T21:13:34","guid":{"rendered":"https:\/\/hicoders.ch\/?page_id=5114"},"modified":"2023-06-02T14:26:16","modified_gmt":"2023-06-02T14:26:16","slug":"talent-agentur","status":"publish","type":"page","link":"https:\/\/hicoders.ch\/de\/talent-agentur\/","title":{"rendered":"Talent-Agentur"},"content":{"rendered":"<section id=\"bt_bb_section69e2fb9a31746\"  class=\"bt_bb_section bt_bb_layout_boxed_1200 bt_bb_vertical_align_top bt_bb_top_spacing_medium bt_bb_bottom_spacing_medium\"  data-bt-override-class=\"null\"><div class=\"bt_bb_port\"><div class=\"bt_bb_cell\"><div class=\"bt_bb_cell_inner\"><div class=\"bt_bb_row_wrapper\"><div  class=\"bt_bb_row bt_bb_shape_inherit\"  data-bt-override-class=\"{}\"><div  class=\"bt_bb_column col-xxl-12 col-xl-12 col-xs-12 col-sm-12 col-md-12 col-lg-12 bt_bb_vertical_align_middle bt_bb_align_left bt_bb_padding_normal bt_bb_animation_fade_in bt_bb_animation_move_right animate\"  data-width=\"12\" data-bt-override-class=\"{}\"><div class=\"bt_bb_column_content\"><div class=\"bt_bb_column_content_inner\"><div class=\"bt_bb_separator bt_bb_border_style_none bt_bb_bottom_spacing_medium\" data-bt-override-class=\"null\"><\/div><header class=\"bt_bb_headline bt_bb_color_scheme_5 bt_bb_dash_none bt_bb_size_extralarge bt_bb_align_inherit\" style=\"; --primary-color:#191919; --secondary-color:#e9182b;\" data-bt-override-class=\"{&quot;bt_bb_align_&quot;:{&quot;current_class&quot;:&quot;bt_bb_align_inherit&quot;,&quot;xxl&quot;:&quot;inherit&quot;,&quot;xl&quot;:&quot;inherit&quot;}}\"><h1 class=\"bt_bb_headline_tag\"><span class=\"bt_bb_headline_content\"><span>Talent-Agentur<\/span><\/span><\/h1><\/header><div class=\"bt_bb_separator bt_bb_border_style_none bt_bb_bottom_spacing_medium\" data-bt-override-class=\"null\"><\/div><div  class=\"bt_bb_text\" ><p>HiCoders setzt sich f\u00fcr die Chancengleichheit im Schweizer Arbeitsmarkt ein und bietet Unterst\u00fctzung nicht nur f\u00fcr unsere Absolventinnen und Absolventen, sondern auch f\u00fcr alle anderen, unabh\u00e4ngig von ihrer Herkunft oder Hintergrund. Als IT-Experten m\u00f6chten wir dazu beitragen, den Einstieg in den Arbeitsmarkt in der Schweiz zu erleichtern und so allen Interessierten zu helfen, ihre Karrieretr\u00e4ume zu verwirklichen.<\/p>\n<p>Dauer: 18 Monate<\/p>\n<p>Kosten: CHF 3.000.-<\/p>\n<p>Anmeldung: talent@hicoders.ch<\/p>\n<\/div><\/div><\/div><\/div><\/div><\/div><\/div><\/div><\/div><\/section><section id=\"bt_bb_section69e2fb9a31d26\"  class=\"bt_bb_section bt_bb_layout_boxed_1200 bt_bb_vertical_align_top bt_bb_top_spacing_small bt_bb_bottom_spacing_medium\"  data-bt-override-class=\"null\"><div class=\"bt_bb_port\"><div class=\"bt_bb_cell\"><div class=\"bt_bb_cell_inner\"><div class=\"bt_bb_row_wrapper\"><div  class=\"bt_bb_row bt_bb_shape_inherit\"  data-bt-override-class=\"{}\"><div  class=\"bt_bb_column col-xxl-6 col-xl-6 bt_bb_vertical_align_middle bt_bb_align_left bt_bb_padding_normal bt_bb_animation_fade_in bt_bb_animation_move_right animate\"  data-width=\"6\" data-bt-override-class=\"{}\"><div class=\"bt_bb_column_content\"><div class=\"bt_bb_column_content_inner\"><header class=\"bt_bb_headline bt_bb_color_scheme_5 bt_bb_dash_none bt_bb_size_large bt_bb_align_inherit\" style=\"; --primary-color:#191919; --secondary-color:#e9182b;\" data-bt-override-class=\"{&quot;bt_bb_align_&quot;:{&quot;current_class&quot;:&quot;bt_bb_align_inherit&quot;,&quot;xxl&quot;:&quot;inherit&quot;,&quot;xl&quot;:&quot;inherit&quot;}}\"><h3 class=\"bt_bb_headline_tag\"><span class=\"bt_bb_headline_content\"><span>F\u00fcr Firmen und Organisationen<\/span><\/span><\/h3><\/header><div  class=\"bt_bb_text\" ><p>Suchst du Fullstack Entwickler*innen, Frontend- oder Backend-Programmierer*innen, Tester*innen, DevOps- oder Cloud Engineers? Sag <a href=\"mailto:info@hicoders.ch\">uns<\/a>, was du suchst, und wir verhelfen dir zum Wunschmitarbeitenden. Nach deinen Vorstellungen suchen wir aus unserem Talent-Pool passende Kandidatinnen und Kandidaten f\u00fcr dich aus.<\/p>\n<p>Alle unsere Talente sind engagierte Teamplayer. Sie sind es gew\u00f6hnt, ihre Ideen einzubringen, um Probleme zu l\u00f6sen. Sie arbeiten agil, teilen ihre Zeit gut ein und kommunizieren offen und effizient.<\/p>\n<p>Absolventinnen und Absolventen unseres <a href=\"https:\/\/hicoders.ch\/de\/web-engineering-kurs\/\">Web Engineering-Kurses<\/a> verf\u00fcgen je nach Vertiefung \u00fcber fundiertes theoretisches und praktisches Wissen \u00fcber Fullstack Web Development, AWS Cloud, DevOps und Testing. Wer das <a href=\"https:\/\/hicoders.ch\/de\/learnbees-programm\/\">Learnbees Programm<\/a> abgeschlossen hat, verf\u00fcgt zudem \u00fcber vertieftes Verst\u00e4ndnis der agiles Produktentwicklung mit Java- und Node.Js-Plattform, kann die relevanten Tools und Methodologien in Projekten anwenden.<\/p>\n<p>Hast du Fragen oder interessierst du dich f\u00fcr unsere Angebote? Dann freut sich unsere <a href=\"mailto:ayse.ertekin@hicoders.ch\">Ayse Ertekin<\/a> auf deine Kontaktaufnahme!<\/p>\n<\/div><\/div><\/div><\/div><div  class=\"bt_bb_column col-xxl-6 col-xl-6 bt_bb_vertical_align_middle bt_bb_align_left bt_bb_padding_normal bt_bb_animation_fade_in animate bt_bb_shape_inherit\" style=\"position: relative;\" data-width=\"6\" data-bt-override-class=\"{}\"><div class=\"bt_bb_column_content\"><div class=\"bt_bb_column_content_inner\"><div class=\"bt_bb_image btHeroGirl bt_bb_shape_square bt_bb_align_inherit bt_bb_hover_style_simple bt_bb_content_display_always bt_bb_content_align_middle\" data-bt-override-class=\"null\"><span><img src = \"https:\/\/hicoders.ch\/wp-content\/plugins\/bold-page-builder\/img\/blank.gif\" data-image_src=\"https:\/\/hicoders.ch\/wp-content\/uploads\/2022\/03\/22-png.png\" title=\"22-png\" alt=\"https:\/\/hicoders.ch\/wp-content\/uploads\/2022\/03\/22-png.png\" class=\"btLazyLoadImage\"><\/span><\/div><\/div><\/div><\/div><\/div><\/div><\/div><\/div><\/div><\/section><section id=\"bt_bb_section69e2fb9a32511\"  class=\"bt_bb_section bt_bb_layout_boxed_1200 bt_bb_vertical_align_top bt_bb_top_spacing_medium bt_bb_bottom_spacing_medium\"  data-bt-override-class=\"null\"><div class=\"bt_bb_port\"><div class=\"bt_bb_cell\"><div class=\"bt_bb_cell_inner\"><div class=\"bt_bb_row_wrapper\"><div  class=\"bt_bb_row bt_bb_shape_inherit\"  data-bt-override-class=\"{}\"><div  class=\"bt_bb_column col-xxl-6 col-xl-6 bt_bb_vertical_align_middle bt_bb_align_left bt_bb_padding_normal bt_bb_animation_fade_in animate bt_bb_shape_inherit\" style=\"position: relative;\" data-width=\"6\" data-bt-override-class=\"{}\"><div class=\"bt_bb_column_content\"><div class=\"bt_bb_column_content_inner\"><div class=\"bt_bb_image btHeroGirl bt_bb_shape_square bt_bb_align_inherit bt_bb_hover_style_simple bt_bb_content_display_always bt_bb_content_align_middle\" data-bt-override-class=\"null\"><span><img src = \"https:\/\/hicoders.ch\/wp-content\/plugins\/bold-page-builder\/img\/blank.gif\" data-image_src=\"https:\/\/hicoders.ch\/wp-content\/uploads\/2022\/03\/33-png.png\" title=\"33-png\" alt=\"https:\/\/hicoders.ch\/wp-content\/uploads\/2022\/03\/33-png.png\" class=\"btLazyLoadImage\"><\/span><\/div><\/div><\/div><\/div><div  class=\"bt_bb_column col-xxl-6 col-xl-6 bt_bb_vertical_align_middle bt_bb_align_left bt_bb_padding_normal bt_bb_animation_fade_in bt_bb_animation_move_right animate\"  data-width=\"6\" data-bt-override-class=\"{}\"><div class=\"bt_bb_column_content\"><div class=\"bt_bb_column_content_inner\"><header class=\"bt_bb_headline bt_bb_color_scheme_5 bt_bb_dash_none bt_bb_size_large bt_bb_align_inherit\" style=\"; --primary-color:#191919; --secondary-color:#e9182b;\" data-bt-override-class=\"{&quot;bt_bb_align_&quot;:{&quot;current_class&quot;:&quot;bt_bb_align_inherit&quot;,&quot;xxl&quot;:&quot;inherit&quot;,&quot;xl&quot;:&quot;inherit&quot;}}\"><h5 class=\"bt_bb_headline_tag\"><span class=\"bt_bb_headline_content\"><span>F\u00fcr Absolventinnen und Absolventen<\/span><\/span><\/h5><\/header><div  class=\"bt_bb_text\" ><p><span style=\"font-weight: 400;\">Du hast einen HiCoders-Kurs besucht und suchst nun nach deiner Traumstelle? HiCoders hilft dir. Gemeinsam gestalten wir einen ansprechenden Lebenslauf, wir bringen dein LinkedIn-Profil auf den neusten Stand und wir \u00fcben mit dir den gelungenen Auftritt beim Vorstellungsgespr\u00e4ch. Zudem f\u00fchren wir Career Days durch, stellen f\u00fcr dich Kontakte zu Firmen her und vermitteln dich so an die gew\u00fcnschte Stelle.<\/span><\/p>\n<p><span style=\"font-weight: 400;\">Klingt spannend? Dann melde dich gleich bei <\/span><a href=\"mailto:info@hicoders.ch\"><span style=\"font-weight: 400;\">uns<\/span><\/a><span style=\"font-weight: 400;\">!<\/span><\/p>\n<\/div><\/div><\/div><\/div><\/div><\/div><\/div><\/div><\/div><\/section>","protected":false},"excerpt":{"rendered":"","protected":false},"author":1,"featured_media":0,"parent":0,"menu_order":0,"comment_status":"closed","ping_status":"closed","template":"","meta":{"footnotes":""},"class_list":["post-5114","page","type-page","status-publish","hentry"],"yoast_head":"<!-- This site is optimized with the Yoast SEO plugin v20.4 - https:\/\/yoast.com\/wordpress\/plugins\/seo\/ -->\n<title>Talent-Agentur - &lt;hi\/coders&gt;<\/title>\n<meta name=\"description\" content=\"Besonderen Fokus erh\u00e4lt in diesem Programm neben der Theorie die praktische Anwendung von Fullstack-Programmierung und Frameworks auf der Java-Plattform. Dieser Kurs ist auf Personen ausgelegt, die bereits \u00fcber eine bestimmte Programmiererfahrung verf\u00fcgen oder unseren Kurs in Web-Programming abgeschlossen haben.\" \/>\n<meta name=\"robots\" content=\"index, follow, max-snippet:-1, max-image-preview:large, max-video-preview:-1\" \/>\n<link rel=\"canonical\" href=\"https:\/\/hicoders.ch\/de\/talent-agentur\/\" \/>\n<meta property=\"og:locale\" content=\"de_DE\" \/>\n<meta property=\"og:type\" content=\"article\" \/>\n<meta property=\"og:title\" content=\"Talent-Agentur - &lt;hi\/coders&gt;\" \/>\n<meta property=\"og:description\" content=\"Besonderen Fokus erh\u00e4lt in diesem Programm neben der Theorie die praktische Anwendung von Fullstack-Programmierung und Frameworks auf der Java-Plattform. Dieser Kurs ist auf Personen ausgelegt, die bereits \u00fcber eine bestimmte Programmiererfahrung verf\u00fcgen oder unseren Kurs in Web-Programming abgeschlossen haben.\" \/>\n<meta property=\"og:url\" content=\"https:\/\/hicoders.ch\/de\/talent-agentur\/\" \/>\n<meta property=\"og:site_name\" content=\"&lt;hi\/coders&gt;\" \/>\n<meta property=\"article:publisher\" content=\"https:\/\/facebook.com\/hicodersche\" \/>\n<meta property=\"article:modified_time\" content=\"2023-06-02T14:26:16+00:00\" \/>\n<meta name=\"twitter:card\" content=\"summary_large_image\" \/>\n<meta name=\"twitter:label1\" content=\"Gesch\u00e4tzte Lesezeit\" \/>\n\t<meta name=\"twitter:data1\" content=\"4\u00a0Minuten\" \/>\n<script type=\"application\/ld+json\" class=\"yoast-schema-graph\">{\"@context\":\"https:\/\/schema.org\",\"@graph\":[{\"@type\":\"WebPage\",\"@id\":\"https:\/\/hicoders.ch\/de\/talent-agentur\/\",\"url\":\"https:\/\/hicoders.ch\/de\/talent-agentur\/\",\"name\":\"Talent-Agentur - &lt;hi\/coders&gt;\",\"isPartOf\":{\"@id\":\"https:\/\/hicoders.ch\/de\/#website\"},\"datePublished\":\"2022-03-10T21:13:34+00:00\",\"dateModified\":\"2023-06-02T14:26:16+00:00\",\"description\":\"Besonderen Fokus erh\u00e4lt in diesem Programm neben der Theorie die praktische Anwendung von Fullstack-Programmierung und Frameworks auf der Java-Plattform. Dieser Kurs ist auf Personen ausgelegt, die bereits \u00fcber eine bestimmte Programmiererfahrung verf\u00fcgen oder unseren Kurs in Web-Programming abgeschlossen haben.\",\"breadcrumb\":{\"@id\":\"https:\/\/hicoders.ch\/de\/talent-agentur\/#breadcrumb\"},\"inLanguage\":\"de\",\"potentialAction\":[{\"@type\":\"ReadAction\",\"target\":[\"https:\/\/hicoders.ch\/de\/talent-agentur\/\"]}]},{\"@type\":\"BreadcrumbList\",\"@id\":\"https:\/\/hicoders.ch\/de\/talent-agentur\/#breadcrumb\",\"itemListElement\":[{\"@type\":\"ListItem\",\"position\":1,\"name\":\"Home\",\"item\":\"https:\/\/hicoders.ch\/de\/\"},{\"@type\":\"ListItem\",\"position\":2,\"name\":\"Talent-Agentur\"}]},{\"@type\":\"WebSite\",\"@id\":\"https:\/\/hicoders.ch\/de\/#website\",\"url\":\"https:\/\/hicoders.ch\/de\/\",\"name\":\"HiCoders\",\"description\":\"\u201eLead your IT career\u201c\",\"publisher\":{\"@id\":\"https:\/\/hicoders.ch\/de\/#organization\"},\"potentialAction\":[{\"@type\":\"SearchAction\",\"target\":{\"@type\":\"EntryPoint\",\"urlTemplate\":\"https:\/\/hicoders.ch\/de\/?s={search_term_string}\"},\"query-input\":\"required name=search_term_string\"}],\"inLanguage\":\"de\"},{\"@type\":\"Organization\",\"@id\":\"https:\/\/hicoders.ch\/de\/#organization\",\"name\":\"HiCoders\",\"url\":\"https:\/\/hicoders.ch\/de\/\",\"logo\":{\"@type\":\"ImageObject\",\"inLanguage\":\"de\",\"@id\":\"https:\/\/hicoders.ch\/de\/#\/schema\/logo\/image\/\",\"url\":\"https:\/\/hicoders.ch\/wp-content\/uploads\/2021\/11\/cropped-Instagaram-1-1.png\",\"contentUrl\":\"https:\/\/hicoders.ch\/wp-content\/uploads\/2021\/11\/cropped-Instagaram-1-1.png\",\"width\":512,\"height\":512,\"caption\":\"HiCoders\"},\"image\":{\"@id\":\"https:\/\/hicoders.ch\/de\/#\/schema\/logo\/image\/\"},\"sameAs\":[\"https:\/\/facebook.com\/hicodersche\",\"https:\/\/www.instagram.com\/hicodersch\/\",\"https:\/\/www.linkedin.com\/company\/hicodersch\",\"https:\/\/www.youtube.com\/@hicodersch\"]}]}<\/script>\n<!-- \/ Yoast SEO plugin. -->","yoast_head_json":{"title":"Talent-Agentur - &lt;hi\/coders&gt;","description":"Besonderen Fokus erh\u00e4lt in diesem Programm neben der Theorie die praktische Anwendung von Fullstack-Programmierung und Frameworks auf der Java-Plattform. Dieser Kurs ist auf Personen ausgelegt, die bereits \u00fcber eine bestimmte Programmiererfahrung verf\u00fcgen oder unseren Kurs in Web-Programming abgeschlossen haben.","robots":{"index":"index","follow":"follow","max-snippet":"max-snippet:-1","max-image-preview":"max-image-preview:large","max-video-preview":"max-video-preview:-1"},"canonical":"https:\/\/hicoders.ch\/de\/talent-agentur\/","og_locale":"de_DE","og_type":"article","og_title":"Talent-Agentur - &lt;hi\/coders&gt;","og_description":"Besonderen Fokus erh\u00e4lt in diesem Programm neben der Theorie die praktische Anwendung von Fullstack-Programmierung und Frameworks auf der Java-Plattform. Dieser Kurs ist auf Personen ausgelegt, die bereits \u00fcber eine bestimmte Programmiererfahrung verf\u00fcgen oder unseren Kurs in Web-Programming abgeschlossen haben.","og_url":"https:\/\/hicoders.ch\/de\/talent-agentur\/","og_site_name":"&lt;hi\/coders&gt;","article_publisher":"https:\/\/facebook.com\/hicodersche","article_modified_time":"2023-06-02T14:26:16+00:00","twitter_card":"summary_large_image","twitter_misc":{"Gesch\u00e4tzte Lesezeit":"4\u00a0Minuten"},"schema":{"@context":"https:\/\/schema.org","@graph":[{"@type":"WebPage","@id":"https:\/\/hicoders.ch\/de\/talent-agentur\/","url":"https:\/\/hicoders.ch\/de\/talent-agentur\/","name":"Talent-Agentur - &lt;hi\/coders&gt;","isPartOf":{"@id":"https:\/\/hicoders.ch\/de\/#website"},"datePublished":"2022-03-10T21:13:34+00:00","dateModified":"2023-06-02T14:26:16+00:00","description":"Besonderen Fokus erh\u00e4lt in diesem Programm neben der Theorie die praktische Anwendung von Fullstack-Programmierung und Frameworks auf der Java-Plattform. Dieser Kurs ist auf Personen ausgelegt, die bereits \u00fcber eine bestimmte Programmiererfahrung verf\u00fcgen oder unseren Kurs in Web-Programming abgeschlossen haben.","breadcrumb":{"@id":"https:\/\/hicoders.ch\/de\/talent-agentur\/#breadcrumb"},"inLanguage":"de","potentialAction":[{"@type":"ReadAction","target":["https:\/\/hicoders.ch\/de\/talent-agentur\/"]}]},{"@type":"BreadcrumbList","@id":"https:\/\/hicoders.ch\/de\/talent-agentur\/#breadcrumb","itemListElement":[{"@type":"ListItem","position":1,"name":"Home","item":"https:\/\/hicoders.ch\/de\/"},{"@type":"ListItem","position":2,"name":"Talent-Agentur"}]},{"@type":"WebSite","@id":"https:\/\/hicoders.ch\/de\/#website","url":"https:\/\/hicoders.ch\/de\/","name":"HiCoders","description":"\u201eLead your IT career\u201c","publisher":{"@id":"https:\/\/hicoders.ch\/de\/#organization"},"potentialAction":[{"@type":"SearchAction","target":{"@type":"EntryPoint","urlTemplate":"https:\/\/hicoders.ch\/de\/?s={search_term_string}"},"query-input":"required name=search_term_string"}],"inLanguage":"de"},{"@type":"Organization","@id":"https:\/\/hicoders.ch\/de\/#organization","name":"HiCoders","url":"https:\/\/hicoders.ch\/de\/","logo":{"@type":"ImageObject","inLanguage":"de","@id":"https:\/\/hicoders.ch\/de\/#\/schema\/logo\/image\/","url":"https:\/\/hicoders.ch\/wp-content\/uploads\/2021\/11\/cropped-Instagaram-1-1.png","contentUrl":"https:\/\/hicoders.ch\/wp-content\/uploads\/2021\/11\/cropped-Instagaram-1-1.png","width":512,"height":512,"caption":"HiCoders"},"image":{"@id":"https:\/\/hicoders.ch\/de\/#\/schema\/logo\/image\/"},"sameAs":["https:\/\/facebook.com\/hicodersche","https:\/\/www.instagram.com\/hicodersch\/","https:\/\/www.linkedin.com\/company\/hicodersch","https:\/\/www.youtube.com\/@hicodersch"]}]}},"_links":{"self":[{"href":"https:\/\/hicoders.ch\/de\/wp-json\/wp\/v2\/pages\/5114","targetHints":{"allow":["GET"]}}],"collection":[{"href":"https:\/\/hicoders.ch\/de\/wp-json\/wp\/v2\/pages"}],"about":[{"href":"https:\/\/hicoders.ch\/de\/wp-json\/wp\/v2\/types\/page"}],"author":[{"embeddable":true,"href":"https:\/\/hicoders.ch\/de\/wp-json\/wp\/v2\/users\/1"}],"replies":[{"embeddable":true,"href":"https:\/\/hicoders.ch\/de\/wp-json\/wp\/v2\/comments?post=5114"}],"version-history":[{"count":2,"href":"https:\/\/hicoders.ch\/de\/wp-json\/wp\/v2\/pages\/5114\/revisions"}],"predecessor-version":[{"id":7740,"href":"https:\/\/hicoders.ch\/de\/wp-json\/wp\/v2\/pages\/5114\/revisions\/7740"}],"wp:attachment":[{"href":"https:\/\/hicoders.ch\/de\/wp-json\/wp\/v2\/media?parent=5114"}],"curies":[{"name":"wp","href":"https:\/\/api.w.org\/{rel}","templated":true}]}}