{"id":7051,"date":"2023-02-02T18:05:55","date_gmt":"2023-02-02T18:05:55","guid":{"rendered":"https:\/\/hicoders.ch\/?page_id=7051"},"modified":"2023-11-14T09:24:40","modified_gmt":"2023-11-14T09:24:40","slug":"aws-re-start","status":"publish","type":"page","link":"https:\/\/hicoders.ch\/de\/aws-re-start\/","title":{"rendered":"AWS Cloud Engineering \/ DevOps"},"content":{"rendered":"<section id=\"bt_bb_section69e311b5d8527\"  class=\"bt_bb_section bt_bb_layout_boxed_1200 bt_bb_vertical_align_top bt_bb_top_spacing_medium bt_bb_bottom_spacing_medium bt_bb_section_with_top_coverage_image\"  data-bt-override-class=\"null\"><div class=\"bt_bb_port\"><div class=\"bt_bb_cell\"><div class=\"bt_bb_cell_inner\"><div class=\"bt_bb_row_wrapper\"><div  class=\"bt_bb_row bt_bb_shape_inherit\"  data-bt-override-class=\"{}\"><div  class=\"bt_bb_column col-xxl-12 col-xl-12 col-xs-12 col-sm-12 col-md-12 col-lg-12 bt_bb_vertical_align_middle bt_bb_align_left bt_bb_padding_normal bt_bb_animation_fade_in bt_bb_animation_move_right animate\"  data-width=\"12\" data-bt-override-class=\"{}\"><div class=\"bt_bb_column_content\"><div class=\"bt_bb_column_content_inner\"><div class=\"bt_bb_separator bt_bb_border_style_none bt_bb_bottom_spacing_medium\" data-bt-override-class=\"null\"><\/div><div class=\"bt_bb_separator bt_bb_border_style_none bt_bb_bottom_spacing_medium\" data-bt-override-class=\"null\"><\/div><header data-bb-version=\"4.5.4\" class=\"bt_bb_headline bt_bb_subheadline_text_transform_default bt_bb_color_scheme_5 bt_bb_dash_none bt_bb_size_extralarge bt_bb_align_inherit\" style=\"; --primary-color:#191919; --secondary-color:#e9182b;\" data-bt-override-class=\"{&quot;bt_bb_size_&quot;:{&quot;current_class&quot;:&quot;bt_bb_size_extralarge&quot;,&quot;xxl&quot;:&quot;extralarge&quot;},&quot;bt_bb_align_&quot;:{&quot;current_class&quot;:&quot;bt_bb_align_inherit&quot;,&quot;xxl&quot;:&quot;inherit&quot;}}\"><h1 class=\"bt_bb_headline_tag\"><span class=\"bt_bb_headline_content\"><span>AWS Cloud Engineering \/ DevOps <\/span><\/span><\/h1><\/header><\/div><\/div><\/div><\/div><\/div><div class=\"bt_bb_row_wrapper\"><div  class=\"bt_bb_row bt_bb_shape_inherit\"  data-bt-override-class=\"{}\"><\/div><\/div><div class=\"bt_bb_row_wrapper\"><div  class=\"bt_bb_row bt_bb_shape_inherit\"  data-bt-override-class=\"{}\"><div  class=\"bt_bb_column col-xxl-12 col-xl-12 col-xs-12 col-sm-12 col-md-12 col-lg-12 bt_bb_vertical_align_top bt_bb_align_left bt_bb_padding_normal bt_bb_shape_inherit\"  data-width=\"12\" data-bt-override-class=\"{}\"><div class=\"bt_bb_column_content\"><div class=\"bt_bb_column_content_inner\"><\/div><\/div><\/div><\/div><\/div><\/div><\/div><\/div><div class=\"bt_bb_section_top_section_coverage_image\"><img decoding=\"async\" src=\"https:\/\/hicoders.ch\/wp-content\/uploads\/2022\/06\/yellow_top_wave_01.png\" alt=\"bt_bb_section_top_section_coverage_image\" \/><\/div><\/section><section id=\"bt_bb_section69e311b5d8e96\"  class=\"bt_bb_section bt_bb_layout_boxed_1200 bt_bb_vertical_align_top bt_bb_bottom_spacing_extra_small\"  data-bt-override-class=\"null\"><div class=\"bt_bb_port\"><div class=\"bt_bb_cell\"><div class=\"bt_bb_cell_inner\"><div class=\"bt_bb_row_wrapper\"><div  class=\"bt_bb_row bt_bb_shape_inherit\"  data-bt-override-class=\"{}\"><div  class=\"bt_bb_column col-xxl-6 col-xl-6 bt_bb_vertical_align_middle bt_bb_align_left bt_bb_padding_normal bt_bb_animation_fade_in bt_bb_animation_move_right animate\"  data-width=\"6\" data-bt-override-class=\"{}\"><div class=\"bt_bb_column_content\"><div class=\"bt_bb_column_content_inner\"><div  class=\"bt_bb_text\" ><p><span style=\"font-weight: 400\">Die HiCoders Talent Agency hilft den Teilnehmenden dabei, weitere Spezialisierungen zu erlangen. Cloud Engineering (oder DevOps) ist eine davon.<\/span><\/p>\n<p><span style=\"font-weight: 400\">Cloud Computing ist ein wichtiger Bestandteil der IT. Die Nachfrage nach T-Shape oder M-Shape-Fachkr\u00e4ften steigt. Deshalb bietet HiCoders seinen Kurs-Absolventen Weiterbildungskurse in der DevOps-Disziplin, um die ben\u00f6tigten Cloud-\/DevOps-Skills zu erwerben und als Web\/Cloud Engineers arbeiten zu k\u00f6nnen.<\/span><\/p>\n<p><span style=\"font-weight: 400\">AWS (Amazon Web Services) ist ein wichtiger Global-Player im Cloudbereich und immer st\u00e4rker in der Schweiz pr\u00e4sent. Dadurch steigt die Nachfrage nach Fachkr\u00e4ften, die sich mit AWS auskennen. Die HiCoders Talent Agency m\u00f6chte helfen, diese Nachfrage zu decken.<\/span><\/p>\n<\/div><\/div><\/div><\/div><div  class=\"bt_bb_column col-xxl-6 col-xl-6 bt_bb_vertical_align_middle bt_bb_align_left bt_bb_padding_normal bt_bb_animation_fade_in animate bt_bb_shape_inherit\" style=\"position: relative;\" data-width=\"6\" data-bt-override-class=\"{}\"><div class=\"bt_bb_column_content\"><div class=\"bt_bb_column_content_inner\"><div class=\"bt_bb_image btHeroGirl bt_bb_shape_square bt_bb_align_inherit bt_bb_hover_style_simple bt_bb_content_display_always bt_bb_content_align_middle\" data-bt-override-class=\"null\"><span><img src = \"https:\/\/hicoders.ch\/wp-content\/plugins\/bold-page-builder\/img\/blank.gif\" data-image_src=\"https:\/\/hicoders.ch\/wp-content\/uploads\/2023\/02\/1-Fullstack-Web-Programming-2-1280x1277.png\" title=\"1-Fullstack-Web-Programming-2\" alt=\"https:\/\/hicoders.ch\/wp-content\/uploads\/2023\/02\/1-Fullstack-Web-Programming-2-1280x1277.png\" class=\"btLazyLoadImage\"><\/span><\/div><\/div><\/div><\/div><\/div><\/div><div class=\"bt_bb_row_wrapper\"><div  class=\"bt_bb_row bt_bb_shape_inherit\"  data-bt-override-class=\"{}\"><div  class=\"bt_bb_column col-xxl-12 col-xl-12 col-xs-12 col-sm-12 col-md-12 col-lg-12 bt_bb_vertical_align_top bt_bb_align_left bt_bb_padding_normal bt_bb_shape_inherit\"  data-width=\"12\" data-bt-override-class=\"{}\"><div class=\"bt_bb_column_content\"><div class=\"bt_bb_column_content_inner\"><\/div><\/div><\/div><\/div><\/div><div class=\"bt_bb_row_wrapper\"><div  class=\"bt_bb_row bt_bb_shape_inherit\"  data-bt-override-class=\"{}\"><div  class=\"bt_bb_column col-xxl-12 col-xl-12 col-xs-12 col-sm-12 col-md-12 col-lg-12 bt_bb_vertical_align_top bt_bb_align_left bt_bb_padding_normal bt_bb_shape_inherit\"  data-width=\"12\" data-bt-override-class=\"{}\"><div class=\"bt_bb_column_content\"><div class=\"bt_bb_column_content_inner\"><\/div><\/div><\/div><\/div><\/div><\/div><\/div><\/div><\/section><section id=\"bt_bb_section69e311b5d9b30\"  class=\"bt_bb_section bt_bb_layout_boxed_1200 bt_bb_vertical_align_top bt_bb_bottom_spacing_extra_small\"  data-bt-override-class=\"null\"><div class=\"bt_bb_port\"><div class=\"bt_bb_cell\"><div class=\"bt_bb_cell_inner\"><div class=\"bt_bb_row_wrapper\"><div  class=\"bt_bb_row bt_bb_shape_inherit\"  data-bt-override-class=\"{}\"><div  class=\"bt_bb_column col-xxl-6 col-xl-6 col-xs-12 col-sm-6 col-md-6 col-lg-6 bt_bb_vertical_align_middle bt_bb_align_left bt_bb_padding_normal bt_bb_animation_fade_in bt_bb_animation_move_right animate\"  data-width=\"6\" data-bt-override-class=\"{}\"><div class=\"bt_bb_column_content\"><div class=\"bt_bb_column_content_inner\"><div class=\"bt_bb_separator bt_bb_border_style_none bt_bb_bottom_spacing_medium\" data-bt-override-class=\"null\"><\/div><div class=\"bt_bb_image btHeroGirl bt_bb_shape_square bt_bb_align_inherit bt_bb_hover_style_simple bt_bb_content_display_always bt_bb_content_align_middle\" data-bt-override-class=\"null\"><span><img src = \"https:\/\/hicoders.ch\/wp-content\/plugins\/bold-page-builder\/img\/blank.gif\" data-image_src=\"https:\/\/hicoders.ch\/wp-content\/uploads\/2022\/03\/55-Im-Kurs-verwendete-Tools-und-Plattformen.png\" title=\"55- Im Kurs verwendete Tools und Plattformen\" alt=\"https:\/\/hicoders.ch\/wp-content\/uploads\/2022\/03\/55-Im-Kurs-verwendete-Tools-und-Plattformen.png\" class=\"btLazyLoadImage\"><\/span><\/div><\/div><\/div><\/div><div  class=\"bt_bb_column col-xxl-6 col-xl-6 col-xs-12 col-sm-6 col-md-6 col-lg-6 bt_bb_vertical_align_middle bt_bb_align_left bt_bb_padding_normal bt_bb_animation_fade_in bt_bb_animation_move_right animate\"  data-width=\"6\" data-bt-override-class=\"{}\"><div class=\"bt_bb_column_content\"><div class=\"bt_bb_column_content_inner\"><div class=\"bt_bb_separator bt_bb_border_style_none bt_bb_bottom_spacing_medium\" data-bt-override-class=\"null\"><\/div><header class=\"bt_bb_headline bt_bb_color_scheme_5 bt_bb_dash_none bt_bb_size_large bt_bb_align_inherit\" style=\"; --primary-color:#191919; --secondary-color:#e9182b;\" data-bt-override-class=\"{&quot;bt_bb_align_&quot;:{&quot;current_class&quot;:&quot;bt_bb_align_inherit&quot;,&quot;xxl&quot;:&quot;inherit&quot;,&quot;xl&quot;:&quot;inherit&quot;}}\"><h2 class=\"bt_bb_headline_tag\"><span class=\"bt_bb_headline_content\"><span>Allgemeine Informationen zum Kurs<\/span><\/span><\/h2><\/header><div  class=\"bt_bb_text\" ><p><span style=\"font-weight: 400\">AWS Cloud\/DevOps ist ein Kurs zur Entwicklung neuer F\u00e4higkeiten. Es bereitet die Teilnehmenden auf das Arbeiten mit der Cloud vor. Durch die echte Beispiele, szenariobasiertes Lernen und praktische \u00dcbungen erwerben die Teilnehmenden die technischen F\u00e4higkeiten, die sie f\u00fcr eine Einstiegsposition in der Cloud ben\u00f6tigen.<\/span><\/p>\n<p><span style=\"font-weight: 400\">Am Ende des Kurses wird von allen Teilnehmern erwartet, dass sie die Zertifizierungspr\u00fcfung AWS Certified Cloud Practitioner-Zertifizierungspr\u00fcfung ablegen.<\/span><\/p>\n<p><span style=\"font-weight: 400\">Dauer des Kurses: 6 Monate<\/span><\/p>\n<p><span style=\"font-weight: 400\">Zeitaufwand: mindestens 12 Stunden Unterricht plus 16 Stunden Selbststudium pro Woche<\/span><\/p>\n<\/div><\/div><\/div><\/div><\/div><\/div><\/div><\/div><\/div><\/section><section id=\"bt_bb_section69e311b5da446\"  class=\"bt_bb_section bt_bb_layout_boxed_1200 bt_bb_vertical_align_top bt_bb_bottom_spacing_small\"  data-bt-override-class=\"null\"><div class=\"bt_bb_port\"><div class=\"bt_bb_cell\"><div class=\"bt_bb_cell_inner\"><div class=\"bt_bb_row_wrapper\"><div  class=\"bt_bb_row bt_bb_shape_inherit\"  data-bt-override-class=\"{}\"><div  class=\"bt_bb_column col-xxl-6 col-xl-6 col-xs-12 col-sm-6 col-md-6 col-lg-6 bt_bb_vertical_align_middle bt_bb_align_left bt_bb_padding_normal bt_bb_animation_fade_in bt_bb_animation_move_right animate\"  data-width=\"6\" data-bt-override-class=\"{}\"><div class=\"bt_bb_column_content\"><div class=\"bt_bb_column_content_inner\"><div class=\"bt_bb_separator bt_bb_border_style_none bt_bb_bottom_spacing_medium\" data-bt-override-class=\"null\"><\/div><header class=\"bt_bb_headline bt_bb_color_scheme_5 bt_bb_dash_none bt_bb_size_large bt_bb_align_inherit\" style=\"; --primary-color:#191919; --secondary-color:#e9182b;\" data-bt-override-class=\"{&quot;bt_bb_align_&quot;:{&quot;current_class&quot;:&quot;bt_bb_align_inherit&quot;,&quot;xxl&quot;:&quot;inherit&quot;,&quot;xl&quot;:&quot;inherit&quot;}}\"><h1 class=\"bt_bb_headline_tag\"><span class=\"bt_bb_headline_content\"><span>Lerninhalte<\/span><\/span><\/h1><\/header><div  class=\"bt_bb_text\" ><p><span style=\"font-weight: 400\">Das Interesse an Amazon Web Services AWS steigt stetig. Die AWS-Cloud bietet fortschrittliche Technologien f\u00fcr das Design, den Aufbau und die Bereitstellung von Web-Scale-Cloud-Anwendungen. Die Verf\u00fcgbarkeit verschiedener Funktionen in AWS reduziert Infrastrukturkosten von Grossunternehmen genauso wie von Start-ups. Zudem beschleunigt sie ihre Entwicklungsprozesse.<\/span><\/p>\n<p><span style=\"font-weight: 400\">In diesem Kurs erhalten Teilnehmende ein allgemeines Verst\u00e4ndnis der AWS-Cloud-Services, unabh\u00e4ngig von spezifischen technischen Rollen. Er hilft zudem bei der Vorbereitung auf die Pr\u00fcfung zum AWS Certified Cloud Practitioner.<\/span><\/p>\n<\/div><\/div><\/div><\/div><div  class=\"bt_bb_column col-xxl-6 col-xl-6 col-xs-12 col-sm-6 col-md-6 col-lg-6 bt_bb_vertical_align_top bt_bb_align_left bt_bb_padding_normal bt_bb_shape_inherit\"  data-width=\"6\" data-bt-override-class=\"{}\"><div class=\"bt_bb_column_content\"><div class=\"bt_bb_column_content_inner\"><div class=\"bt_bb_image btHeroGirl bt_bb_shape_square bt_bb_align_inherit bt_bb_hover_style_simple bt_bb_content_display_always bt_bb_content_align_middle\" data-bt-override-class=\"null\"><span><img src = \"https:\/\/hicoders.ch\/wp-content\/plugins\/bold-page-builder\/img\/blank.gif\" data-image_src=\"https:\/\/hicoders.ch\/wp-content\/uploads\/2023\/02\/44-IT-for-everybody.png\" title=\"44-IT-for-everybody\" alt=\"https:\/\/hicoders.ch\/wp-content\/uploads\/2023\/02\/44-IT-for-everybody.png\" class=\"btLazyLoadImage\"><\/span><\/div><\/div><\/div><\/div><\/div><\/div><\/div><\/div><\/div><\/section><section id=\"bt_bb_section69e311b5dab22\"  class=\"bt_bb_section bt_bb_layout_boxed_1200 bt_bb_vertical_align_top bt_bb_bottom_spacing_small\"  data-bt-override-class=\"null\"><div class=\"bt_bb_port\"><div class=\"bt_bb_cell\"><div class=\"bt_bb_cell_inner\"><div class=\"bt_bb_row_wrapper\"><div  class=\"bt_bb_row bt_bb_shape_inherit\"  data-bt-override-class=\"{}\"><div  class=\"bt_bb_column col-xxl-6 col-xl-6 col-xs-12 col-sm-6 col-md-6 col-lg-6 bt_bb_vertical_align_top bt_bb_align_left bt_bb_padding_normal bt_bb_shape_inherit\"  data-width=\"6\" data-bt-override-class=\"{}\"><div class=\"bt_bb_column_content\"><div class=\"bt_bb_column_content_inner\"><div  class=\"bt_bb_text\" ><p><span style=\"font-weight: 400\">Die folgenden Themen werden in dieser Schulung im Detail behandelt:<\/span><\/p>\n<ul>\n<li style=\"font-weight: 400\"><span style=\"font-weight: 400\">AWS Grunds\u00e4tze der Cloud-Architektur<\/span><\/li>\n<li style=\"font-weight: 400\"><span style=\"font-weight: 400\">AWS Cloud-Services und Anwendungsf\u00e4lle<\/span><\/li>\n<li style=\"font-weight: 400\"><span style=\"font-weight: 400\">Security und Compliance-Aspekte der AWS-Plattform<\/span><\/li>\n<li style=\"font-weight: 400\"><span style=\"font-weight: 400\">AWS Abrechnung, Kontoverwaltung und Preismodelle<\/span><\/li>\n<li style=\"font-weight: 400\"><span style=\"font-weight: 400\">Deploying und Betrieb in der AWS-Cloud<\/span><\/li>\n<li style=\"font-weight: 400\"><span style=\"font-weight: 400\">AWS Kerndienste f\u00fcr Datenverarbeitung, Speicherung und Netzwerke, einschlie\u00dflich EC2, S3,<\/span><\/li>\n<li style=\"font-weight: 400\"><span style=\"font-weight: 400\">IAM, VPC, Lambda, Cloud Formation, RDS und Route 53<\/span><\/li>\n<li style=\"font-weight: 400\"><span style=\"font-weight: 400\">Linux OS-Systemverwaltung<\/span><\/li>\n<li style=\"font-weight: 400\"><span style=\"font-weight: 400\">Bash Shell-Skripterstellung<\/span><\/li>\n<li style=\"font-weight: 400\"><span style=\"font-weight: 400\">Python Sprache<\/span><\/li>\n<\/ul>\n<\/div><\/div><\/div><\/div><div  class=\"bt_bb_column col-xxl-6 col-xl-6 col-xs-12 col-sm-6 col-md-6 col-lg-6 bt_bb_vertical_align_middle bt_bb_align_left bt_bb_padding_normal bt_bb_animation_fade_in bt_bb_animation_move_right animate\"  data-width=\"6\" data-bt-override-class=\"{}\"><div class=\"bt_bb_column_content\"><div class=\"bt_bb_column_content_inner\"><div class=\"bt_bb_separator bt_bb_border_style_none bt_bb_bottom_spacing_medium\" data-bt-override-class=\"null\"><\/div><\/div><\/div><\/div><\/div><\/div><\/div><\/div><\/div><\/section>","protected":false},"excerpt":{"rendered":"","protected":false},"author":1,"featured_media":0,"parent":0,"menu_order":0,"comment_status":"closed","ping_status":"closed","template":"","meta":{"footnotes":""},"class_list":["post-7051","page","type-page","status-publish","hentry"],"yoast_head":"<!-- This site is optimized with the Yoast SEO plugin v20.4 - https:\/\/yoast.com\/wordpress\/plugins\/seo\/ -->\n<title>AWS Cloud Engineering \/ DevOps - &lt;hi\/coders&gt;<\/title>\n<meta name=\"description\" content=\"Besonderen Fokus erh\u00e4lt in diesem Programm neben der Theorie die praktische Anwendung von Fullstack-Programmierung und Frameworks auf der Java-Plattform. Dieser Kurs ist auf Personen ausgelegt, die bereits \u00fcber eine bestimmte Programmiererfahrung verf\u00fcgen oder unseren Kurs in Web-Programming abgeschlossen haben.\" \/>\n<meta name=\"robots\" content=\"index, follow, max-snippet:-1, max-image-preview:large, max-video-preview:-1\" \/>\n<link rel=\"canonical\" href=\"https:\/\/hicoders.ch\/de\/aws-re-start\/\" \/>\n<meta property=\"og:locale\" content=\"de_DE\" \/>\n<meta property=\"og:type\" content=\"article\" \/>\n<meta property=\"og:title\" content=\"AWS Cloud Engineering \/ DevOps - &lt;hi\/coders&gt;\" \/>\n<meta property=\"og:description\" content=\"Besonderen Fokus erh\u00e4lt in diesem Programm neben der Theorie die praktische Anwendung von Fullstack-Programmierung und Frameworks auf der Java-Plattform. Dieser Kurs ist auf Personen ausgelegt, die bereits \u00fcber eine bestimmte Programmiererfahrung verf\u00fcgen oder unseren Kurs in Web-Programming abgeschlossen haben.\" \/>\n<meta property=\"og:url\" content=\"https:\/\/hicoders.ch\/de\/aws-re-start\/\" \/>\n<meta property=\"og:site_name\" content=\"&lt;hi\/coders&gt;\" \/>\n<meta property=\"article:publisher\" content=\"https:\/\/facebook.com\/hicodersche\" \/>\n<meta property=\"article:modified_time\" content=\"2023-11-14T09:24:40+00:00\" \/>\n<meta name=\"twitter:card\" content=\"summary_large_image\" \/>\n<meta name=\"twitter:label1\" content=\"Gesch\u00e4tzte Lesezeit\" \/>\n\t<meta name=\"twitter:data1\" content=\"6\u00a0Minuten\" \/>\n<script type=\"application\/ld+json\" class=\"yoast-schema-graph\">{\"@context\":\"https:\/\/schema.org\",\"@graph\":[{\"@type\":\"WebPage\",\"@id\":\"https:\/\/hicoders.ch\/de\/aws-re-start\/\",\"url\":\"https:\/\/hicoders.ch\/de\/aws-re-start\/\",\"name\":\"AWS Cloud Engineering \/ DevOps - &lt;hi\/coders&gt;\",\"isPartOf\":{\"@id\":\"https:\/\/hicoders.ch\/de\/#website\"},\"datePublished\":\"2023-02-02T18:05:55+00:00\",\"dateModified\":\"2023-11-14T09:24:40+00:00\",\"description\":\"Besonderen Fokus erh\u00e4lt in diesem Programm neben der Theorie die praktische Anwendung von Fullstack-Programmierung und Frameworks auf der Java-Plattform. Dieser Kurs ist auf Personen ausgelegt, die bereits \u00fcber eine bestimmte Programmiererfahrung verf\u00fcgen oder unseren Kurs in Web-Programming abgeschlossen haben.\",\"breadcrumb\":{\"@id\":\"https:\/\/hicoders.ch\/de\/aws-re-start\/#breadcrumb\"},\"inLanguage\":\"de\",\"potentialAction\":[{\"@type\":\"ReadAction\",\"target\":[\"https:\/\/hicoders.ch\/de\/aws-re-start\/\"]}]},{\"@type\":\"BreadcrumbList\",\"@id\":\"https:\/\/hicoders.ch\/de\/aws-re-start\/#breadcrumb\",\"itemListElement\":[{\"@type\":\"ListItem\",\"position\":1,\"name\":\"Home\",\"item\":\"https:\/\/hicoders.ch\/de\/\"},{\"@type\":\"ListItem\",\"position\":2,\"name\":\"AWS Cloud Engineering \/ DevOps\"}]},{\"@type\":\"WebSite\",\"@id\":\"https:\/\/hicoders.ch\/de\/#website\",\"url\":\"https:\/\/hicoders.ch\/de\/\",\"name\":\"HiCoders\",\"description\":\"\u201eLead your IT career\u201c\",\"publisher\":{\"@id\":\"https:\/\/hicoders.ch\/de\/#organization\"},\"potentialAction\":[{\"@type\":\"SearchAction\",\"target\":{\"@type\":\"EntryPoint\",\"urlTemplate\":\"https:\/\/hicoders.ch\/de\/?s={search_term_string}\"},\"query-input\":\"required name=search_term_string\"}],\"inLanguage\":\"de\"},{\"@type\":\"Organization\",\"@id\":\"https:\/\/hicoders.ch\/de\/#organization\",\"name\":\"HiCoders\",\"url\":\"https:\/\/hicoders.ch\/de\/\",\"logo\":{\"@type\":\"ImageObject\",\"inLanguage\":\"de\",\"@id\":\"https:\/\/hicoders.ch\/de\/#\/schema\/logo\/image\/\",\"url\":\"https:\/\/hicoders.ch\/wp-content\/uploads\/2021\/11\/cropped-Instagaram-1-1.png\",\"contentUrl\":\"https:\/\/hicoders.ch\/wp-content\/uploads\/2021\/11\/cropped-Instagaram-1-1.png\",\"width\":512,\"height\":512,\"caption\":\"HiCoders\"},\"image\":{\"@id\":\"https:\/\/hicoders.ch\/de\/#\/schema\/logo\/image\/\"},\"sameAs\":[\"https:\/\/facebook.com\/hicodersche\",\"https:\/\/www.instagram.com\/hicodersch\/\",\"https:\/\/www.linkedin.com\/company\/hicodersch\",\"https:\/\/www.youtube.com\/@hicodersch\"]}]}<\/script>\n<!-- \/ Yoast SEO plugin. -->","yoast_head_json":{"title":"AWS Cloud Engineering \/ DevOps - &lt;hi\/coders&gt;","description":"Besonderen Fokus erh\u00e4lt in diesem Programm neben der Theorie die praktische Anwendung von Fullstack-Programmierung und Frameworks auf der Java-Plattform. Dieser Kurs ist auf Personen ausgelegt, die bereits \u00fcber eine bestimmte Programmiererfahrung verf\u00fcgen oder unseren Kurs in Web-Programming abgeschlossen haben.","robots":{"index":"index","follow":"follow","max-snippet":"max-snippet:-1","max-image-preview":"max-image-preview:large","max-video-preview":"max-video-preview:-1"},"canonical":"https:\/\/hicoders.ch\/de\/aws-re-start\/","og_locale":"de_DE","og_type":"article","og_title":"AWS Cloud Engineering \/ DevOps - &lt;hi\/coders&gt;","og_description":"Besonderen Fokus erh\u00e4lt in diesem Programm neben der Theorie die praktische Anwendung von Fullstack-Programmierung und Frameworks auf der Java-Plattform. Dieser Kurs ist auf Personen ausgelegt, die bereits \u00fcber eine bestimmte Programmiererfahrung verf\u00fcgen oder unseren Kurs in Web-Programming abgeschlossen haben.","og_url":"https:\/\/hicoders.ch\/de\/aws-re-start\/","og_site_name":"&lt;hi\/coders&gt;","article_publisher":"https:\/\/facebook.com\/hicodersche","article_modified_time":"2023-11-14T09:24:40+00:00","twitter_card":"summary_large_image","twitter_misc":{"Gesch\u00e4tzte Lesezeit":"6\u00a0Minuten"},"schema":{"@context":"https:\/\/schema.org","@graph":[{"@type":"WebPage","@id":"https:\/\/hicoders.ch\/de\/aws-re-start\/","url":"https:\/\/hicoders.ch\/de\/aws-re-start\/","name":"AWS Cloud Engineering \/ DevOps - &lt;hi\/coders&gt;","isPartOf":{"@id":"https:\/\/hicoders.ch\/de\/#website"},"datePublished":"2023-02-02T18:05:55+00:00","dateModified":"2023-11-14T09:24:40+00:00","description":"Besonderen Fokus erh\u00e4lt in diesem Programm neben der Theorie die praktische Anwendung von Fullstack-Programmierung und Frameworks auf der Java-Plattform. Dieser Kurs ist auf Personen ausgelegt, die bereits \u00fcber eine bestimmte Programmiererfahrung verf\u00fcgen oder unseren Kurs in Web-Programming abgeschlossen haben.","breadcrumb":{"@id":"https:\/\/hicoders.ch\/de\/aws-re-start\/#breadcrumb"},"inLanguage":"de","potentialAction":[{"@type":"ReadAction","target":["https:\/\/hicoders.ch\/de\/aws-re-start\/"]}]},{"@type":"BreadcrumbList","@id":"https:\/\/hicoders.ch\/de\/aws-re-start\/#breadcrumb","itemListElement":[{"@type":"ListItem","position":1,"name":"Home","item":"https:\/\/hicoders.ch\/de\/"},{"@type":"ListItem","position":2,"name":"AWS Cloud Engineering \/ DevOps"}]},{"@type":"WebSite","@id":"https:\/\/hicoders.ch\/de\/#website","url":"https:\/\/hicoders.ch\/de\/","name":"HiCoders","description":"\u201eLead your IT career\u201c","publisher":{"@id":"https:\/\/hicoders.ch\/de\/#organization"},"potentialAction":[{"@type":"SearchAction","target":{"@type":"EntryPoint","urlTemplate":"https:\/\/hicoders.ch\/de\/?s={search_term_string}"},"query-input":"required name=search_term_string"}],"inLanguage":"de"},{"@type":"Organization","@id":"https:\/\/hicoders.ch\/de\/#organization","name":"HiCoders","url":"https:\/\/hicoders.ch\/de\/","logo":{"@type":"ImageObject","inLanguage":"de","@id":"https:\/\/hicoders.ch\/de\/#\/schema\/logo\/image\/","url":"https:\/\/hicoders.ch\/wp-content\/uploads\/2021\/11\/cropped-Instagaram-1-1.png","contentUrl":"https:\/\/hicoders.ch\/wp-content\/uploads\/2021\/11\/cropped-Instagaram-1-1.png","width":512,"height":512,"caption":"HiCoders"},"image":{"@id":"https:\/\/hicoders.ch\/de\/#\/schema\/logo\/image\/"},"sameAs":["https:\/\/facebook.com\/hicodersche","https:\/\/www.instagram.com\/hicodersch\/","https:\/\/www.linkedin.com\/company\/hicodersch","https:\/\/www.youtube.com\/@hicodersch"]}]}},"_links":{"self":[{"href":"https:\/\/hicoders.ch\/de\/wp-json\/wp\/v2\/pages\/7051","targetHints":{"allow":["GET"]}}],"collection":[{"href":"https:\/\/hicoders.ch\/de\/wp-json\/wp\/v2\/pages"}],"about":[{"href":"https:\/\/hicoders.ch\/de\/wp-json\/wp\/v2\/types\/page"}],"author":[{"embeddable":true,"href":"https:\/\/hicoders.ch\/de\/wp-json\/wp\/v2\/users\/1"}],"replies":[{"embeddable":true,"href":"https:\/\/hicoders.ch\/de\/wp-json\/wp\/v2\/comments?post=7051"}],"version-history":[{"count":4,"href":"https:\/\/hicoders.ch\/de\/wp-json\/wp\/v2\/pages\/7051\/revisions"}],"predecessor-version":[{"id":7821,"href":"https:\/\/hicoders.ch\/de\/wp-json\/wp\/v2\/pages\/7051\/revisions\/7821"}],"wp:attachment":[{"href":"https:\/\/hicoders.ch\/de\/wp-json\/wp\/v2\/media?parent=7051"}],"curies":[{"name":"wp","href":"https:\/\/api.w.org\/{rel}","templated":true}]}}