{"id":7290,"date":"2023-03-25T21:35:33","date_gmt":"2023-03-25T21:35:33","guid":{"rendered":"https:\/\/hicoders.ch\/?page_id=7290"},"modified":"2023-11-14T09:25:19","modified_gmt":"2023-11-14T09:25:19","slug":"software-testing","status":"publish","type":"page","link":"https:\/\/hicoders.ch\/de\/software-testing\/","title":{"rendered":"Software Testing"},"content":{"rendered":"<section id=\"bt_bb_section69e32a06c2b29\"  class=\"bt_bb_section bt_bb_layout_boxed_1200 bt_bb_vertical_align_top bt_bb_top_spacing_medium bt_bb_bottom_spacing_medium bt_bb_section_with_top_coverage_image\"  data-bt-override-class=\"null\"><div class=\"bt_bb_port\"><div class=\"bt_bb_cell\"><div class=\"bt_bb_cell_inner\"><div class=\"bt_bb_row_wrapper\"><div  class=\"bt_bb_row bt_bb_shape_inherit\"  data-bt-override-class=\"{}\"><div  class=\"bt_bb_column col-xxl-12 col-xl-12 col-xs-12 col-sm-12 col-md-12 col-lg-12 bt_bb_vertical_align_middle bt_bb_align_left bt_bb_padding_normal bt_bb_animation_fade_in bt_bb_animation_move_right animate\"  data-width=\"12\" data-bt-override-class=\"{}\"><div class=\"bt_bb_column_content\"><div class=\"bt_bb_column_content_inner\"><div class=\"bt_bb_separator bt_bb_border_style_none bt_bb_bottom_spacing_medium\" data-bt-override-class=\"null\"><\/div><div class=\"bt_bb_separator bt_bb_border_style_none bt_bb_bottom_spacing_medium\" data-bt-override-class=\"null\"><\/div><header class=\"bt_bb_headline bt_bb_color_scheme_5 bt_bb_dash_none bt_bb_size_extralarge bt_bb_align_inherit\" style=\"; --primary-color:#191919; --secondary-color:#e9182b;\" data-bt-override-class=\"{&quot;bt_bb_align_&quot;:{&quot;current_class&quot;:&quot;bt_bb_align_inherit&quot;,&quot;xxl&quot;:&quot;inherit&quot;,&quot;xl&quot;:&quot;inherit&quot;}}\"><h1 class=\"bt_bb_headline_tag\"><span class=\"bt_bb_headline_content\"><span>Software Testing<\/span><\/span><\/h1><\/header><\/div><\/div><\/div><\/div><\/div><div class=\"bt_bb_row_wrapper\"><div  class=\"bt_bb_row bt_bb_shape_inherit\"  data-bt-override-class=\"{}\"><\/div><\/div><div class=\"bt_bb_row_wrapper\"><div  class=\"bt_bb_row bt_bb_shape_inherit\"  data-bt-override-class=\"{}\"><\/div><\/div><div class=\"bt_bb_row_wrapper\"><div  class=\"bt_bb_row bt_bb_shape_inherit\"  data-bt-override-class=\"{}\"><div  class=\"bt_bb_column col-xxl-12 col-xl-12 col-xs-12 col-sm-12 col-md-12 col-lg-12 bt_bb_vertical_align_top bt_bb_align_left bt_bb_padding_normal bt_bb_shape_inherit\"  data-width=\"12\" data-bt-override-class=\"{}\"><div class=\"bt_bb_column_content\"><div class=\"bt_bb_column_content_inner\"><\/div><\/div><\/div><\/div><\/div><\/div><\/div><\/div><div class=\"bt_bb_section_top_section_coverage_image\"><img decoding=\"async\" src=\"https:\/\/hicoders.ch\/wp-content\/uploads\/2022\/06\/yellow_top_wave_01.png\" alt=\"bt_bb_section_top_section_coverage_image\" \/><\/div><\/section><section id=\"bt_bb_section69e32a06c32bc\"  class=\"bt_bb_section bt_bb_layout_boxed_1200 bt_bb_vertical_align_top bt_bb_bottom_spacing_extra_small\"  data-bt-override-class=\"null\"><div class=\"bt_bb_port\"><div class=\"bt_bb_cell\"><div class=\"bt_bb_cell_inner\"><div class=\"bt_bb_row_wrapper\"><div  class=\"bt_bb_row bt_bb_shape_inherit\"  data-bt-override-class=\"{}\"><div  class=\"bt_bb_column col-xxl-6 col-xl-6 bt_bb_vertical_align_middle bt_bb_align_left bt_bb_padding_normal bt_bb_animation_fade_in bt_bb_animation_move_right animate\"  data-width=\"6\" data-bt-override-class=\"{}\"><div class=\"bt_bb_column_content\"><div class=\"bt_bb_column_content_inner\"><div  class=\"bt_bb_text\" ><p>Die HiCoders Talent Agency unterst\u00fctzt die Teilnehmer dabei, weitere Fachkenntnisse zu erwerben. Software Testing ist eine dieser Spezialisierungen.<\/p>\n<p>Qualit\u00e4tssicherung und -pr\u00fcfung sind entscheidende Aspekte in der IT-Branche. Die Anforderungen an T-Shape oder M-Shape-Fachleute nehmen zu. Deshalb bietet HiCoders seinen Absolventen Fortbildungskurse im Bereich Software Testing an, um die erforderlichen Testkompetenzen zu erlangen und als Softwaretester arbeiten zu k\u00f6nnen.<\/p>\n<p>In der Software-Testbranche gibt es verschiedene wichtige Testwerkzeuge, wobei Selenium als eine weit verbreitete Alternative gilt. In der Schweiz steigt die Nachfrage nach Fachleuten, die sich mit verschiedenen Testwerkzeugen auskennen, einschliesslich Selenium. Die HiCoders Talent Agency m\u00f6chte dazu beitragen, diesen Bedarf zu decken.<\/p>\n<\/div><\/div><\/div><\/div><div  class=\"bt_bb_column col-xxl-6 col-xl-6 bt_bb_vertical_align_middle bt_bb_align_left bt_bb_padding_normal bt_bb_animation_fade_in animate bt_bb_shape_inherit\" style=\"position: relative;\" data-width=\"6\" data-bt-override-class=\"{}\"><div class=\"bt_bb_column_content\"><div class=\"bt_bb_column_content_inner\"><div class=\"bt_bb_image btHeroGirl bt_bb_shape_square bt_bb_align_inherit bt_bb_hover_style_simple bt_bb_content_display_always bt_bb_content_align_middle\" data-bt-override-class=\"null\"><span><img src = \"https:\/\/hicoders.ch\/wp-content\/plugins\/bold-page-builder\/img\/blank.gif\" data-image_src=\"https:\/\/hicoders.ch\/wp-content\/uploads\/2023\/02\/1-Fullstack-Web-Programming-2.png\" title=\"1-Fullstack-Web-Programming-2\" alt=\"https:\/\/hicoders.ch\/wp-content\/uploads\/2023\/02\/1-Fullstack-Web-Programming-2.png\" class=\"btLazyLoadImage\"><\/span><\/div><\/div><\/div><\/div><\/div><\/div><\/div><\/div><\/div><\/section><section id=\"bt_bb_section69e32a06c3a4f\"  class=\"bt_bb_section bt_bb_layout_boxed_1200 bt_bb_vertical_align_top bt_bb_bottom_spacing_extra_small\"  data-bt-override-class=\"null\"><div class=\"bt_bb_port\"><div class=\"bt_bb_cell\"><div class=\"bt_bb_cell_inner\"><div class=\"bt_bb_row_wrapper\"><div  class=\"bt_bb_row bt_bb_shape_inherit\"  data-bt-override-class=\"{}\"><div  class=\"bt_bb_column col-xxl-6 col-xl-6 col-xs-12 col-sm-6 col-md-6 col-lg-6 bt_bb_vertical_align_middle bt_bb_align_left bt_bb_padding_normal bt_bb_animation_fade_in bt_bb_animation_move_right animate\"  data-width=\"6\" data-bt-override-class=\"{}\"><div class=\"bt_bb_column_content\"><div class=\"bt_bb_column_content_inner\"><div class=\"bt_bb_separator bt_bb_border_style_none bt_bb_bottom_spacing_medium\" data-bt-override-class=\"null\"><\/div><div class=\"bt_bb_image btHeroGirl bt_bb_shape_square bt_bb_align_inherit bt_bb_hover_style_simple bt_bb_content_display_always bt_bb_content_align_middle\" data-bt-override-class=\"null\"><span><img src = \"https:\/\/hicoders.ch\/wp-content\/plugins\/bold-page-builder\/img\/blank.gif\" data-image_src=\"https:\/\/hicoders.ch\/wp-content\/uploads\/2022\/03\/55-Im-Kurs-verwendete-Tools-und-Plattformen.png\" title=\"55- Im Kurs verwendete Tools und Plattformen\" alt=\"https:\/\/hicoders.ch\/wp-content\/uploads\/2022\/03\/55-Im-Kurs-verwendete-Tools-und-Plattformen.png\" class=\"btLazyLoadImage\"><\/span><\/div><\/div><\/div><\/div><div  class=\"bt_bb_column col-xxl-6 col-xl-6 col-xs-12 col-sm-6 col-md-6 col-lg-6 bt_bb_vertical_align_middle bt_bb_align_left bt_bb_padding_normal bt_bb_animation_fade_in bt_bb_animation_move_right animate\"  data-width=\"6\" data-bt-override-class=\"{}\"><div class=\"bt_bb_column_content\"><div class=\"bt_bb_column_content_inner\"><div class=\"bt_bb_separator bt_bb_border_style_none bt_bb_bottom_spacing_medium\" data-bt-override-class=\"null\"><\/div><header class=\"bt_bb_headline bt_bb_color_scheme_5 bt_bb_dash_none bt_bb_size_large bt_bb_align_inherit\" style=\"; --primary-color:#191919; --secondary-color:#e9182b;\" data-bt-override-class=\"{&quot;bt_bb_align_&quot;:{&quot;current_class&quot;:&quot;bt_bb_align_inherit&quot;,&quot;xxl&quot;:&quot;inherit&quot;,&quot;xl&quot;:&quot;inherit&quot;}}\"><h2 class=\"bt_bb_headline_tag\"><span class=\"bt_bb_headline_content\"><span>Allgemeine Informationen zum Kurs<\/span><\/span><\/h2><\/header><div  class=\"bt_bb_text\" ><p>Software Testing ist ein Kurs zur Entwicklung neuer F\u00e4higkeiten. Es bereitet die Teilnehmenden auf das Arbeiten mit Softwaretests vor. Durch echte Beispiele, szenariobasiertes Lernen und praktische \u00dcbungen erwerben die Teilnehmenden die technischen F\u00e4higkeiten, die sie f\u00fcr eine Einstiegsposition im Bereich Softwaretesting ben\u00f6tigen.<\/p>\n<p>Am Ende des Kurses wird von allen Teilnehmern erwartet, dass sie eine branchenweit anerkannte Zertifizierungspr\u00fcfung im Bereich Softwaretesting ablegen.<\/p>\n<p><span style=\"font-weight: 400\">Dauer des Kurses: 18 Wochen<\/span><\/p>\n<p><span style=\"font-weight: 400\">Zeitaufwand: mindestens 12 Stunden Unterricht plus 16 Stunden Selbststudium pro Woche<\/span><\/p>\n<\/div><\/div><\/div><\/div><\/div><\/div><\/div><\/div><\/div><\/section><section id=\"bt_bb_section69e32a06c41b7\"  class=\"bt_bb_section bt_bb_layout_boxed_1200 bt_bb_vertical_align_top bt_bb_bottom_spacing_small\"  data-bt-override-class=\"null\"><div class=\"bt_bb_port\"><div class=\"bt_bb_cell\"><div class=\"bt_bb_cell_inner\"><div class=\"bt_bb_row_wrapper\"><div  class=\"bt_bb_row bt_bb_shape_inherit\"  data-bt-override-class=\"{}\"><div  class=\"bt_bb_column col-xxl-6 col-xl-6 col-xs-12 col-sm-6 col-md-6 col-lg-6 bt_bb_vertical_align_middle bt_bb_align_left bt_bb_padding_normal bt_bb_animation_fade_in bt_bb_animation_move_right animate\"  data-width=\"6\" data-bt-override-class=\"{}\"><div class=\"bt_bb_column_content\"><div class=\"bt_bb_column_content_inner\"><div class=\"bt_bb_separator bt_bb_border_style_none bt_bb_bottom_spacing_medium\" data-bt-override-class=\"null\"><\/div><header class=\"bt_bb_headline bt_bb_color_scheme_5 bt_bb_dash_none bt_bb_size_large bt_bb_align_inherit\" style=\"; --primary-color:#191919; --secondary-color:#e9182b;\" data-bt-override-class=\"{&quot;bt_bb_align_&quot;:{&quot;current_class&quot;:&quot;bt_bb_align_inherit&quot;,&quot;xxl&quot;:&quot;inherit&quot;,&quot;xl&quot;:&quot;inherit&quot;}}\"><h1 class=\"bt_bb_headline_tag\"><span class=\"bt_bb_headline_content\"><span>Lerninhalte<\/span><\/span><\/h1><\/header><div  class=\"bt_bb_text\" ><p>Das Interesse an Software Testing und Qualit\u00e4tssicherung (QA) steigt stetig. In der Software-Testbranche werden fortschrittliche Methoden und Werkzeuge eingesetzt, um das Design, den Aufbau und die Bereitstellung von fehlerfreien Anwendungen zu gew\u00e4hrleisten. Die Anwendung bew\u00e4hrter Best Practices im Bereich Testing und QA reduziert sowohl f\u00fcr Gro\u00dfunternehmen als auch f\u00fcr Start-ups Kosten und beschleunigt Entwicklungsprozesse.<\/p>\n<p>In diesem Kurs erhalten Teilnehmende ein allgemeines Verst\u00e4ndnis der bekanntesten Testmethoden und -werkzeuge, wie zum Beispiel Selenium, JUnit, TestNG und Cucumber, sowie der agilen Methoden wie Scrum und Kanban. Zudem werden Best Practices f\u00fcr Software Testing und Qualit\u00e4tssicherung vermittelt. Der Kurs dient auch als Vorbereitung f\u00fcr eine branchenweit anerkannte Zertifizierungspr\u00fcfung im Bereich Softwaretesting oder QA.<\/p>\n<\/div><\/div><\/div><\/div><div  class=\"bt_bb_column col-xxl-6 col-xl-6 col-xs-12 col-sm-6 col-md-6 col-lg-6 bt_bb_vertical_align_top bt_bb_align_left bt_bb_padding_normal bt_bb_shape_inherit\"  data-width=\"6\" data-bt-override-class=\"{}\"><div class=\"bt_bb_column_content\"><div class=\"bt_bb_column_content_inner\"><div class=\"bt_bb_image btHeroGirl bt_bb_shape_square bt_bb_align_inherit bt_bb_hover_style_simple bt_bb_content_display_always bt_bb_content_align_middle\" data-bt-override-class=\"null\"><span><img src = \"https:\/\/hicoders.ch\/wp-content\/plugins\/bold-page-builder\/img\/blank.gif\" data-image_src=\"https:\/\/hicoders.ch\/wp-content\/uploads\/2023\/02\/44-IT-for-everybody.png\" title=\"44-IT-for-everybody\" alt=\"https:\/\/hicoders.ch\/wp-content\/uploads\/2023\/02\/44-IT-for-everybody.png\" class=\"btLazyLoadImage\"><\/span><\/div><\/div><\/div><\/div><\/div><\/div><\/div><\/div><\/div><\/section><section id=\"bt_bb_section69e32a06c495d\"  class=\"bt_bb_section bt_bb_layout_boxed_1200 bt_bb_vertical_align_top bt_bb_bottom_spacing_small\"  data-bt-override-class=\"null\"><div class=\"bt_bb_port\"><div class=\"bt_bb_cell\"><div class=\"bt_bb_cell_inner\"><div class=\"bt_bb_row_wrapper\"><div  class=\"bt_bb_row bt_bb_shape_inherit\"  data-bt-override-class=\"{}\"><div  class=\"bt_bb_column col-xxl-6 col-xl-6 col-xs-12 col-sm-6 col-md-6 col-lg-6 bt_bb_vertical_align_top bt_bb_align_left bt_bb_padding_normal bt_bb_shape_inherit\"  data-width=\"6\" data-bt-override-class=\"{}\"><div class=\"bt_bb_column_content\"><div class=\"bt_bb_column_content_inner\"><div  class=\"bt_bb_text\" ><p><span style=\"font-weight: 400\">Die folgenden Themen werden in dieser Schulung im Detail behandelt:<\/span><\/p>\n<ul>\n<li>Einf\u00fchrung in Software Testing und Qualit\u00e4tssicherung\n<ul>\n<li>Bedeutung von Testing und QA<\/li>\n<li>Testlevels und Testtypen<\/li>\n<li>Grundlegende Testprinzipien<\/li>\n<\/ul>\n<\/li>\n<li>Test-Methodik\n<ul>\n<li>Wasserfallmodell<\/li>\n<li>V-Modell<\/li>\n<li>Agile Methoden: Scrum und Kanban<\/li>\n<\/ul>\n<\/li>\n<li>Test-Planung und Test-Design\n<ul>\n<li>Teststrategie und Testplanung<\/li>\n<li>Testfallentwicklung<\/li>\n<li>Anforderungsanalyse und Traceability Matrix<\/li>\n<\/ul>\n<\/li>\n<li>Manuelle Testverfahren\n<ul>\n<li>Black-Box-Testing<\/li>\n<li>White-Box-Testing<\/li>\n<li>Grey-Box-Testing<\/li>\n<\/ul>\n<\/li>\n<li>Testautomatisierung\n<ul>\n<li>Einf\u00fchrung in Testautomatisierung<\/li>\n<li>Testautomatisierungs-Tools: Selenium, JUnit, TestNG<\/li>\n<li>Skripterstellung und Skriptwartung<\/li>\n<\/ul>\n<\/li>\n<li>Behavior-Driven Development (BDD) und Cucumber\n<ul>\n<li>Einf\u00fchrung in BDD<\/li>\n<li>Cucumber und Gherkin-Syntax<\/li>\n<li>Erstellen von Feature-Dateien und Testskripten<\/li>\n<\/ul>\n<\/li>\n<li>Testmanagement und Berichterstattung\n<ul>\n<li>Testmanagement-Tools: z.B. Jira, TestRail<\/li>\n<li>Testdokumentation und -berichterstattung<\/li>\n<li>Fehlerverfolgung und Fehleranalyse<\/li>\n<\/ul>\n<\/li>\n<li>Best Practices in Software Testing und Qualit\u00e4tssicherung\n<ul>\n<li>Testprozessverbesserung<\/li>\n<li>Risikobasiertes Testen<\/li>\n<li>Metriken und Kennzahlen in Testing und QA<\/li>\n<\/ul>\n<\/li>\n<li>Vorbereitung auf die Zertifizierungspr\u00fcfung\n<ul>\n<li>Pr\u00fcfungsziele und Teststruktur<\/li>\n<li>Pr\u00fcfungsvorbereitung und \u00dcbungsfragen<\/li>\n<li>Pr\u00fcfungstipps und -strategien<\/li>\n<\/ul>\n<\/li>\n<\/ul>\n<\/div><\/div><\/div><\/div><div  class=\"bt_bb_column col-xxl-6 col-xl-6 col-xs-12 col-sm-6 col-md-6 col-lg-6 bt_bb_vertical_align_middle bt_bb_align_left bt_bb_padding_normal bt_bb_animation_fade_in bt_bb_animation_move_right animate\"  data-width=\"6\" data-bt-override-class=\"{}\"><div class=\"bt_bb_column_content\"><div class=\"bt_bb_column_content_inner\"><div class=\"bt_bb_separator bt_bb_border_style_none bt_bb_bottom_spacing_medium\" data-bt-override-class=\"null\"><\/div><\/div><\/div><\/div><\/div><\/div><\/div><\/div><\/div><\/section>","protected":false},"excerpt":{"rendered":"","protected":false},"author":1,"featured_media":0,"parent":0,"menu_order":0,"comment_status":"closed","ping_status":"closed","template":"","meta":{"footnotes":""},"class_list":["post-7290","page","type-page","status-publish","hentry"],"yoast_head":"<!-- This site is optimized with the Yoast SEO plugin v20.4 - https:\/\/yoast.com\/wordpress\/plugins\/seo\/ -->\n<title>Software Testing - &lt;hi\/coders&gt;<\/title>\n<meta name=\"description\" content=\"Besonderen Fokus erh\u00e4lt in diesem Programm neben der Theorie die praktische Anwendung von Fullstack-Programmierung und Frameworks auf der Java-Plattform. Dieser Kurs ist auf Personen ausgelegt, die bereits \u00fcber eine bestimmte Programmiererfahrung verf\u00fcgen oder unseren Kurs in Web-Programming abgeschlossen haben.\" \/>\n<meta name=\"robots\" content=\"index, follow, max-snippet:-1, max-image-preview:large, max-video-preview:-1\" \/>\n<link rel=\"canonical\" href=\"https:\/\/hicoders.ch\/de\/software-testing\/\" \/>\n<meta property=\"og:locale\" content=\"de_DE\" \/>\n<meta property=\"og:type\" content=\"article\" \/>\n<meta property=\"og:title\" content=\"Software Testing - &lt;hi\/coders&gt;\" \/>\n<meta property=\"og:description\" content=\"Besonderen Fokus erh\u00e4lt in diesem Programm neben der Theorie die praktische Anwendung von Fullstack-Programmierung und Frameworks auf der Java-Plattform. Dieser Kurs ist auf Personen ausgelegt, die bereits \u00fcber eine bestimmte Programmiererfahrung verf\u00fcgen oder unseren Kurs in Web-Programming abgeschlossen haben.\" \/>\n<meta property=\"og:url\" content=\"https:\/\/hicoders.ch\/de\/software-testing\/\" \/>\n<meta property=\"og:site_name\" content=\"&lt;hi\/coders&gt;\" \/>\n<meta property=\"article:publisher\" content=\"https:\/\/facebook.com\/hicodersche\" \/>\n<meta property=\"article:modified_time\" content=\"2023-11-14T09:25:19+00:00\" \/>\n<meta name=\"twitter:card\" content=\"summary_large_image\" \/>\n<meta name=\"twitter:label1\" content=\"Gesch\u00e4tzte Lesezeit\" \/>\n\t<meta name=\"twitter:data1\" content=\"7\u00a0Minuten\" \/>\n<script type=\"application\/ld+json\" class=\"yoast-schema-graph\">{\"@context\":\"https:\/\/schema.org\",\"@graph\":[{\"@type\":\"WebPage\",\"@id\":\"https:\/\/hicoders.ch\/de\/software-testing\/\",\"url\":\"https:\/\/hicoders.ch\/de\/software-testing\/\",\"name\":\"Software Testing - &lt;hi\/coders&gt;\",\"isPartOf\":{\"@id\":\"https:\/\/hicoders.ch\/de\/#website\"},\"datePublished\":\"2023-03-25T21:35:33+00:00\",\"dateModified\":\"2023-11-14T09:25:19+00:00\",\"description\":\"Besonderen Fokus erh\u00e4lt in diesem Programm neben der Theorie die praktische Anwendung von Fullstack-Programmierung und Frameworks auf der Java-Plattform. Dieser Kurs ist auf Personen ausgelegt, die bereits \u00fcber eine bestimmte Programmiererfahrung verf\u00fcgen oder unseren Kurs in Web-Programming abgeschlossen haben.\",\"breadcrumb\":{\"@id\":\"https:\/\/hicoders.ch\/de\/software-testing\/#breadcrumb\"},\"inLanguage\":\"de\",\"potentialAction\":[{\"@type\":\"ReadAction\",\"target\":[\"https:\/\/hicoders.ch\/de\/software-testing\/\"]}]},{\"@type\":\"BreadcrumbList\",\"@id\":\"https:\/\/hicoders.ch\/de\/software-testing\/#breadcrumb\",\"itemListElement\":[{\"@type\":\"ListItem\",\"position\":1,\"name\":\"Home\",\"item\":\"https:\/\/hicoders.ch\/de\/\"},{\"@type\":\"ListItem\",\"position\":2,\"name\":\"Software Testing\"}]},{\"@type\":\"WebSite\",\"@id\":\"https:\/\/hicoders.ch\/de\/#website\",\"url\":\"https:\/\/hicoders.ch\/de\/\",\"name\":\"HiCoders\",\"description\":\"\u201eLead your IT career\u201c\",\"publisher\":{\"@id\":\"https:\/\/hicoders.ch\/de\/#organization\"},\"potentialAction\":[{\"@type\":\"SearchAction\",\"target\":{\"@type\":\"EntryPoint\",\"urlTemplate\":\"https:\/\/hicoders.ch\/de\/?s={search_term_string}\"},\"query-input\":\"required name=search_term_string\"}],\"inLanguage\":\"de\"},{\"@type\":\"Organization\",\"@id\":\"https:\/\/hicoders.ch\/de\/#organization\",\"name\":\"HiCoders\",\"url\":\"https:\/\/hicoders.ch\/de\/\",\"logo\":{\"@type\":\"ImageObject\",\"inLanguage\":\"de\",\"@id\":\"https:\/\/hicoders.ch\/de\/#\/schema\/logo\/image\/\",\"url\":\"https:\/\/hicoders.ch\/wp-content\/uploads\/2021\/11\/cropped-Instagaram-1-1.png\",\"contentUrl\":\"https:\/\/hicoders.ch\/wp-content\/uploads\/2021\/11\/cropped-Instagaram-1-1.png\",\"width\":512,\"height\":512,\"caption\":\"HiCoders\"},\"image\":{\"@id\":\"https:\/\/hicoders.ch\/de\/#\/schema\/logo\/image\/\"},\"sameAs\":[\"https:\/\/facebook.com\/hicodersche\",\"https:\/\/www.instagram.com\/hicodersch\/\",\"https:\/\/www.linkedin.com\/company\/hicodersch\",\"https:\/\/www.youtube.com\/@hicodersch\"]}]}<\/script>\n<!-- \/ Yoast SEO plugin. -->","yoast_head_json":{"title":"Software Testing - &lt;hi\/coders&gt;","description":"Besonderen Fokus erh\u00e4lt in diesem Programm neben der Theorie die praktische Anwendung von Fullstack-Programmierung und Frameworks auf der Java-Plattform. Dieser Kurs ist auf Personen ausgelegt, die bereits \u00fcber eine bestimmte Programmiererfahrung verf\u00fcgen oder unseren Kurs in Web-Programming abgeschlossen haben.","robots":{"index":"index","follow":"follow","max-snippet":"max-snippet:-1","max-image-preview":"max-image-preview:large","max-video-preview":"max-video-preview:-1"},"canonical":"https:\/\/hicoders.ch\/de\/software-testing\/","og_locale":"de_DE","og_type":"article","og_title":"Software Testing - &lt;hi\/coders&gt;","og_description":"Besonderen Fokus erh\u00e4lt in diesem Programm neben der Theorie die praktische Anwendung von Fullstack-Programmierung und Frameworks auf der Java-Plattform. Dieser Kurs ist auf Personen ausgelegt, die bereits \u00fcber eine bestimmte Programmiererfahrung verf\u00fcgen oder unseren Kurs in Web-Programming abgeschlossen haben.","og_url":"https:\/\/hicoders.ch\/de\/software-testing\/","og_site_name":"&lt;hi\/coders&gt;","article_publisher":"https:\/\/facebook.com\/hicodersche","article_modified_time":"2023-11-14T09:25:19+00:00","twitter_card":"summary_large_image","twitter_misc":{"Gesch\u00e4tzte Lesezeit":"7\u00a0Minuten"},"schema":{"@context":"https:\/\/schema.org","@graph":[{"@type":"WebPage","@id":"https:\/\/hicoders.ch\/de\/software-testing\/","url":"https:\/\/hicoders.ch\/de\/software-testing\/","name":"Software Testing - &lt;hi\/coders&gt;","isPartOf":{"@id":"https:\/\/hicoders.ch\/de\/#website"},"datePublished":"2023-03-25T21:35:33+00:00","dateModified":"2023-11-14T09:25:19+00:00","description":"Besonderen Fokus erh\u00e4lt in diesem Programm neben der Theorie die praktische Anwendung von Fullstack-Programmierung und Frameworks auf der Java-Plattform. Dieser Kurs ist auf Personen ausgelegt, die bereits \u00fcber eine bestimmte Programmiererfahrung verf\u00fcgen oder unseren Kurs in Web-Programming abgeschlossen haben.","breadcrumb":{"@id":"https:\/\/hicoders.ch\/de\/software-testing\/#breadcrumb"},"inLanguage":"de","potentialAction":[{"@type":"ReadAction","target":["https:\/\/hicoders.ch\/de\/software-testing\/"]}]},{"@type":"BreadcrumbList","@id":"https:\/\/hicoders.ch\/de\/software-testing\/#breadcrumb","itemListElement":[{"@type":"ListItem","position":1,"name":"Home","item":"https:\/\/hicoders.ch\/de\/"},{"@type":"ListItem","position":2,"name":"Software Testing"}]},{"@type":"WebSite","@id":"https:\/\/hicoders.ch\/de\/#website","url":"https:\/\/hicoders.ch\/de\/","name":"HiCoders","description":"\u201eLead your IT career\u201c","publisher":{"@id":"https:\/\/hicoders.ch\/de\/#organization"},"potentialAction":[{"@type":"SearchAction","target":{"@type":"EntryPoint","urlTemplate":"https:\/\/hicoders.ch\/de\/?s={search_term_string}"},"query-input":"required name=search_term_string"}],"inLanguage":"de"},{"@type":"Organization","@id":"https:\/\/hicoders.ch\/de\/#organization","name":"HiCoders","url":"https:\/\/hicoders.ch\/de\/","logo":{"@type":"ImageObject","inLanguage":"de","@id":"https:\/\/hicoders.ch\/de\/#\/schema\/logo\/image\/","url":"https:\/\/hicoders.ch\/wp-content\/uploads\/2021\/11\/cropped-Instagaram-1-1.png","contentUrl":"https:\/\/hicoders.ch\/wp-content\/uploads\/2021\/11\/cropped-Instagaram-1-1.png","width":512,"height":512,"caption":"HiCoders"},"image":{"@id":"https:\/\/hicoders.ch\/de\/#\/schema\/logo\/image\/"},"sameAs":["https:\/\/facebook.com\/hicodersche","https:\/\/www.instagram.com\/hicodersch\/","https:\/\/www.linkedin.com\/company\/hicodersch","https:\/\/www.youtube.com\/@hicodersch"]}]}},"_links":{"self":[{"href":"https:\/\/hicoders.ch\/de\/wp-json\/wp\/v2\/pages\/7290","targetHints":{"allow":["GET"]}}],"collection":[{"href":"https:\/\/hicoders.ch\/de\/wp-json\/wp\/v2\/pages"}],"about":[{"href":"https:\/\/hicoders.ch\/de\/wp-json\/wp\/v2\/types\/page"}],"author":[{"embeddable":true,"href":"https:\/\/hicoders.ch\/de\/wp-json\/wp\/v2\/users\/1"}],"replies":[{"embeddable":true,"href":"https:\/\/hicoders.ch\/de\/wp-json\/wp\/v2\/comments?post=7290"}],"version-history":[{"count":3,"href":"https:\/\/hicoders.ch\/de\/wp-json\/wp\/v2\/pages\/7290\/revisions"}],"predecessor-version":[{"id":7822,"href":"https:\/\/hicoders.ch\/de\/wp-json\/wp\/v2\/pages\/7290\/revisions\/7822"}],"wp:attachment":[{"href":"https:\/\/hicoders.ch\/de\/wp-json\/wp\/v2\/media?parent=7290"}],"curies":[{"name":"wp","href":"https:\/\/api.w.org\/{rel}","templated":true}]}}