{"id":8321,"date":"2024-09-11T08:43:50","date_gmt":"2024-09-11T08:43:50","guid":{"rendered":"https:\/\/hicoders.ch\/?page_id=8321"},"modified":"2025-11-17T15:30:50","modified_gmt":"2025-11-17T15:30:50","slug":"java-programming","status":"publish","type":"page","link":"https:\/\/hicoders.ch\/de\/java-programming\/","title":{"rendered":"Java Programming"},"content":{"rendered":"<section data-bb-version=\"4.5.4\" id=\"bt_bb_section69e2e39a666c3\"  class=\"bt_bb_section bt_bb_layout_boxed_1200\"  data-bt-override-class=\"null\"><div class=\"bt_bb_port\"><div class=\"bt_bb_cell\"><div class=\"bt_bb_cell_inner\"><div class=\"bt_bb_row_wrapper\"><div  class=\"bt_bb_row\"  data-bt-override-class=\"{}\"><div data-bb-version=\"4.5.4\"  class=\"bt_bb_column col-xxl-12 col-xl-12 col-xs-12 col-sm-12 col-md-12 col-lg-12 bt_bb_vertical_align_top bt_bb_align_left bt_bb_padding_normal bt_bb_shape_inherit\"  data-width=\"12\" data-bt-override-class=\"{}\"><div class=\"bt_bb_column_content\"><div class=\"bt_bb_column_content_inner\"><header data-bb-version=\"4.5.4\" class=\"bt_bb_headline bt_bb_subheadline_text_transform_default bt_bb_dash_none bt_bb_size_inherit bt_bb_align_inherit\" data-bt-override-class=\"{&quot;bt_bb_size_&quot;:{&quot;current_class&quot;:&quot;bt_bb_size_inherit&quot;,&quot;xxl&quot;:&quot;inherit&quot;},&quot;bt_bb_align_&quot;:{&quot;current_class&quot;:&quot;bt_bb_align_inherit&quot;,&quot;xxl&quot;:&quot;inherit&quot;}}\"><h1 class=\"bt_bb_headline_tag\"><span class=\"bt_bb_headline_content\"><span>Java Programming<\/span><\/span><\/h1><\/header><div data-bb-version=\"4.5.4\"  class=\"bt_bb_text\" ><div class=\"bt_bb_text\">\n<p><strong>Meistere die Kunst der Softwareentwicklung<\/strong><\/p>\n<p>HiCoders bietet hochwertige IT-Kurse f\u00fcr Anf\u00e4nger, Quereinsteiger und insbesondere f\u00fcr Fl\u00fcchtlinge an. Unser Programm ist darauf ausgelegt, den Teilnehmern die notwendigen F\u00e4higkeiten und Kenntnisse zu vermitteln, um in der IT-Branche erfolgreich zu sein.<\/p>\n<p>Dieser Kurs ist speziell darauf ausgelegt, dir die Grundlagen und fortgeschrittenen Konzepte der Java -und objektorientierte \u2013 Programmierung nahezubringen und dich\u00a0 auf eine erfolgreiche Karriere in der Softwareentwicklung vorzubereiten.<\/p>\n<p>Unser Kurs bietet dir nicht nur fundierte Kenntnisse, sondern auch praktische Erfahrungen, die du in realen Projekten anwenden kannst. Wir kombinieren Theorie mit praktischen \u00dcbungen und bieten dir die Unterst\u00fctzung, die du ben\u00f6tigst, um deine Programmierf\u00e4higkeiten zu optimieren.<\/p>\n<\/div>\n<\/div><div data-bb-version=\"4.5.4\" class=\"bt_bb_separator hi-btn bt_bb_border_style_none bt_bb_top_spacing_normal bt_bb_bottom_spacing_ hi-btn\" data-bt-override-class=\"{&quot;bt_bb_top_spacing_&quot;:{&quot;current_class&quot;:&quot;bt_bb_top_spacing_normal&quot;,&quot;xxl&quot;:&quot;normal&quot;},&quot;bt_bb_bottom_spacing_&quot;:{&quot;current_class&quot;:&quot;bt_bb_bottom_spacing_&quot;,&quot;xxl&quot;:&quot;&quot;}}\"><\/div><div data-bb-version=\"4.5.4\" class=\"bt_bb_separator hi-btn bt_bb_border_style_none bt_bb_top_spacing_normal bt_bb_bottom_spacing_ hi-btn\" data-bt-override-class=\"{&quot;bt_bb_top_spacing_&quot;:{&quot;current_class&quot;:&quot;bt_bb_top_spacing_normal&quot;,&quot;xxl&quot;:&quot;normal&quot;},&quot;bt_bb_bottom_spacing_&quot;:{&quot;current_class&quot;:&quot;bt_bb_bottom_spacing_&quot;,&quot;xxl&quot;:&quot;&quot;}}\"><\/div><div data-bb-version=\"4.5.4\" class=\"bt_bb_button bt_bb_icon_position_left bt_bb_style_outline bt_bb_size_large bt_bb_width_inline bt_bb_shape_inherit bt_bb_target_self bt_bb_text_transform_inherit bt_bb_align_center\" data-bt-override-class=\"{&quot;bt_bb_size_&quot;:{&quot;current_class&quot;:&quot;bt_bb_size_large&quot;,&quot;xxl&quot;:&quot;large&quot;,&quot;xl&quot;:&quot;large&quot;,&quot;lg&quot;:&quot;large&quot;,&quot;md&quot;:&quot;medium&quot;,&quot;sm&quot;:&quot;medium&quot;,&quot;xs&quot;:&quot;medium&quot;},&quot;bt_bb_align_&quot;:{&quot;current_class&quot;:&quot;bt_bb_align_center&quot;,&quot;xxl&quot;:&quot;center&quot;,&quot;xl&quot;:&quot;center&quot;,&quot;lg&quot;:&quot;center&quot;,&quot;md&quot;:&quot;center&quot;,&quot;sm&quot;:&quot;center&quot;,&quot;xs&quot;:&quot;center&quot;}}\"><a href=\"https:\/\/docs.google.com\/forms\/d\/e\/1FAIpQLSeuTgaa3hcMMRmp1D9Gv-kOJMp1O8dQEQlNQS0CI5BdAisTdQ\/viewform?usp=dialog \" target=\"_self\" class=\"bt_bb_link\" title=\"Anmelden\"><span class=\"bt_bb_button_text\" >Anmelden<\/span><\/a><\/div><\/div><\/div><\/div><\/div><\/div><\/div><\/div><\/div><\/section><section data-bb-version=\"4.5.4\" id=\"bt_bb_section69e2e39a66c92\"  class=\"bt_bb_section bt_bb_layout_boxed_1200\"  data-bt-override-class=\"null\"><div class=\"bt_bb_port\"><div class=\"bt_bb_cell\"><div class=\"bt_bb_cell_inner\"><div class=\"bt_bb_row_wrapper\"><div  class=\"bt_bb_row\"  data-bt-override-class=\"{}\"><div data-bb-version=\"4.5.4\"  class=\"bt_bb_column col-xxl-6 col-xl-6 col-xs-12 col-sm-6 col-md-6 col-lg-6 bt_bb_vertical_align_top bt_bb_align_left bt_bb_padding_normal bt_bb_shape_inherit\"  data-width=\"6\" data-bt-override-class=\"{}\"><div class=\"bt_bb_column_content\"><div class=\"bt_bb_column_content_inner\"><div data-bb-version=\"4.5.4\"  class=\"bt_bb_text\" ><\/div><header data-bb-version=\"4.5.4\" class=\"bt_bb_headline bt_bb_subheadline_text_transform_default bt_bb_dash_none bt_bb_size_inherit bt_bb_align_inherit\" data-bt-override-class=\"{&quot;bt_bb_size_&quot;:{&quot;current_class&quot;:&quot;bt_bb_size_inherit&quot;,&quot;xxl&quot;:&quot;inherit&quot;},&quot;bt_bb_align_&quot;:{&quot;current_class&quot;:&quot;bt_bb_align_inherit&quot;,&quot;xxl&quot;:&quot;inherit&quot;}}\"><h3 class=\"bt_bb_headline_tag\"><span class=\"bt_bb_headline_content\"><span>Allgemeine Informationen zum Kurs<\/span><\/span><\/h3><\/header><div data-bb-version=\"4.5.4\"  class=\"bt_bb_text\" ><p>Dauer: 4 Tage<br \/>\nKosten: CHF 990.- Franken<br \/>\nOrt: Online oder vor Ort<\/p>\n<p>Kursstart bei ausreichende Anmeldungen<br \/>\nTeilnehmerzahl ist limitiert<\/p>\n<\/div><\/div><\/div><\/div><div data-bb-version=\"4.5.4\"  class=\"bt_bb_column col-xxl-6 col-xl-6 col-xs-12 col-sm-6 col-md-6 col-lg-6 bt_bb_vertical_align_top bt_bb_align_left bt_bb_padding_normal bt_bb_shape_inherit\"  data-width=\"6\" data-bt-override-class=\"{}\"><div class=\"bt_bb_column_content\"><div class=\"bt_bb_column_content_inner\"><div data-bb-version=\"4.5.4\" class=\"bt_bb_image bt_bb_shape_square bt_bb_align_inherit bt_bb_hover_style_simple bt_bb_content_display_always bt_bb_content_align_middle\" data-bt-override-class=\"{&quot;bt_bb_align_&quot;:{&quot;current_class&quot;:&quot;bt_bb_align_inherit&quot;,&quot;xxl&quot;:&quot;inherit&quot;}}\"><span><img src = \"https:\/\/hicoders.ch\/wp-content\/plugins\/bold-page-builder\/img\/blank.gif\" data-image_src=\"https:\/\/hicoders.ch\/wp-content\/uploads\/2023\/05\/resim-kuculteme-hali-site-icin-scaled.webp\" title=\"Learnbees Programm\" alt=\"Learnbees Programm\" class=\"btLazyLoadImage\"><\/span><\/div><\/div><\/div><\/div><\/div><\/div><\/div><\/div><\/div><\/section><section data-bb-version=\"4.5.4\" id=\"bt_bb_section69e2e39a672d4\"  class=\"bt_bb_section bt_bb_layout_boxed_1200\"  data-bt-override-class=\"null\"><div class=\"bt_bb_port\"><div class=\"bt_bb_cell\"><div class=\"bt_bb_cell_inner\"><div class=\"bt_bb_row_wrapper\"><div  class=\"bt_bb_row\"  data-bt-override-class=\"{}\"><div data-bb-version=\"4.5.4\"  class=\"bt_bb_column col-xxl-6 col-xl-6 col-xs-12 col-sm-6 col-md-6 col-lg-6 bt_bb_vertical_align_top bt_bb_align_left bt_bb_padding_normal bt_bb_shape_inherit\"  data-width=\"6\" data-bt-override-class=\"{}\"><div class=\"bt_bb_column_content\"><div class=\"bt_bb_column_content_inner\"><div data-bb-version=\"4.5.4\" class=\"bt_bb_image bt_bb_shape_square bt_bb_align_inherit bt_bb_hover_style_simple bt_bb_content_display_always bt_bb_content_align_middle\" data-bt-override-class=\"{&quot;bt_bb_align_&quot;:{&quot;current_class&quot;:&quot;bt_bb_align_inherit&quot;,&quot;xxl&quot;:&quot;inherit&quot;}}\"><span><img src = \"https:\/\/hicoders.ch\/wp-content\/plugins\/bold-page-builder\/img\/blank.gif\" data-image_src=\"https:\/\/hicoders.ch\/wp-content\/uploads\/2022\/03\/33-png-768x461.png\" title=\"33-png\" alt=\"https:\/\/hicoders.ch\/wp-content\/uploads\/2022\/03\/33-png-768x461.png\" class=\"btLazyLoadImage\"><\/span><\/div><\/div><\/div><\/div><div data-bb-version=\"4.5.4\"  class=\"bt_bb_column col-xxl-6 col-xl-6 col-xs-12 col-sm-6 col-md-6 col-lg-6 bt_bb_vertical_align_top bt_bb_align_left bt_bb_padding_normal bt_bb_shape_inherit\"  data-width=\"6\" data-bt-override-class=\"{}\"><div class=\"bt_bb_column_content\"><div class=\"bt_bb_column_content_inner\"><header data-bb-version=\"4.5.4\" class=\"bt_bb_headline bt_bb_subheadline_text_transform_default bt_bb_dash_none bt_bb_size_inherit bt_bb_align_inherit\" data-bt-override-class=\"{&quot;bt_bb_size_&quot;:{&quot;current_class&quot;:&quot;bt_bb_size_inherit&quot;,&quot;xxl&quot;:&quot;inherit&quot;},&quot;bt_bb_align_&quot;:{&quot;current_class&quot;:&quot;bt_bb_align_inherit&quot;,&quot;xxl&quot;:&quot;inherit&quot;}}\"><h3 class=\"bt_bb_headline_tag\"><span class=\"bt_bb_headline_content\"><span>Das lernst du in diesem Kurs<\/span><\/span><\/h3><\/header><div data-bb-version=\"4.5.4\"  class=\"bt_bb_text\" ><ul>\n<li><strong>Java Grundlagen<\/strong><br \/>\nTauche ein in die Welt der Java-Programmierung. Erlerne die grundlegenden Syntaxregeln, Datenstrukturen und Programmierkonzepte, die f\u00fcr das Verst\u00e4ndnis von Java unerl\u00e4sslich sind.<\/li>\n<li><strong>Objektorientierte Programmierung (OOP)<\/strong><br \/>\nVerstehe die Prinzipien der objektorientierten Programmierung, einschliesslich Klassen, Objekten, Vererbung, Polymorphismus und Kapselung. Diese Konzepte sind das Herzst\u00fcck der Java-Entwicklung und bilden die Basis f\u00fcr das Design robuster und wartbarer Software.<\/li>\n<li><strong>Fehlerbehandlung<\/strong><br \/>\nLerne, wie du in Java mit Fehlern umgehst, um deine Anwendungen robuster zu machen.<\/li>\n<li><strong>Einf\u00fchrung in UML, Test Driven Development (TDD) und Clean Code<\/strong><br \/>\nWir f\u00fchren dich in die Unified Modeling Language (UML) ein, um deine Designs visuell darzustellen. Ausserdem lernst du, wie du durch testgetriebene Entwicklung (TDD) deine Softwarequalit\u00e4t verbesserst und durch Clean Code-Prinzipien sauberen, wartbaren Code schreiben k\u00f6nntest.<\/li>\n<\/ul>\n<\/div><\/div><\/div><\/div><\/div><\/div><\/div><\/div><\/div><\/section><section data-bb-version=\"4.5.4\" id=\"bt_bb_section69e2e39a679e2\"  class=\"bt_bb_section bt_bb_layout_boxed_1200\"  data-bt-override-class=\"null\"><div class=\"bt_bb_port\"><div class=\"bt_bb_cell\"><div class=\"bt_bb_cell_inner\"><div class=\"bt_bb_row_wrapper\"><div  class=\"bt_bb_row\"  data-bt-override-class=\"{}\"><div data-bb-version=\"4.5.4\"  class=\"bt_bb_column col-xxl-6 col-xl-6 col-xs-12 col-sm-6 col-md-6 col-lg-6 bt_bb_vertical_align_top bt_bb_align_left bt_bb_padding_normal bt_bb_shape_inherit\"  data-width=\"6\" data-bt-override-class=\"{}\"><div class=\"bt_bb_column_content\"><div class=\"bt_bb_column_content_inner\"><header data-bb-version=\"4.5.4\" class=\"bt_bb_headline bt_bb_subheadline_text_transform_default bt_bb_dash_none bt_bb_size_inherit bt_bb_align_inherit\" data-bt-override-class=\"{&quot;bt_bb_size_&quot;:{&quot;current_class&quot;:&quot;bt_bb_size_inherit&quot;,&quot;xxl&quot;:&quot;inherit&quot;},&quot;bt_bb_align_&quot;:{&quot;current_class&quot;:&quot;bt_bb_align_inherit&quot;,&quot;xxl&quot;:&quot;inherit&quot;}}\"><h3 class=\"bt_bb_headline_tag\"><span class=\"bt_bb_headline_content\"><span>Warum bei uns lernen?<\/span><\/span><\/h3><\/header><div data-bb-version=\"4.5.4\"  class=\"bt_bb_text\" ><ul>\n<li><strong>Erfahrene Trainer:<\/strong> Unsere Trainer sind Experten im Bereich Java-Entwicklung und bringen jahrelange Praxiserfahrung mit.<\/li>\n<li><strong>Praxisorientierter Ansatz:<\/strong> Wir legen grossen Wert auf praktische \u00dcbungen und reale Anwendungsf\u00e4lle.<\/li>\n<li><strong>Zertifizierung:<\/strong> Am Ende des Kurses erhalten Sie ein Zertifikat, das Ihre neu erworbenen F\u00e4higkeiten dokumentiert.<\/li>\n<\/ul>\n<\/div><\/div><\/div><\/div><div data-bb-version=\"4.5.4\"  class=\"bt_bb_column col-xxl-6 col-xl-6 col-xs-12 col-sm-6 col-md-6 col-lg-6 bt_bb_vertical_align_top bt_bb_align_left bt_bb_padding_normal bt_bb_shape_inherit\"  data-width=\"6\" data-bt-override-class=\"{}\"><div class=\"bt_bb_column_content\"><div class=\"bt_bb_column_content_inner\"><div data-bb-version=\"4.5.4\" class=\"bt_bb_image bt_bb_shape_square bt_bb_align_inherit bt_bb_hover_style_simple bt_bb_content_display_always bt_bb_content_align_middle\" data-bt-override-class=\"{&quot;bt_bb_align_&quot;:{&quot;current_class&quot;:&quot;bt_bb_align_inherit&quot;,&quot;xxl&quot;:&quot;inherit&quot;}}\"><span><img src = \"https:\/\/hicoders.ch\/wp-content\/plugins\/bold-page-builder\/img\/blank.gif\" data-image_src=\"https:\/\/hicoders.ch\/wp-content\/uploads\/2022\/03\/22-Ziele.png\" title=\"22- Ziele\" alt=\"https:\/\/hicoders.ch\/wp-content\/uploads\/2022\/03\/22-Ziele.png\" class=\"btLazyLoadImage\"><\/span><\/div><\/div><\/div><\/div><\/div><\/div><\/div><\/div><\/div><\/section><section data-bb-version=\"4.5.4\" id=\"bt_bb_section69e2e39a680d5\"  class=\"bt_bb_section bt_bb_layout_boxed_1200\"  data-bt-override-class=\"null\"><div class=\"bt_bb_port\"><div class=\"bt_bb_cell\"><div class=\"bt_bb_cell_inner\"><div class=\"bt_bb_row_wrapper\"><div  class=\"bt_bb_row\"  data-bt-override-class=\"{}\"><div data-bb-version=\"4.5.4\"  class=\"bt_bb_column col-xxl-12 col-xl-12 col-xs-12 col-sm-12 col-md-12 col-lg-12 bt_bb_vertical_align_top bt_bb_align_left bt_bb_padding_normal bt_bb_shape_inherit\"  data-width=\"12\" data-bt-override-class=\"{}\"><div class=\"bt_bb_column_content\"><div class=\"bt_bb_column_content_inner\"><div data-bb-version=\"4.5.4\"  class=\"bt_bb_text\" ><\/div><\/div><\/div><\/div><\/div><\/div><\/div><\/div><\/div><\/section>","protected":false},"excerpt":{"rendered":"","protected":false},"author":3,"featured_media":0,"parent":0,"menu_order":0,"comment_status":"closed","ping_status":"closed","template":"","meta":{"footnotes":""},"class_list":["post-8321","page","type-page","status-publish","hentry"],"yoast_head":"<!-- This site is optimized with the Yoast SEO plugin v20.4 - https:\/\/yoast.com\/wordpress\/plugins\/seo\/ -->\n<title>Java Programming - &lt;hi\/coders&gt;<\/title>\n<meta name=\"robots\" content=\"index, follow, max-snippet:-1, max-image-preview:large, max-video-preview:-1\" \/>\n<link rel=\"canonical\" href=\"https:\/\/hicoders.ch\/de\/java-programming\/\" \/>\n<meta property=\"og:locale\" content=\"de_DE\" \/>\n<meta property=\"og:type\" content=\"article\" \/>\n<meta property=\"og:title\" content=\"Java Programming - &lt;hi\/coders&gt;\" \/>\n<meta property=\"og:url\" content=\"https:\/\/hicoders.ch\/de\/java-programming\/\" \/>\n<meta property=\"og:site_name\" content=\"&lt;hi\/coders&gt;\" \/>\n<meta property=\"article:publisher\" content=\"https:\/\/facebook.com\/hicodersche\" \/>\n<meta property=\"article:modified_time\" content=\"2025-11-17T15:30:50+00:00\" \/>\n<meta name=\"twitter:card\" content=\"summary_large_image\" \/>\n<meta name=\"twitter:label1\" content=\"Gesch\u00e4tzte Lesezeit\" \/>\n\t<meta name=\"twitter:data1\" content=\"4\u00a0Minuten\" \/>\n<script type=\"application\/ld+json\" class=\"yoast-schema-graph\">{\"@context\":\"https:\/\/schema.org\",\"@graph\":[{\"@type\":\"WebPage\",\"@id\":\"https:\/\/hicoders.ch\/de\/java-programming\/\",\"url\":\"https:\/\/hicoders.ch\/de\/java-programming\/\",\"name\":\"Java Programming - &lt;hi\/coders&gt;\",\"isPartOf\":{\"@id\":\"https:\/\/hicoders.ch\/de\/#website\"},\"datePublished\":\"2024-09-11T08:43:50+00:00\",\"dateModified\":\"2025-11-17T15:30:50+00:00\",\"breadcrumb\":{\"@id\":\"https:\/\/hicoders.ch\/de\/java-programming\/#breadcrumb\"},\"inLanguage\":\"de\",\"potentialAction\":[{\"@type\":\"ReadAction\",\"target\":[\"https:\/\/hicoders.ch\/de\/java-programming\/\"]}]},{\"@type\":\"BreadcrumbList\",\"@id\":\"https:\/\/hicoders.ch\/de\/java-programming\/#breadcrumb\",\"itemListElement\":[{\"@type\":\"ListItem\",\"position\":1,\"name\":\"Home\",\"item\":\"https:\/\/hicoders.ch\/de\/\"},{\"@type\":\"ListItem\",\"position\":2,\"name\":\"Java Programming\"}]},{\"@type\":\"WebSite\",\"@id\":\"https:\/\/hicoders.ch\/de\/#website\",\"url\":\"https:\/\/hicoders.ch\/de\/\",\"name\":\"HiCoders\",\"description\":\"\u201eLead your IT career\u201c\",\"publisher\":{\"@id\":\"https:\/\/hicoders.ch\/de\/#organization\"},\"potentialAction\":[{\"@type\":\"SearchAction\",\"target\":{\"@type\":\"EntryPoint\",\"urlTemplate\":\"https:\/\/hicoders.ch\/de\/?s={search_term_string}\"},\"query-input\":\"required name=search_term_string\"}],\"inLanguage\":\"de\"},{\"@type\":\"Organization\",\"@id\":\"https:\/\/hicoders.ch\/de\/#organization\",\"name\":\"HiCoders\",\"url\":\"https:\/\/hicoders.ch\/de\/\",\"logo\":{\"@type\":\"ImageObject\",\"inLanguage\":\"de\",\"@id\":\"https:\/\/hicoders.ch\/de\/#\/schema\/logo\/image\/\",\"url\":\"https:\/\/hicoders.ch\/wp-content\/uploads\/2021\/11\/cropped-Instagaram-1-1.png\",\"contentUrl\":\"https:\/\/hicoders.ch\/wp-content\/uploads\/2021\/11\/cropped-Instagaram-1-1.png\",\"width\":512,\"height\":512,\"caption\":\"HiCoders\"},\"image\":{\"@id\":\"https:\/\/hicoders.ch\/de\/#\/schema\/logo\/image\/\"},\"sameAs\":[\"https:\/\/facebook.com\/hicodersche\",\"https:\/\/www.instagram.com\/hicodersch\/\",\"https:\/\/www.linkedin.com\/company\/hicodersch\",\"https:\/\/www.youtube.com\/@hicodersch\"]}]}<\/script>\n<!-- \/ Yoast SEO plugin. -->","yoast_head_json":{"title":"Java Programming - &lt;hi\/coders&gt;","robots":{"index":"index","follow":"follow","max-snippet":"max-snippet:-1","max-image-preview":"max-image-preview:large","max-video-preview":"max-video-preview:-1"},"canonical":"https:\/\/hicoders.ch\/de\/java-programming\/","og_locale":"de_DE","og_type":"article","og_title":"Java Programming - &lt;hi\/coders&gt;","og_url":"https:\/\/hicoders.ch\/de\/java-programming\/","og_site_name":"&lt;hi\/coders&gt;","article_publisher":"https:\/\/facebook.com\/hicodersche","article_modified_time":"2025-11-17T15:30:50+00:00","twitter_card":"summary_large_image","twitter_misc":{"Gesch\u00e4tzte Lesezeit":"4\u00a0Minuten"},"schema":{"@context":"https:\/\/schema.org","@graph":[{"@type":"WebPage","@id":"https:\/\/hicoders.ch\/de\/java-programming\/","url":"https:\/\/hicoders.ch\/de\/java-programming\/","name":"Java Programming - &lt;hi\/coders&gt;","isPartOf":{"@id":"https:\/\/hicoders.ch\/de\/#website"},"datePublished":"2024-09-11T08:43:50+00:00","dateModified":"2025-11-17T15:30:50+00:00","breadcrumb":{"@id":"https:\/\/hicoders.ch\/de\/java-programming\/#breadcrumb"},"inLanguage":"de","potentialAction":[{"@type":"ReadAction","target":["https:\/\/hicoders.ch\/de\/java-programming\/"]}]},{"@type":"BreadcrumbList","@id":"https:\/\/hicoders.ch\/de\/java-programming\/#breadcrumb","itemListElement":[{"@type":"ListItem","position":1,"name":"Home","item":"https:\/\/hicoders.ch\/de\/"},{"@type":"ListItem","position":2,"name":"Java Programming"}]},{"@type":"WebSite","@id":"https:\/\/hicoders.ch\/de\/#website","url":"https:\/\/hicoders.ch\/de\/","name":"HiCoders","description":"\u201eLead your IT career\u201c","publisher":{"@id":"https:\/\/hicoders.ch\/de\/#organization"},"potentialAction":[{"@type":"SearchAction","target":{"@type":"EntryPoint","urlTemplate":"https:\/\/hicoders.ch\/de\/?s={search_term_string}"},"query-input":"required name=search_term_string"}],"inLanguage":"de"},{"@type":"Organization","@id":"https:\/\/hicoders.ch\/de\/#organization","name":"HiCoders","url":"https:\/\/hicoders.ch\/de\/","logo":{"@type":"ImageObject","inLanguage":"de","@id":"https:\/\/hicoders.ch\/de\/#\/schema\/logo\/image\/","url":"https:\/\/hicoders.ch\/wp-content\/uploads\/2021\/11\/cropped-Instagaram-1-1.png","contentUrl":"https:\/\/hicoders.ch\/wp-content\/uploads\/2021\/11\/cropped-Instagaram-1-1.png","width":512,"height":512,"caption":"HiCoders"},"image":{"@id":"https:\/\/hicoders.ch\/de\/#\/schema\/logo\/image\/"},"sameAs":["https:\/\/facebook.com\/hicodersche","https:\/\/www.instagram.com\/hicodersch\/","https:\/\/www.linkedin.com\/company\/hicodersch","https:\/\/www.youtube.com\/@hicodersch"]}]}},"_links":{"self":[{"href":"https:\/\/hicoders.ch\/de\/wp-json\/wp\/v2\/pages\/8321","targetHints":{"allow":["GET"]}}],"collection":[{"href":"https:\/\/hicoders.ch\/de\/wp-json\/wp\/v2\/pages"}],"about":[{"href":"https:\/\/hicoders.ch\/de\/wp-json\/wp\/v2\/types\/page"}],"author":[{"embeddable":true,"href":"https:\/\/hicoders.ch\/de\/wp-json\/wp\/v2\/users\/3"}],"replies":[{"embeddable":true,"href":"https:\/\/hicoders.ch\/de\/wp-json\/wp\/v2\/comments?post=8321"}],"version-history":[{"count":3,"href":"https:\/\/hicoders.ch\/de\/wp-json\/wp\/v2\/pages\/8321\/revisions"}],"predecessor-version":[{"id":8477,"href":"https:\/\/hicoders.ch\/de\/wp-json\/wp\/v2\/pages\/8321\/revisions\/8477"}],"wp:attachment":[{"href":"https:\/\/hicoders.ch\/de\/wp-json\/wp\/v2\/media?parent=8321"}],"curies":[{"name":"wp","href":"https:\/\/api.w.org\/{rel}","templated":true}]}}