{"id":8376,"date":"2025-02-10T15:31:50","date_gmt":"2025-02-10T15:31:50","guid":{"rendered":"https:\/\/hicoders.ch\/?page_id=8376"},"modified":"2025-11-17T15:35:04","modified_gmt":"2025-11-17T15:35:04","slug":"angular-moderne-webanwendungen-entwickeln","status":"publish","type":"page","link":"https:\/\/hicoders.ch\/de\/angular-moderne-webanwendungen-entwickeln\/","title":{"rendered":"Angular \u2013 Moderne Webanwendungen entwickeln"},"content":{"rendered":"<section data-bb-version=\"4.5.4\" id=\"bt_bb_section69e2e35906fce\"  class=\"bt_bb_section bt_bb_layout_boxed_1200 bt_bb_vertical_align_top bt_bb_top_spacing_medium bt_bb_bottom_spacing_\"  data-bt-override-class=\"{&quot;bt_bb_top_spacing_&quot;:{&quot;current_class&quot;:&quot;bt_bb_top_spacing_medium&quot;,&quot;xxl&quot;:&quot;medium&quot;},&quot;bt_bb_bottom_spacing_&quot;:{&quot;current_class&quot;:&quot;bt_bb_bottom_spacing_&quot;,&quot;xxl&quot;:&quot;&quot;}}\"><div class=\"bt_bb_port\"><div class=\"bt_bb_cell\"><div class=\"bt_bb_cell_inner\"><div class=\"bt_bb_row_wrapper\"><div  class=\"bt_bb_row bt_bb_shape_inherit\"  data-bt-override-class=\"{}\"><div  class=\"bt_bb_column col-xxl-12 col-xl-12 col-xs-12 col-sm-12 col-md-12 col-lg-12 bt_bb_vertical_align_middle bt_bb_align_left bt_bb_padding_normal bt_bb_animation_fade_in bt_bb_animation_move_right animate\"  data-width=\"12\" data-bt-override-class=\"{}\"><div class=\"bt_bb_column_content\"><div class=\"bt_bb_column_content_inner\"><div class=\"bt_bb_separator bt_bb_border_style_none bt_bb_bottom_spacing_medium\" data-bt-override-class=\"null\"><\/div><header data-bb-version=\"4.5.4\" class=\"bt_bb_headline bt_bb_subheadline_text_transform_default bt_bb_color_scheme_5 bt_bb_dash_none bt_bb_size_extralarge bt_bb_align_inherit\" style=\"; --primary-color:#191919; --secondary-color:#e9182b;\" data-bt-override-class=\"{&quot;bt_bb_size_&quot;:{&quot;current_class&quot;:&quot;bt_bb_size_extralarge&quot;,&quot;xxl&quot;:&quot;extralarge&quot;},&quot;bt_bb_align_&quot;:{&quot;current_class&quot;:&quot;bt_bb_align_inherit&quot;,&quot;xxl&quot;:&quot;inherit&quot;}}\"><h1 class=\"bt_bb_headline_tag\"><span class=\"bt_bb_headline_content\"><span>Angular \u2013 Moderne Webanwendungen entwickeln<\/span><\/span><\/h1><\/header><div class=\"bt_bb_separator bt_bb_border_style_none bt_bb_bottom_spacing_medium\" data-bt-override-class=\"null\"><\/div><\/div><\/div><\/div><\/div><\/div><div class=\"bt_bb_row_wrapper\"><div  class=\"bt_bb_row bt_bb_shape_inherit\"  data-bt-override-class=\"{}\"><\/div><\/div><div class=\"bt_bb_row_wrapper\"><div  class=\"bt_bb_row bt_bb_shape_inherit\"  data-bt-override-class=\"{}\"><div  class=\"bt_bb_column col-xxl-12 col-xl-12 col-xs-12 col-sm-12 col-md-12 col-lg-12 bt_bb_vertical_align_top bt_bb_align_left bt_bb_padding_normal bt_bb_shape_inherit\"  data-width=\"12\" data-bt-override-class=\"{}\"><div class=\"bt_bb_column_content\"><div class=\"bt_bb_column_content_inner\"><div data-bb-version=\"4.5.4\"  class=\"bt_bb_text\" ><p><strong>Dynamische Webanwendungen mit Angular!<\/strong> In diesem Kurs lernst du, wie du mit Angular interaktive und leistungsstarke Single-Page-Anwendungen entwickelst.<\/p>\n<\/div><\/div><\/div><\/div><\/div><\/div><\/div><\/div><\/div><\/section><section data-bb-version=\"4.5.4\" id=\"bt_bb_section69e2e3590782c\"  class=\"bt_bb_section bt_bb_layout_boxed_1200\"  data-bt-override-class=\"null\"><div class=\"bt_bb_port\"><div class=\"bt_bb_cell\"><div class=\"bt_bb_cell_inner\"><div class=\"bt_bb_row_wrapper\"><div  class=\"bt_bb_row\"  data-bt-override-class=\"{}\"><div data-bb-version=\"4.5.4\"  class=\"bt_bb_column col-xxl-12 col-xl-12 col-xs-12 col-sm-12 col-md-12 col-lg-12 bt_bb_vertical_align_top bt_bb_align_left bt_bb_padding_normal bt_bb_shape_inherit\"  data-width=\"12\" data-bt-override-class=\"{}\"><div class=\"bt_bb_column_content\"><div class=\"bt_bb_column_content_inner\"><div data-bb-version=\"4.5.4\" class=\"bt_bb_button bt_bb_icon_position_left bt_bb_style_outline bt_bb_size_small bt_bb_width_inline bt_bb_shape_inherit bt_bb_target_self bt_bb_text_transform_inherit bt_bb_align_center\" data-bt-override-class=\"{&quot;bt_bb_size_&quot;:{&quot;current_class&quot;:&quot;bt_bb_size_small&quot;,&quot;xxl&quot;:&quot;small&quot;},&quot;bt_bb_align_&quot;:{&quot;current_class&quot;:&quot;bt_bb_align_center&quot;,&quot;xxl&quot;:&quot;center&quot;}}\"><a href=\"https:\/\/docs.google.com\/forms\/d\/e\/1FAIpQLSf4SXwbaBfYYg-LXP0x2L5F6eqSp510mAOZFOd3taApmSmoZw\/viewform?usp=dialog\" target=\"_self\" class=\"bt_bb_link\" title=\"Anmelden\"><span class=\"bt_bb_button_text\" >Anmelden<\/span><\/a><\/div><\/div><\/div><\/div><\/div><\/div><\/div><\/div><\/div><\/section><section id=\"bt_bb_section69e2e35907af1\"  class=\"bt_bb_section bt_bb_layout_boxed_1200 bt_bb_vertical_align_top bt_bb_top_spacing_medium\"  data-bt-override-class=\"null\"><div class=\"bt_bb_port\"><div class=\"bt_bb_cell\"><div class=\"bt_bb_cell_inner\"><div class=\"bt_bb_row_wrapper\"><div  class=\"bt_bb_row bt_bb_shape_inherit\"  data-bt-override-class=\"{}\"><div  class=\"bt_bb_column col-xxl-6 col-xl-6 bt_bb_vertical_align_middle bt_bb_align_left bt_bb_padding_normal bt_bb_animation_fade_in bt_bb_animation_move_right animate\"  data-width=\"6\" data-bt-override-class=\"{}\"><div class=\"bt_bb_column_content\"><div class=\"bt_bb_column_content_inner\"><header class=\"bt_bb_headline bt_bb_color_scheme_5 bt_bb_dash_none bt_bb_size_large bt_bb_align_inherit\" style=\"; --primary-color:#191919; --secondary-color:#e9182b;\" data-bt-override-class=\"{&quot;bt_bb_align_&quot;:{&quot;current_class&quot;:&quot;bt_bb_align_inherit&quot;,&quot;xxl&quot;:&quot;inherit&quot;,&quot;xl&quot;:&quot;inherit&quot;}}\"><h3 class=\"bt_bb_headline_tag\"><span class=\"bt_bb_headline_content\"><span>Allgemeine Informationen zum Kurs<\/span><\/span><\/h3><\/header><div  class=\"bt_bb_text\" ><p>Dauer: 6 Tage<br \/>\nKosten: CHF 990.- Franken<br \/>\nOrt: Online oder vor Ort<\/p>\n<p>Kursstart bei ausreichende Anmeldungen<br \/>\nTeilnehmerzahl ist limitiert<\/p>\n<\/div><\/div><\/div><\/div><div  class=\"bt_bb_column col-xxl-6 col-xl-6 bt_bb_vertical_align_middle bt_bb_align_left bt_bb_padding_normal bt_bb_animation_fade_in animate bt_bb_shape_inherit\" style=\"position: relative;\" data-width=\"6\" data-bt-override-class=\"{}\"><div class=\"bt_bb_column_content\"><div class=\"bt_bb_column_content_inner\"><div class=\"bt_bb_image btHeroGirl bt_bb_shape_square bt_bb_align_inherit bt_bb_hover_style_simple bt_bb_content_display_always bt_bb_content_align_middle\" data-bt-override-class=\"null\"><span><img src = \"https:\/\/hicoders.ch\/wp-content\/plugins\/bold-page-builder\/img\/blank.gif\" data-image_src=\"https:\/\/hicoders.ch\/wp-content\/uploads\/2022\/03\/11-Fullstack-Web-Programming-2.png\" title=\"11- Fullstack Web Programming\" alt=\"https:\/\/hicoders.ch\/wp-content\/uploads\/2022\/03\/11-Fullstack-Web-Programming-2.png\" class=\"btLazyLoadImage\"><\/span><\/div><\/div><\/div><\/div><\/div><\/div><div data-bb-version=\"4.5.4\" class=\"bt_bb_row_wrapper\"><div  class=\"bt_bb_row bt_bb_shape_inherit\"  data-bt-override-class=\"{}\"><div data-bb-version=\"4.5.4\"  class=\"bt_bb_column col-xxl-12 col-xl-12 col-xs-12 col-sm-12 col-md-12 col-lg-12 bt_bb_vertical_align_top bt_bb_align_left bt_bb_padding_normal bt_bb_shape_inherit\"  data-width=\"12\" data-bt-override-class=\"{}\"><div class=\"bt_bb_column_content\"><div class=\"bt_bb_column_content_inner\"><\/div><\/div><\/div><\/div><\/div><div data-bb-version=\"4.5.4\" class=\"bt_bb_row_wrapper\"><div  class=\"bt_bb_row bt_bb_shape_inherit\"  data-bt-override-class=\"{}\"><div data-bb-version=\"4.5.4\"  class=\"bt_bb_column col-xxl-12 col-xl-12 col-xs-12 col-sm-12 col-md-12 col-lg-12 bt_bb_vertical_align_top bt_bb_align_left bt_bb_padding_normal bt_bb_shape_inherit\"  data-width=\"12\" data-bt-override-class=\"{}\"><div class=\"bt_bb_column_content\"><div class=\"bt_bb_column_content_inner\"><\/div><\/div><\/div><\/div><\/div><\/div><\/div><\/div><\/section><section id=\"bt_bb_section69e2e359082e3\"  class=\"bt_bb_section bt_bb_layout_boxed_1200 bt_bb_vertical_align_top bt_bb_bottom_spacing_medium\"  data-bt-override-class=\"null\"><div class=\"bt_bb_port\"><div class=\"bt_bb_cell\"><div class=\"bt_bb_cell_inner\"><div class=\"bt_bb_row_wrapper\"><div  class=\"bt_bb_row bt_bb_shape_inherit\"  data-bt-override-class=\"{}\"><div  class=\"bt_bb_column col-xxl-6 col-xl-6 bt_bb_vertical_align_top bt_bb_align_left bt_bb_padding_double bt_bb_animation_fade_in bt_bb_animation_move_right animate bt_bb_shape_inherit\"  data-width=\"6\" data-bt-override-class=\"{}\"><div class=\"bt_bb_column_content\"><div class=\"bt_bb_column_content_inner\"><div class=\"bt_bb_separator bt_bb_border_style_none bt_bb_bottom_spacing_medium bt_bb_hidden_md bt_bb_hidden_lg\" data-bt-override-class=\"null\"><\/div><div class=\"bt_bb_image bt_bb_shape_square bt_bb_align_inherit bt_bb_hover_style_simple bt_bb_content_display_always bt_bb_content_align_middle\" data-bt-override-class=\"null\"><span><img src = \"https:\/\/hicoders.ch\/wp-content\/plugins\/bold-page-builder\/img\/blank.gif\" data-image_src=\"https:\/\/hicoders.ch\/wp-content\/uploads\/2022\/03\/22-Allgemeine-Informationen-zum-Kurs.png\" title=\"22- Allgemeine Informationen zum Kurs\" alt=\"https:\/\/hicoders.ch\/wp-content\/uploads\/2022\/03\/22-Allgemeine-Informationen-zum-Kurs.png\" class=\"btLazyLoadImage\"><\/span><\/div><div class=\"bt_bb_separator bt_bb_border_style_none bt_bb_bottom_spacing_medium\" data-bt-override-class=\"null\"><\/div><\/div><\/div><\/div><div  class=\"bt_bb_column col-xxl-6 col-xl-6 bt_bb_vertical_align_middle bt_bb_align_left bt_bb_padding_double bt_bb_animation_fade_in animate bt_bb_shape_inherit\"  data-width=\"6\" data-bt-override-class=\"{}\"><div class=\"bt_bb_column_content\"><div class=\"bt_bb_column_content_inner\"><div class=\"bt_bb_separator bt_bb_border_style_none bt_bb_bottom_spacing_small\" data-bt-override-class=\"null\"><\/div><header data-bb-version=\"4.5.4\" class=\"bt_bb_headline bt_bb_subheadline_text_transform_default bt_bb_color_scheme_5 bt_bb_dash_none bt_bb_size_large bt_bb_align_inherit\" style=\"; --primary-color:#191919; --secondary-color:#e9182b;\" data-bt-override-class=\"{&quot;bt_bb_size_&quot;:{&quot;current_class&quot;:&quot;bt_bb_size_large&quot;,&quot;xxl&quot;:&quot;large&quot;},&quot;bt_bb_align_&quot;:{&quot;current_class&quot;:&quot;bt_bb_align_inherit&quot;,&quot;xxl&quot;:&quot;inherit&quot;}}\"><h3 class=\"bt_bb_headline_tag\"><span class=\"bt_bb_headline_content\"><span>Das lernst du in diesem Kurs<\/span><\/span><\/h3><\/header><div  class=\"bt_bb_text\" ><ul data-spread=\"false\">\n<li>Einf\u00fchrung in Angular &amp; TypeScript<\/li>\n<li>Komponentenbasierte Architektur<\/li>\n<li>Routing &amp; State-Management<\/li>\n<li>API-Integration &amp; Best Practices<\/li>\n<\/ul>\n<\/div><div class=\"bt_bb_separator bt_bb_border_style_none bt_bb_bottom_spacing_medium\" data-bt-override-class=\"null\"><\/div><\/div><\/div><\/div><\/div><\/div><\/div><\/div><\/div><\/section><section id=\"bt_bb_section69e2e35908a3a\"  class=\"bt_bb_section bt_bb_layout_boxed_1200 bt_bb_vertical_align_top bt_bb_bottom_spacing_medium\"  data-bt-override-class=\"null\"><div class=\"bt_bb_port\"><div class=\"bt_bb_cell\"><div class=\"bt_bb_cell_inner\"><div class=\"bt_bb_row_wrapper\"><div  class=\"bt_bb_row bt_bb_shape_inherit\"  data-bt-override-class=\"{}\"><div  class=\"bt_bb_column col-xxl-6 col-xl-6 bt_bb_vertical_align_middle bt_bb_align_left bt_bb_padding_double bt_bb_animation_fade_in animate bt_bb_shape_inherit\"  data-width=\"6\" data-bt-override-class=\"{}\"><div class=\"bt_bb_column_content\"><div class=\"bt_bb_column_content_inner\"><header class=\"bt_bb_headline bt_bb_color_scheme_5 bt_bb_dash_none bt_bb_size_large bt_bb_align_inherit\" style=\"; --primary-color:#191919; --secondary-color:#e9182b;\" data-bt-override-class=\"{&quot;bt_bb_align_&quot;:{&quot;current_class&quot;:&quot;bt_bb_align_inherit&quot;,&quot;xxl&quot;:&quot;inherit&quot;,&quot;xl&quot;:&quot;inherit&quot;}}\"><h4 class=\"bt_bb_headline_tag\"><span class=\"bt_bb_headline_content\"><span>Das lernst du in diesem Kurs<\/span><\/span><\/h4><\/header><div class=\"bt_bb_separator bt_bb_border_style_none bt_bb_bottom_spacing_small\" data-bt-override-class=\"null\"><\/div><div  class=\"bt_bb_text\" ><p data-pm-slice=\"1 1 &#091;&#093;\"><strong>F\u00fcr wen ist dieser Kurs geeignet?<\/strong><\/p>\n<ul data-spread=\"false\">\n<li>Webentwickler mit Grundlagenkenntnissen<\/li>\n<li>Personen, die mit modernen Frameworks arbeiten m\u00f6chten<\/li>\n<li>Unternehmen, die auf Angular setzen<\/li>\n<\/ul>\n<\/div><div class=\"bt_bb_separator bt_bb_border_style_none bt_bb_bottom_spacing_medium\" data-bt-override-class=\"null\"><\/div><\/div><\/div><\/div><div  class=\"bt_bb_column col-xxl-6 col-xl-6 bt_bb_vertical_align_top bt_bb_align_left bt_bb_padding_double bt_bb_animation_fade_in bt_bb_animation_move_right animate bt_bb_shape_inherit\"  data-width=\"6\" data-bt-override-class=\"{}\"><div class=\"bt_bb_column_content\"><div class=\"bt_bb_column_content_inner\"><div class=\"bt_bb_separator bt_bb_border_style_none bt_bb_bottom_spacing_medium bt_bb_hidden_md bt_bb_hidden_lg\" data-bt-override-class=\"null\"><\/div><div class=\"bt_bb_image bt_bb_shape_square bt_bb_align_inherit bt_bb_hover_style_simple bt_bb_content_display_always bt_bb_content_align_middle\" data-bt-override-class=\"null\"><span><img src = \"https:\/\/hicoders.ch\/wp-content\/plugins\/bold-page-builder\/img\/blank.gif\" data-image_src=\"https:\/\/hicoders.ch\/wp-content\/uploads\/2022\/03\/33-Was-werden-Sie-in-diesem-Kurs-lernen.png\" title=\"33- Was werden Sie in diesem Kurs lernen\" alt=\"https:\/\/hicoders.ch\/wp-content\/uploads\/2022\/03\/33-Was-werden-Sie-in-diesem-Kurs-lernen.png\" class=\"btLazyLoadImage\"><\/span><\/div><div class=\"bt_bb_separator bt_bb_border_style_none bt_bb_bottom_spacing_medium\" data-bt-override-class=\"null\"><\/div><\/div><\/div><\/div><\/div><\/div><\/div><\/div><\/div><\/section>","protected":false},"excerpt":{"rendered":"","protected":false},"author":3,"featured_media":0,"parent":0,"menu_order":0,"comment_status":"closed","ping_status":"closed","template":"","meta":{"footnotes":""},"class_list":["post-8376","page","type-page","status-publish","hentry"],"yoast_head":"<!-- This site is optimized with the Yoast SEO plugin v20.4 - https:\/\/yoast.com\/wordpress\/plugins\/seo\/ -->\n<title>Angular \u2013 Moderne Webanwendungen entwickeln - &lt;hi\/coders&gt;<\/title>\n<meta name=\"description\" content=\"Die Anzahl der aktiven Internetnutzer steigt weltweit. Cloud-Technologien und technologische Entwicklungen wie Virtualisierung, k\u00fcnstliche Intelligenz oder andere Web-Technologien sind f\u00fcr End-User attraktiv. Unternehmen, die attraktiv und auf dem neusten Stand bleiben m\u00f6chten, m\u00fcssen daher ein immer gr\u00f6sseres Leistungsspektrum abdecken. Daf\u00fcr braucht es laufend mehr qualifizierte IT-Arbeitskr\u00e4fte.\" \/>\n<meta name=\"robots\" content=\"index, follow, max-snippet:-1, max-image-preview:large, max-video-preview:-1\" \/>\n<link rel=\"canonical\" href=\"https:\/\/hicoders.ch\/de\/angular-moderne-webanwendungen-entwickeln\/\" \/>\n<meta property=\"og:locale\" content=\"de_DE\" \/>\n<meta property=\"og:type\" content=\"article\" \/>\n<meta property=\"og:title\" content=\"Angular \u2013 Moderne Webanwendungen entwickeln - &lt;hi\/coders&gt;\" \/>\n<meta property=\"og:description\" content=\"Die Anzahl der aktiven Internetnutzer steigt weltweit. Cloud-Technologien und technologische Entwicklungen wie Virtualisierung, k\u00fcnstliche Intelligenz oder andere Web-Technologien sind f\u00fcr End-User attraktiv. Unternehmen, die attraktiv und auf dem neusten Stand bleiben m\u00f6chten, m\u00fcssen daher ein immer gr\u00f6sseres Leistungsspektrum abdecken. Daf\u00fcr braucht es laufend mehr qualifizierte IT-Arbeitskr\u00e4fte.\" \/>\n<meta property=\"og:url\" content=\"https:\/\/hicoders.ch\/de\/angular-moderne-webanwendungen-entwickeln\/\" \/>\n<meta property=\"og:site_name\" content=\"&lt;hi\/coders&gt;\" \/>\n<meta property=\"article:publisher\" content=\"https:\/\/facebook.com\/hicodersche\" \/>\n<meta property=\"article:modified_time\" content=\"2025-11-17T15:35:04+00:00\" \/>\n<meta name=\"twitter:card\" content=\"summary_large_image\" \/>\n<meta name=\"twitter:label1\" content=\"Gesch\u00e4tzte Lesezeit\" \/>\n\t<meta name=\"twitter:data1\" content=\"5\u00a0Minuten\" \/>\n<script type=\"application\/ld+json\" class=\"yoast-schema-graph\">{\"@context\":\"https:\/\/schema.org\",\"@graph\":[{\"@type\":\"WebPage\",\"@id\":\"https:\/\/hicoders.ch\/de\/angular-moderne-webanwendungen-entwickeln\/\",\"url\":\"https:\/\/hicoders.ch\/de\/angular-moderne-webanwendungen-entwickeln\/\",\"name\":\"Angular \u2013 Moderne Webanwendungen entwickeln - &lt;hi\/coders&gt;\",\"isPartOf\":{\"@id\":\"https:\/\/hicoders.ch\/de\/#website\"},\"datePublished\":\"2025-02-10T15:31:50+00:00\",\"dateModified\":\"2025-11-17T15:35:04+00:00\",\"description\":\"Die Anzahl der aktiven Internetnutzer steigt weltweit. Cloud-Technologien und technologische Entwicklungen wie Virtualisierung, k\u00fcnstliche Intelligenz oder andere Web-Technologien sind f\u00fcr End-User attraktiv. Unternehmen, die attraktiv und auf dem neusten Stand bleiben m\u00f6chten, m\u00fcssen daher ein immer gr\u00f6sseres Leistungsspektrum abdecken. Daf\u00fcr braucht es laufend mehr qualifizierte IT-Arbeitskr\u00e4fte.\",\"breadcrumb\":{\"@id\":\"https:\/\/hicoders.ch\/de\/angular-moderne-webanwendungen-entwickeln\/#breadcrumb\"},\"inLanguage\":\"de\",\"potentialAction\":[{\"@type\":\"ReadAction\",\"target\":[\"https:\/\/hicoders.ch\/de\/angular-moderne-webanwendungen-entwickeln\/\"]}]},{\"@type\":\"BreadcrumbList\",\"@id\":\"https:\/\/hicoders.ch\/de\/angular-moderne-webanwendungen-entwickeln\/#breadcrumb\",\"itemListElement\":[{\"@type\":\"ListItem\",\"position\":1,\"name\":\"Home\",\"item\":\"https:\/\/hicoders.ch\/de\/\"},{\"@type\":\"ListItem\",\"position\":2,\"name\":\"Angular \u2013 Moderne Webanwendungen entwickeln\"}]},{\"@type\":\"WebSite\",\"@id\":\"https:\/\/hicoders.ch\/de\/#website\",\"url\":\"https:\/\/hicoders.ch\/de\/\",\"name\":\"HiCoders\",\"description\":\"\u201eLead your IT career\u201c\",\"publisher\":{\"@id\":\"https:\/\/hicoders.ch\/de\/#organization\"},\"potentialAction\":[{\"@type\":\"SearchAction\",\"target\":{\"@type\":\"EntryPoint\",\"urlTemplate\":\"https:\/\/hicoders.ch\/de\/?s={search_term_string}\"},\"query-input\":\"required name=search_term_string\"}],\"inLanguage\":\"de\"},{\"@type\":\"Organization\",\"@id\":\"https:\/\/hicoders.ch\/de\/#organization\",\"name\":\"HiCoders\",\"url\":\"https:\/\/hicoders.ch\/de\/\",\"logo\":{\"@type\":\"ImageObject\",\"inLanguage\":\"de\",\"@id\":\"https:\/\/hicoders.ch\/de\/#\/schema\/logo\/image\/\",\"url\":\"https:\/\/hicoders.ch\/wp-content\/uploads\/2021\/11\/cropped-Instagaram-1-1.png\",\"contentUrl\":\"https:\/\/hicoders.ch\/wp-content\/uploads\/2021\/11\/cropped-Instagaram-1-1.png\",\"width\":512,\"height\":512,\"caption\":\"HiCoders\"},\"image\":{\"@id\":\"https:\/\/hicoders.ch\/de\/#\/schema\/logo\/image\/\"},\"sameAs\":[\"https:\/\/facebook.com\/hicodersche\",\"https:\/\/www.instagram.com\/hicodersch\/\",\"https:\/\/www.linkedin.com\/company\/hicodersch\",\"https:\/\/www.youtube.com\/@hicodersch\"]}]}<\/script>\n<!-- \/ Yoast SEO plugin. -->","yoast_head_json":{"title":"Angular \u2013 Moderne Webanwendungen entwickeln - &lt;hi\/coders&gt;","description":"Die Anzahl der aktiven Internetnutzer steigt weltweit. Cloud-Technologien und technologische Entwicklungen wie Virtualisierung, k\u00fcnstliche Intelligenz oder andere Web-Technologien sind f\u00fcr End-User attraktiv. Unternehmen, die attraktiv und auf dem neusten Stand bleiben m\u00f6chten, m\u00fcssen daher ein immer gr\u00f6sseres Leistungsspektrum abdecken. Daf\u00fcr braucht es laufend mehr qualifizierte IT-Arbeitskr\u00e4fte.","robots":{"index":"index","follow":"follow","max-snippet":"max-snippet:-1","max-image-preview":"max-image-preview:large","max-video-preview":"max-video-preview:-1"},"canonical":"https:\/\/hicoders.ch\/de\/angular-moderne-webanwendungen-entwickeln\/","og_locale":"de_DE","og_type":"article","og_title":"Angular \u2013 Moderne Webanwendungen entwickeln - &lt;hi\/coders&gt;","og_description":"Die Anzahl der aktiven Internetnutzer steigt weltweit. Cloud-Technologien und technologische Entwicklungen wie Virtualisierung, k\u00fcnstliche Intelligenz oder andere Web-Technologien sind f\u00fcr End-User attraktiv. Unternehmen, die attraktiv und auf dem neusten Stand bleiben m\u00f6chten, m\u00fcssen daher ein immer gr\u00f6sseres Leistungsspektrum abdecken. Daf\u00fcr braucht es laufend mehr qualifizierte IT-Arbeitskr\u00e4fte.","og_url":"https:\/\/hicoders.ch\/de\/angular-moderne-webanwendungen-entwickeln\/","og_site_name":"&lt;hi\/coders&gt;","article_publisher":"https:\/\/facebook.com\/hicodersche","article_modified_time":"2025-11-17T15:35:04+00:00","twitter_card":"summary_large_image","twitter_misc":{"Gesch\u00e4tzte Lesezeit":"5\u00a0Minuten"},"schema":{"@context":"https:\/\/schema.org","@graph":[{"@type":"WebPage","@id":"https:\/\/hicoders.ch\/de\/angular-moderne-webanwendungen-entwickeln\/","url":"https:\/\/hicoders.ch\/de\/angular-moderne-webanwendungen-entwickeln\/","name":"Angular \u2013 Moderne Webanwendungen entwickeln - &lt;hi\/coders&gt;","isPartOf":{"@id":"https:\/\/hicoders.ch\/de\/#website"},"datePublished":"2025-02-10T15:31:50+00:00","dateModified":"2025-11-17T15:35:04+00:00","description":"Die Anzahl der aktiven Internetnutzer steigt weltweit. Cloud-Technologien und technologische Entwicklungen wie Virtualisierung, k\u00fcnstliche Intelligenz oder andere Web-Technologien sind f\u00fcr End-User attraktiv. Unternehmen, die attraktiv und auf dem neusten Stand bleiben m\u00f6chten, m\u00fcssen daher ein immer gr\u00f6sseres Leistungsspektrum abdecken. Daf\u00fcr braucht es laufend mehr qualifizierte IT-Arbeitskr\u00e4fte.","breadcrumb":{"@id":"https:\/\/hicoders.ch\/de\/angular-moderne-webanwendungen-entwickeln\/#breadcrumb"},"inLanguage":"de","potentialAction":[{"@type":"ReadAction","target":["https:\/\/hicoders.ch\/de\/angular-moderne-webanwendungen-entwickeln\/"]}]},{"@type":"BreadcrumbList","@id":"https:\/\/hicoders.ch\/de\/angular-moderne-webanwendungen-entwickeln\/#breadcrumb","itemListElement":[{"@type":"ListItem","position":1,"name":"Home","item":"https:\/\/hicoders.ch\/de\/"},{"@type":"ListItem","position":2,"name":"Angular \u2013 Moderne Webanwendungen entwickeln"}]},{"@type":"WebSite","@id":"https:\/\/hicoders.ch\/de\/#website","url":"https:\/\/hicoders.ch\/de\/","name":"HiCoders","description":"\u201eLead your IT career\u201c","publisher":{"@id":"https:\/\/hicoders.ch\/de\/#organization"},"potentialAction":[{"@type":"SearchAction","target":{"@type":"EntryPoint","urlTemplate":"https:\/\/hicoders.ch\/de\/?s={search_term_string}"},"query-input":"required name=search_term_string"}],"inLanguage":"de"},{"@type":"Organization","@id":"https:\/\/hicoders.ch\/de\/#organization","name":"HiCoders","url":"https:\/\/hicoders.ch\/de\/","logo":{"@type":"ImageObject","inLanguage":"de","@id":"https:\/\/hicoders.ch\/de\/#\/schema\/logo\/image\/","url":"https:\/\/hicoders.ch\/wp-content\/uploads\/2021\/11\/cropped-Instagaram-1-1.png","contentUrl":"https:\/\/hicoders.ch\/wp-content\/uploads\/2021\/11\/cropped-Instagaram-1-1.png","width":512,"height":512,"caption":"HiCoders"},"image":{"@id":"https:\/\/hicoders.ch\/de\/#\/schema\/logo\/image\/"},"sameAs":["https:\/\/facebook.com\/hicodersche","https:\/\/www.instagram.com\/hicodersch\/","https:\/\/www.linkedin.com\/company\/hicodersch","https:\/\/www.youtube.com\/@hicodersch"]}]}},"_links":{"self":[{"href":"https:\/\/hicoders.ch\/de\/wp-json\/wp\/v2\/pages\/8376","targetHints":{"allow":["GET"]}}],"collection":[{"href":"https:\/\/hicoders.ch\/de\/wp-json\/wp\/v2\/pages"}],"about":[{"href":"https:\/\/hicoders.ch\/de\/wp-json\/wp\/v2\/types\/page"}],"author":[{"embeddable":true,"href":"https:\/\/hicoders.ch\/de\/wp-json\/wp\/v2\/users\/3"}],"replies":[{"embeddable":true,"href":"https:\/\/hicoders.ch\/de\/wp-json\/wp\/v2\/comments?post=8376"}],"version-history":[{"count":4,"href":"https:\/\/hicoders.ch\/de\/wp-json\/wp\/v2\/pages\/8376\/revisions"}],"predecessor-version":[{"id":8479,"href":"https:\/\/hicoders.ch\/de\/wp-json\/wp\/v2\/pages\/8376\/revisions\/8479"}],"wp:attachment":[{"href":"https:\/\/hicoders.ch\/de\/wp-json\/wp\/v2\/media?parent=8376"}],"curies":[{"name":"wp","href":"https:\/\/api.w.org\/{rel}","templated":true}]}}